{"id":18422,"date":"2026-03-20T20:06:29","date_gmt":"2026-03-20T19:06:29","guid":{"rendered":"https:\/\/parapharmacieenligne.ma\/?post_type=product&#038;p=18422"},"modified":"2026-03-20T20:06:36","modified_gmt":"2026-03-20T19:06:36","slug":"babe-pediatric-gel-de-douche-500-ml","status":"publish","type":"product","link":"https:\/\/parapharmacieenligne.ma\/en\/product\/babe-pediatric-gel-de-douche-500-ml\/","title":{"rendered":"BABE PEDIATRIC GEL DE DOUCHE 500 ML"},"content":{"rendered":"<p>Gel de bain extra doux, id\u00e9al pour nettoyer la peau d\u00e9licate des plus petits au quotidien.<\/p>\n<p>Un gel moussant qui ne pique pas les yeux et assure une hygi\u00e8ne respectueuse du pH de la peau.<\/p>\n<p>Sa formule Syndet offre une hygi\u00e8ne beaucoup plus douce que les gels de bain traditionnels.<\/p>\n<p>Pour cette raison, ce Gel de Bain Extra-doux est particuli\u00e8rement indiqu\u00e9 pour la peau d\u00e9licate des b\u00e9b\u00e9s et des enfants.<\/p>\n<p>Avec un ar\u00f4me tr\u00e8s doux, la peau sera douce, fra\u00eeche et hydrat\u00e9e.<\/p>\n<p>Conseils d&rsquo;utilisation:<\/p>\n<p>Appliquer une noisette de produit sur la main et masser sur le corps de l&rsquo;enfant pr\u00e9alablement humidifi\u00e9 avec de l&rsquo;eau. Une fois que vous avez fait mousser le corps, rincez abondamment \u00e0 l&rsquo;eau.<\/p>","protected":false},"excerpt":{"rendered":"<p>Gel de bain extra doux, id\u00e9al pour nettoyer la peau d\u00e9licate des plus petits au quotidien. Un gel moussant qui ne pique&hellip;<\/p>","protected":false},"featured_media":18421,"comment_status":"open","ping_status":"closed","template":"","meta":[],"product_cat":[87,85,83],"product_tag":[],"yith_product_brand":[146],"class_list":{"0":"post-18422","1":"product","2":"type-product","3":"status-publish","4":"has-post-thumbnail","6":"product_cat-bebe-et-maman","7":"product_cat-soins-corps","8":"product_cat-soins-visage","9":"yith_product_brand-babe","11":"first","12":"instock","13":"sale","14":"shipping-taxable","15":"purchasable","16":"product-type-simple"},"_links":{"self":[{"href":"https:\/\/parapharmacieenligne.ma\/en\/wp-json\/wp\/v2\/product\/18422","targetHints":{"allow":["GET"]}}],"collection":[{"href":"https:\/\/parapharmacieenligne.ma\/en\/wp-json\/wp\/v2\/product"}],"about":[{"href":"https:\/\/parapharmacieenligne.ma\/en\/wp-json\/wp\/v2\/types\/product"}],"replies":[{"embeddable":true,"href":"https:\/\/parapharmacieenligne.ma\/en\/wp-json\/wp\/v2\/comments?post=18422"}],"version-history":[{"count":1,"href":"https:\/\/parapharmacieenligne.ma\/en\/wp-json\/wp\/v2\/product\/18422\/revisions"}],"predecessor-version":[{"id":18423,"href":"https:\/\/parapharmacieenligne.ma\/en\/wp-json\/wp\/v2\/product\/18422\/revisions\/18423"}],"wp:featuredmedia":[{"embeddable":true,"href":"https:\/\/parapharmacieenligne.ma\/en\/wp-json\/wp\/v2\/media\/18421"}],"wp:attachment":[{"href":"https:\/\/parapharmacieenligne.ma\/en\/wp-json\/wp\/v2\/media?parent=18422"}],"wp:term":[{"taxonomy":"product_cat","embeddable":true,"href":"https:\/\/parapharmacieenligne.ma\/en\/wp-json\/wp\/v2\/product_cat?post=18422"},{"taxonomy":"product_tag","embeddable":true,"href":"https:\/\/parapharmacieenligne.ma\/en\/wp-json\/wp\/v2\/product_tag?post=18422"},{"taxonomy":"yith_product_brand","embeddable":true,"href":"https:\/\/parapharmacieenligne.ma\/en\/wp-json\/wp\/v2\/yith_product_brand?post=18422"}],"curies":[{"name":"wp","href":"https:\/\/api.w.org\/{rel}","templated":true}]}}