{"id":18437,"date":"2026-03-20T20:23:21","date_gmt":"2026-03-20T19:23:21","guid":{"rendered":"https:\/\/parapharmacieenligne.ma\/?post_type=product&#038;p=18437"},"modified":"2026-03-20T20:23:27","modified_gmt":"2026-03-20T19:23:27","slug":"phyteane-creme-depigmentante-50-ml","status":"publish","type":"product","link":"https:\/\/parapharmacieenligne.ma\/en\/product\/phyteane-creme-depigmentante-50-ml\/","title":{"rendered":"PHYTEANE CREME DEPIGMENTANTE 50 ML"},"content":{"rendered":"<p>La Cr\u00e8me D\u00e9pigmentante Phyteane est la solution id\u00e9ale pour celles et ceux qui souhaitent retrouver un teint lumineux et uniforme. Con\u00e7ue avec des ingr\u00e9dients soigneusement s\u00e9lectionn\u00e9s, cette cr\u00e8me cible efficacement les taches pigmentaires, qu&rsquo;elles soient dues \u00e0 l&rsquo;exposition au soleil, au vieillissement ou aux cicatrices d&rsquo;acn\u00e9. Gr\u00e2ce \u00e0 ses agents d\u00e9pigmentants doux mais puissants, elle agit en douceur tout en respectant la sensibilit\u00e9 de votre peau.<\/p>\n<p>L\u2019innovation de Phyteane repose sur une formule enrichie qui harmonise la production de m\u00e9lanine, permettant ainsi de r\u00e9duire visiblement l\u2019apparence des taches brunes et d\u2019autres irr\u00e9gularit\u00e9s cutan\u00e9es. En plus de son action d\u00e9pigmentante, la cr\u00e8me offre une hydratation en profondeur, rendant votre peau non seulement plus uniforme mais \u00e9galement plus douce et \u00e9clatante de sant\u00e9. Sa texture l\u00e9g\u00e8re et non grasse assure une absorption rapide, ce qui la rend parfaite pour une utilisation quotidienne, que ce soit sous votre maquillage ou seule.<\/p>\n<p>Pour optimiser les r\u00e9sultats, il est conseill\u00e9 d&rsquo;appliquer la cr\u00e8me deux fois par jour, le matin et le soir, sur une peau propre et s\u00e8che. N&rsquo;oubliez pas d&rsquo;int\u00e9grer un \u00e9cran solaire durant la journ\u00e9e pour prot\u00e9ger votre peau des rayons UV, qui peuvent aggraver les taches pigmentaires. Apr\u00e8s quelques semaines d&rsquo;utilisation r\u00e9guli\u00e8re, vous constaterez une nette am\u00e9lioration de l&rsquo;\u00e9clat de votre teint et une r\u00e9duction significative des taches.<\/p>\n<p>Ne laissez plus les imperfections ternir votre \u00e9clat naturel. Adoptez la Cr\u00e8me D\u00e9pigmentante Phyteane et offrez \u00e0 votre peau la luminosit\u00e9 qu&rsquo;elle m\u00e9rite.<\/p>\n<p>Conseils d&rsquo;utilisation :<\/p>\n<p>Appliquez matin et soir sur une peau propre et s\u00e8che.<br \/>\nMassez d\u00e9licatement jusqu&rsquo;\u00e0 absorption compl\u00e8te.<br \/>\nUtilisez un \u00e9cran solaire pendant la journ\u00e9e pour prot\u00e9ger votre peau.<\/p>","protected":false},"excerpt":{"rendered":"<p>La Cr\u00e8me D\u00e9pigmentante Phyteane est la solution id\u00e9ale pour celles et ceux qui souhaitent retrouver un teint lumineux et uniforme. Con\u00e7ue avec&hellip;<\/p>","protected":false},"featured_media":18436,"comment_status":"open","ping_status":"closed","template":"","meta":[],"product_cat":[83],"product_tag":[],"yith_product_brand":[153],"class_list":{"0":"post-18437","1":"product","2":"type-product","3":"status-publish","4":"has-post-thumbnail","6":"product_cat-soins-visage","7":"yith_product_brand-phyteane","9":"first","10":"instock","11":"sale","12":"shipping-taxable","13":"purchasable","14":"product-type-simple"},"_links":{"self":[{"href":"https:\/\/parapharmacieenligne.ma\/en\/wp-json\/wp\/v2\/product\/18437","targetHints":{"allow":["GET"]}}],"collection":[{"href":"https:\/\/parapharmacieenligne.ma\/en\/wp-json\/wp\/v2\/product"}],"about":[{"href":"https:\/\/parapharmacieenligne.ma\/en\/wp-json\/wp\/v2\/types\/product"}],"replies":[{"embeddable":true,"href":"https:\/\/parapharmacieenligne.ma\/en\/wp-json\/wp\/v2\/comments?post=18437"}],"version-history":[{"count":1,"href":"https:\/\/parapharmacieenligne.ma\/en\/wp-json\/wp\/v2\/product\/18437\/revisions"}],"predecessor-version":[{"id":18438,"href":"https:\/\/parapharmacieenligne.ma\/en\/wp-json\/wp\/v2\/product\/18437\/revisions\/18438"}],"wp:featuredmedia":[{"embeddable":true,"href":"https:\/\/parapharmacieenligne.ma\/en\/wp-json\/wp\/v2\/media\/18436"}],"wp:attachment":[{"href":"https:\/\/parapharmacieenligne.ma\/en\/wp-json\/wp\/v2\/media?parent=18437"}],"wp:term":[{"taxonomy":"product_cat","embeddable":true,"href":"https:\/\/parapharmacieenligne.ma\/en\/wp-json\/wp\/v2\/product_cat?post=18437"},{"taxonomy":"product_tag","embeddable":true,"href":"https:\/\/parapharmacieenligne.ma\/en\/wp-json\/wp\/v2\/product_tag?post=18437"},{"taxonomy":"yith_product_brand","embeddable":true,"href":"https:\/\/parapharmacieenligne.ma\/en\/wp-json\/wp\/v2\/yith_product_brand?post=18437"}],"curies":[{"name":"wp","href":"https:\/\/api.w.org\/{rel}","templated":true}]}}