{"id":18455,"date":"2026-03-20T20:24:36","date_gmt":"2026-03-20T19:24:36","guid":{"rendered":"https:\/\/parapharmacieenligne.ma\/?post_type=product&#038;p=18455"},"modified":"2026-03-20T20:24:41","modified_gmt":"2026-03-20T19:24:41","slug":"phyteane-gel-nettoyant-surgras-200-ml","status":"publish","type":"product","link":"https:\/\/parapharmacieenligne.ma\/en\/product\/phyteane-gel-nettoyant-surgras-200-ml\/","title":{"rendered":"PHYTEANE GEL NETTOYANT SURGRAS 200 ML"},"content":{"rendered":"<p>Gr\u00e2ce \u00e0 sa formule enrichie en agents nettoyants doux, ce gel surgras contient des actifs hydratants et nourrissants comme la glyc\u00e9rine et les extraits d\u2019aloe vera. Ces ingr\u00e9dients offrent un nettoyage tout en douceur, laissant votre peau fra\u00eeche, apais\u00e9e et sans sensation de tiraillement. Parfait pour les peaux sensibles, il est id\u00e9al pour un usage quotidien.<\/p>\n<p>Sa texture cr\u00e9meuse et l\u00e9g\u00e8re cr\u00e9e une mousse d\u00e9licate qui enveloppe la peau d\u2019un confort unique, tout en pr\u00e9servant son hydratation naturelle. Apr\u00e8s chaque utilisation, votre peau est visiblement plus douce, hydrat\u00e9e et \u00e9clatante, pr\u00eate \u00e0 affronter les agressions ext\u00e9rieures.<\/p>\n<p>Adoptez le Gel Nettoyant Surgras PHYTEANE dans votre routine de soin et d\u00e9couvrez une solution efficace pour maintenir une peau saine et \u00e9quilibr\u00e9e jour apr\u00e8s jour.<\/p>\n<p>Composition<\/p>\n<p>Aqua\/Water, Sodium laureth sulfate, Cocamidopropyl betaine, Glyceryl oleate, Coco glucoside, Propylene glycol, Glycerin, Sodium chloride, Sodium benzoate, Potassium sorbate, Tetrasodium EDTA, Parfum\/Fragrance, Xanthan gum, BHT, Methylisothiazolinone, Dodecyl p-Cresol, Niacinamide, Saccharin sodium, Aloe barbadensis leaf extract, CI 42090.<\/p>\n<p>Conseils d&rsquo;utilisation<br \/>\nAppliquez une petite quantit\u00e9 de gel nettoyant sur une peau pr\u00e9alablement humidifi\u00e9e.<br \/>\nMassez d\u00e9licatement en effectuant des mouvements circulaires pour \u00e9liminer les impuret\u00e9s.<br \/>\nRincez abondamment \u00e0 l&rsquo;eau ti\u00e8de.<br \/>\nUtilisez matin et soir pour des r\u00e9sultats optimaux.<\/p>","protected":false},"excerpt":{"rendered":"<p>Gr\u00e2ce \u00e0 sa formule enrichie en agents nettoyants doux, ce gel surgras contient des actifs hydratants et nourrissants comme la glyc\u00e9rine et&hellip;<\/p>","protected":false},"featured_media":18454,"comment_status":"open","ping_status":"closed","template":"","meta":[],"product_cat":[83],"product_tag":[],"yith_product_brand":[153],"class_list":{"0":"post-18455","1":"product","2":"type-product","3":"status-publish","4":"has-post-thumbnail","6":"product_cat-soins-visage","7":"yith_product_brand-phyteane","9":"first","10":"instock","11":"sale","12":"shipping-taxable","13":"purchasable","14":"product-type-simple"},"_links":{"self":[{"href":"https:\/\/parapharmacieenligne.ma\/en\/wp-json\/wp\/v2\/product\/18455","targetHints":{"allow":["GET"]}}],"collection":[{"href":"https:\/\/parapharmacieenligne.ma\/en\/wp-json\/wp\/v2\/product"}],"about":[{"href":"https:\/\/parapharmacieenligne.ma\/en\/wp-json\/wp\/v2\/types\/product"}],"replies":[{"embeddable":true,"href":"https:\/\/parapharmacieenligne.ma\/en\/wp-json\/wp\/v2\/comments?post=18455"}],"version-history":[{"count":1,"href":"https:\/\/parapharmacieenligne.ma\/en\/wp-json\/wp\/v2\/product\/18455\/revisions"}],"predecessor-version":[{"id":18456,"href":"https:\/\/parapharmacieenligne.ma\/en\/wp-json\/wp\/v2\/product\/18455\/revisions\/18456"}],"wp:featuredmedia":[{"embeddable":true,"href":"https:\/\/parapharmacieenligne.ma\/en\/wp-json\/wp\/v2\/media\/18454"}],"wp:attachment":[{"href":"https:\/\/parapharmacieenligne.ma\/en\/wp-json\/wp\/v2\/media?parent=18455"}],"wp:term":[{"taxonomy":"product_cat","embeddable":true,"href":"https:\/\/parapharmacieenligne.ma\/en\/wp-json\/wp\/v2\/product_cat?post=18455"},{"taxonomy":"product_tag","embeddable":true,"href":"https:\/\/parapharmacieenligne.ma\/en\/wp-json\/wp\/v2\/product_tag?post=18455"},{"taxonomy":"yith_product_brand","embeddable":true,"href":"https:\/\/parapharmacieenligne.ma\/en\/wp-json\/wp\/v2\/yith_product_brand?post=18455"}],"curies":[{"name":"wp","href":"https:\/\/api.w.org\/{rel}","templated":true}]}}