{"id":18502,"date":"2026-03-20T21:26:35","date_gmt":"2026-03-20T20:26:35","guid":{"rendered":"https:\/\/parapharmacieenligne.ma\/?post_type=product&#038;p=18502"},"modified":"2026-03-20T21:26:40","modified_gmt":"2026-03-20T20:26:40","slug":"neutrogena-lippenpfleg-stick-levres","status":"publish","type":"product","link":"https:\/\/parapharmacieenligne.ma\/en\/product\/neutrogena-lippenpfleg-stick-levres\/","title":{"rendered":"NEUTROGENA LIPPENPFLEG STICK LEVRES"},"content":{"rendered":"<p>Ce stick \u00e0 l\u00e8vres est un v\u00e9ritable alli\u00e9 au quotidien, par temps froid ou venteux. Il prot\u00e8ge vos l\u00e8vres des intemp\u00e9ries, et des agressions ext\u00e9rieures, pr\u00e9servant ainsi leur beaut\u00e9 naturelle.<\/p>\n<p>Sa texture l\u00e9g\u00e8re et non collante glisse facilement sur les l\u00e8vres, offrant une sensation de confort imm\u00e9diate. Son format pratique et compact vous permet de l&#8217;emporter partout avec vous, pour des l\u00e8vres toujours hydrat\u00e9es et prot\u00e9g\u00e9es.<\/p>\n<p>En choisissant le Stick L\u00e8vres Nutrition FORMULE NORVEGIENNE\u00ae de Neutrogena\u00ae, vous optez pour un soin de qualit\u00e9, test\u00e9 dermatologiquement et respectueux de la sensibilit\u00e9 de vos l\u00e8vres. Dites adieu aux l\u00e8vres s\u00e8ches et gerc\u00e9es, et retrouvez des l\u00e8vres douces, lisses et \u00e9clatantes de sant\u00e9.<\/p>\n<p>Protection contre les Agressions Ext\u00e9rieures<\/p>\n<p>En plus de ses propri\u00e9t\u00e9s hydratantes, le Stick L\u00e8vres Nutrition renforce le film lipidique des l\u00e8vres, les prot\u00e9geant ainsi des agressions ext\u00e9rieures telles que le froid, le vent ou la pollution. Cette barri\u00e8re protectrice aide \u00e0 pr\u00e9venir le dess\u00e8chement et les ger\u00e7ures, assurant des l\u00e8vres saines tout au long de l&rsquo;ann\u00e9e. <\/p>\n<p>Composition <\/p>\n<p>Hydrogenated Polyisobutene, Synthetic Wax, Polyisobutene, Polyglyceryl-3 Diisostearate, Cera Microstallina, Caprylic\/Capric Triglyceride, Copernicia Cerifera Cera, Disteardimonium Hectorite, Tocopheryl Acetate, Butyrospermum, Parkii Butter, Prunus Amygdalus Dulcis Oil, Persea Gratissima Oil, Glycerin, Alcohol, Aqua, Tocopherol, Parfum<\/p>\n<p>Conseils d&rsquo;Utilisation<\/p>\n<p>Appliquez le Stick L\u00e8vres Nutrition d\u00e8s que vos l\u00e8vres sont dess\u00e9ch\u00e9es ou ab\u00eem\u00e9es. Il est particuli\u00e8rement recommand\u00e9 pendant les p\u00e9riodes de froid intense ou dans des environnements secs.<\/p>\n<p>Appliquez le baume sur vos l\u00e8vres une \u00e0 plusieurs fois par jour, selon vos besoins. Pour une protection optimale, n&rsquo;h\u00e9sitez pas \u00e0 renouveler l&rsquo;application apr\u00e8s avoir mang\u00e9 ou bu.<\/p>","protected":false},"excerpt":{"rendered":"<p>Ce stick \u00e0 l\u00e8vres est un v\u00e9ritable alli\u00e9 au quotidien, par temps froid ou venteux. Il prot\u00e8ge vos l\u00e8vres des intemp\u00e9ries, et&hellip;<\/p>","protected":false},"featured_media":18501,"comment_status":"open","ping_status":"closed","template":"","meta":[],"product_cat":[83],"product_tag":[],"yith_product_brand":[103],"class_list":{"0":"post-18502","1":"product","2":"type-product","3":"status-publish","4":"has-post-thumbnail","6":"product_cat-soins-visage","7":"yith_product_brand-neutrogena","9":"first","10":"instock","11":"sale","12":"shipping-taxable","13":"purchasable","14":"product-type-simple"},"_links":{"self":[{"href":"https:\/\/parapharmacieenligne.ma\/en\/wp-json\/wp\/v2\/product\/18502","targetHints":{"allow":["GET"]}}],"collection":[{"href":"https:\/\/parapharmacieenligne.ma\/en\/wp-json\/wp\/v2\/product"}],"about":[{"href":"https:\/\/parapharmacieenligne.ma\/en\/wp-json\/wp\/v2\/types\/product"}],"replies":[{"embeddable":true,"href":"https:\/\/parapharmacieenligne.ma\/en\/wp-json\/wp\/v2\/comments?post=18502"}],"version-history":[{"count":1,"href":"https:\/\/parapharmacieenligne.ma\/en\/wp-json\/wp\/v2\/product\/18502\/revisions"}],"predecessor-version":[{"id":18503,"href":"https:\/\/parapharmacieenligne.ma\/en\/wp-json\/wp\/v2\/product\/18502\/revisions\/18503"}],"wp:featuredmedia":[{"embeddable":true,"href":"https:\/\/parapharmacieenligne.ma\/en\/wp-json\/wp\/v2\/media\/18501"}],"wp:attachment":[{"href":"https:\/\/parapharmacieenligne.ma\/en\/wp-json\/wp\/v2\/media?parent=18502"}],"wp:term":[{"taxonomy":"product_cat","embeddable":true,"href":"https:\/\/parapharmacieenligne.ma\/en\/wp-json\/wp\/v2\/product_cat?post=18502"},{"taxonomy":"product_tag","embeddable":true,"href":"https:\/\/parapharmacieenligne.ma\/en\/wp-json\/wp\/v2\/product_tag?post=18502"},{"taxonomy":"yith_product_brand","embeddable":true,"href":"https:\/\/parapharmacieenligne.ma\/en\/wp-json\/wp\/v2\/yith_product_brand?post=18502"}],"curies":[{"name":"wp","href":"https:\/\/api.w.org\/{rel}","templated":true}]}}