{"id":18505,"date":"2026-03-20T21:26:48","date_gmt":"2026-03-20T20:26:48","guid":{"rendered":"https:\/\/parapharmacieenligne.ma\/?post_type=product&#038;p=18505"},"modified":"2026-03-20T21:26:55","modified_gmt":"2026-03-20T20:26:55","slug":"neutrogena-contour-des-yeux-anti-age-retinol-boost-15-ml","status":"publish","type":"product","link":"https:\/\/parapharmacieenligne.ma\/en\/product\/neutrogena-contour-des-yeux-anti-age-retinol-boost-15-ml\/","title":{"rendered":"NEUTROGENA CONTOUR DES YEUX ANTI AGE RETINOL BOOST 15 ML"},"content":{"rendered":"<p>L&rsquo;association du r\u00e9tinol et de l&rsquo;extrait de myrte d\u00e9cuple l&rsquo;efficacit\u00e9 de la formule. Tandis que le r\u00e9tinol acc\u00e9l\u00e8re le renouvellement cellulaire, l&rsquo;extrait de plante de myrte vient renforcer ses bienfaits, offrant un soin complet pour le contour des yeux. De plus, l&rsquo;acide hyaluronique, reconnu pour ses propri\u00e9t\u00e9s hydratantes, assure une hydratation intense et durable, gardant la peau souple et douce tout au long de la journ\u00e9e.<\/p>\n<p>Ce soin contour des yeux est formul\u00e9 sans parfum, id\u00e9al pour les peaux sensibles. Son application est facile : appliquez simplement trois petites gouttes sous chaque \u0153il, une fois par jour, en tapotant d\u00e9licatement. Il est important de l\u2019utiliser en compl\u00e9ment d&rsquo;une cr\u00e8me solaire, car le r\u00e9tinol peut augmenter la sensibilit\u00e9 de la peau au soleil.<\/p>\n<p>Composition<\/p>\n<p>Aqua, t\u00e9tra\u00e9thylhexanoate de penta\u00e9rythrityle, dim\u00e9thicone, glyc\u00e9rine, \u00e9ther st\u00e9arylique PPG-15, alcool st\u00e9arylique, alcool c\u00e9t\u00e9arylique, butyl\u00e8ne glycol, c\u00e9t\u00e9areth-20, isohexad\u00e9cane, r\u00e9tinol, extrait de feuille de Myrtus Communis hydrolys\u00e9, triglyc\u00e9ride caprylique\/caprique, \u00e9thylhexylglyc\u00e9rine, hyaluronate de sodium, caprylyl glycol, polyacrylamide, cellulose, isoparaffine C13-14, laureth-7, polym\u00e8re crois\u00e9 de dim\u00e9thicone, copolym\u00e8re d&rsquo;acryloyldim\u00e9thyltaurate d&rsquo;ammonium\/VP EDTA disodique, hydroxyde de sodium, BHT, acide ascorbique, ph\u00e9noxy\u00e9thanol, chlorph\u00e9n\u00e9sine.<\/p>\n<p>Conseils d\u2019utilisation <\/p>\n<p>Pour les nouveaux utilisateurs de r\u00e9tinol, introduisez-le progressivement dans votre routine. Appliquez-le 2 \u00e0 3 fois par semaine pendant les trois premi\u00e8res semaines, puis augmentez \u00e0 une application quotidienne selon la tol\u00e9rance de votre peau.<\/p>\n<p>Des rougeurs, picotements ou une l\u00e9g\u00e8re desquamation peuvent appara\u00eetre, ces effets sont normaux et indiquent l\u2019efficacit\u00e9 du produit. Si ces signes deviennent inconfortables, r\u00e9duisez la fr\u00e9quence d\u2019utilisation.<\/p>","protected":false},"excerpt":{"rendered":"<p>L&rsquo;association du r\u00e9tinol et de l&rsquo;extrait de myrte d\u00e9cuple l&rsquo;efficacit\u00e9 de la formule. Tandis que le r\u00e9tinol acc\u00e9l\u00e8re le renouvellement cellulaire, l&rsquo;extrait&hellip;<\/p>","protected":false},"featured_media":18504,"comment_status":"open","ping_status":"closed","template":"","meta":[],"product_cat":[83],"product_tag":[],"yith_product_brand":[103],"class_list":{"0":"post-18505","1":"product","2":"type-product","3":"status-publish","4":"has-post-thumbnail","6":"product_cat-soins-visage","7":"yith_product_brand-neutrogena","9":"first","10":"instock","11":"sale","12":"shipping-taxable","13":"purchasable","14":"product-type-simple"},"_links":{"self":[{"href":"https:\/\/parapharmacieenligne.ma\/en\/wp-json\/wp\/v2\/product\/18505","targetHints":{"allow":["GET"]}}],"collection":[{"href":"https:\/\/parapharmacieenligne.ma\/en\/wp-json\/wp\/v2\/product"}],"about":[{"href":"https:\/\/parapharmacieenligne.ma\/en\/wp-json\/wp\/v2\/types\/product"}],"replies":[{"embeddable":true,"href":"https:\/\/parapharmacieenligne.ma\/en\/wp-json\/wp\/v2\/comments?post=18505"}],"version-history":[{"count":1,"href":"https:\/\/parapharmacieenligne.ma\/en\/wp-json\/wp\/v2\/product\/18505\/revisions"}],"predecessor-version":[{"id":18506,"href":"https:\/\/parapharmacieenligne.ma\/en\/wp-json\/wp\/v2\/product\/18505\/revisions\/18506"}],"wp:featuredmedia":[{"embeddable":true,"href":"https:\/\/parapharmacieenligne.ma\/en\/wp-json\/wp\/v2\/media\/18504"}],"wp:attachment":[{"href":"https:\/\/parapharmacieenligne.ma\/en\/wp-json\/wp\/v2\/media?parent=18505"}],"wp:term":[{"taxonomy":"product_cat","embeddable":true,"href":"https:\/\/parapharmacieenligne.ma\/en\/wp-json\/wp\/v2\/product_cat?post=18505"},{"taxonomy":"product_tag","embeddable":true,"href":"https:\/\/parapharmacieenligne.ma\/en\/wp-json\/wp\/v2\/product_tag?post=18505"},{"taxonomy":"yith_product_brand","embeddable":true,"href":"https:\/\/parapharmacieenligne.ma\/en\/wp-json\/wp\/v2\/yith_product_brand?post=18505"}],"curies":[{"name":"wp","href":"https:\/\/api.w.org\/{rel}","templated":true}]}}