{"id":18508,"date":"2026-03-20T21:27:05","date_gmt":"2026-03-20T20:27:05","guid":{"rendered":"https:\/\/parapharmacieenligne.ma\/?post_type=product&#038;p=18508"},"modified":"2026-03-20T21:27:11","modified_gmt":"2026-03-20T20:27:11","slug":"neutrogena-creme-anti-age-retinol-boost-50-ml","status":"publish","type":"product","link":"https:\/\/parapharmacieenligne.ma\/en\/product\/neutrogena-creme-anti-age-retinol-boost-50-ml\/","title":{"rendered":"NEUTROGENA CREME ANTI AGE RETINOL BOOST 50 ML"},"content":{"rendered":"<p>Le r\u00e9tinol, une forme avanc\u00e9e de vitamine A, est reconnu pour sa capacit\u00e9 \u00e0 stimuler la production de collag\u00e8ne et \u00e0 favoriser le renouvellement cellulaire. Cela signifie que votre peau devient plus ferme, plus lisse et visiblement plus jeune au fil du temps. Enrichie d&rsquo;extrait de myrte, cette cr\u00e8me maximise l&rsquo;efficacit\u00e9 du r\u00e9tinol, tandis que l&rsquo;acide hyaluronique hydrate en profondeur et repulpe la peau.<\/p>\n<p>\u00c0 mesure que vous int\u00e9grez ce soin dans votre routine, vous remarquerez une am\u00e9lioration de la texture de votre peau et un teint plus uniforme. Les rides et ridules s\u2019estompent, laissant place \u00e0 une peau saine et rajeunie. Convient \u00e0 tous les types de peau, la cr\u00e8me peut \u00eatre utilis\u00e9e \u00e0 tout moment de la journ\u00e9e.<\/p>\n<p>Composition<\/p>\n<p>Aqua (eau), t\u00e9tra\u00e9thylhexanoate de penta\u00e9rythrityle, dim\u00e9thicone, glyc\u00e9rine, \u00e9ther st\u00e9arylique PPG-15, alcool st\u00e9arylique, alcool c\u00e9t\u00e9arylique, butyl\u00e8ne glycol, c\u00e9t\u00e9areth-20, isohexad\u00e9cane, r\u00e9tinol, extrait de feuille de Myrtus Communis hydrolys\u00e9, triglyc\u00e9ride caprylique\/caprique, \u00e9thylhexylglyc\u00e9rine, hyaluronate de sodium, caprylyl glycol, polyacrylamide, cellulose, isoparaffine C13-14, laureth-7, polym\u00e8re crois\u00e9 de dim\u00e9thicone, copolym\u00e8re d&rsquo;acryloyldim\u00e9thyltaurate d&rsquo;ammonium\/VP, EDTA disodique, hydroxyde de sodium, BHT, acide ascorbique, ph\u00e9noxy\u00e9thanol, chlorph\u00e9n\u00e9sine, parfum (parfum).<\/p>\n<p>Conseils d\u2019utilisation<\/p>\n<p>Pour profiter pleinement des bienfaits de la cr\u00e8me, appliquez 2 pompes dans le creux de votre main et massez d\u00e9licatement sur le visage et le cou, de jour comme de nuit. N&rsquo;oubliez pas d&rsquo;utiliser une cr\u00e8me solaire, car le r\u00e9tinol peut augmenter la sensibilit\u00e9 au soleil.<\/p>\n<p>Si vous \u00eates nouveau dans l&rsquo;utilisation du r\u00e9tinol, introduisez-le progressivement dans votre routine. Pendant les trois premi\u00e8res semaines, appliquez-le 2 \u00e0 3 fois par semaine et passez \u00e0 une application nocturne si votre peau le tol\u00e8re. Notez que des rougeurs ou des picotements peuvent survenir, mais ce sont des signes normaux indiquant que la formule agit. Si ces effets persistent ou provoquent une g\u00eane, r\u00e9duisez la fr\u00e9quence d&rsquo;utilisation.<\/p>\n<p>Pr\u00e9cautions<\/p>\n<p>\u00c9vitez le contact avec les yeux et fermez toujours le bouchon de la bouteille en position \u00ab ferm\u00e9 \u00bb lorsque vous ne l&rsquo;utilisez pas.<\/p>","protected":false},"excerpt":{"rendered":"<p>Le r\u00e9tinol, une forme avanc\u00e9e de vitamine A, est reconnu pour sa capacit\u00e9 \u00e0 stimuler la production de collag\u00e8ne et \u00e0 favoriser&hellip;<\/p>","protected":false},"featured_media":18507,"comment_status":"open","ping_status":"closed","template":"","meta":[],"product_cat":[83],"product_tag":[],"yith_product_brand":[103],"class_list":{"0":"post-18508","1":"product","2":"type-product","3":"status-publish","4":"has-post-thumbnail","6":"product_cat-soins-visage","7":"yith_product_brand-neutrogena","9":"first","10":"instock","11":"sale","12":"shipping-taxable","13":"purchasable","14":"product-type-simple"},"_links":{"self":[{"href":"https:\/\/parapharmacieenligne.ma\/en\/wp-json\/wp\/v2\/product\/18508","targetHints":{"allow":["GET"]}}],"collection":[{"href":"https:\/\/parapharmacieenligne.ma\/en\/wp-json\/wp\/v2\/product"}],"about":[{"href":"https:\/\/parapharmacieenligne.ma\/en\/wp-json\/wp\/v2\/types\/product"}],"replies":[{"embeddable":true,"href":"https:\/\/parapharmacieenligne.ma\/en\/wp-json\/wp\/v2\/comments?post=18508"}],"version-history":[{"count":1,"href":"https:\/\/parapharmacieenligne.ma\/en\/wp-json\/wp\/v2\/product\/18508\/revisions"}],"predecessor-version":[{"id":18509,"href":"https:\/\/parapharmacieenligne.ma\/en\/wp-json\/wp\/v2\/product\/18508\/revisions\/18509"}],"wp:featuredmedia":[{"embeddable":true,"href":"https:\/\/parapharmacieenligne.ma\/en\/wp-json\/wp\/v2\/media\/18507"}],"wp:attachment":[{"href":"https:\/\/parapharmacieenligne.ma\/en\/wp-json\/wp\/v2\/media?parent=18508"}],"wp:term":[{"taxonomy":"product_cat","embeddable":true,"href":"https:\/\/parapharmacieenligne.ma\/en\/wp-json\/wp\/v2\/product_cat?post=18508"},{"taxonomy":"product_tag","embeddable":true,"href":"https:\/\/parapharmacieenligne.ma\/en\/wp-json\/wp\/v2\/product_tag?post=18508"},{"taxonomy":"yith_product_brand","embeddable":true,"href":"https:\/\/parapharmacieenligne.ma\/en\/wp-json\/wp\/v2\/yith_product_brand?post=18508"}],"curies":[{"name":"wp","href":"https:\/\/api.w.org\/{rel}","templated":true}]}}