{"id":18511,"date":"2026-03-20T21:27:19","date_gmt":"2026-03-20T20:27:19","guid":{"rendered":"https:\/\/parapharmacieenligne.ma\/?post_type=product&#038;p=18511"},"modified":"2026-03-20T21:27:24","modified_gmt":"2026-03-20T20:27:24","slug":"neutrogena-hydro-boost-serum-ultra-hydratant-30ml","status":"publish","type":"product","link":"https:\/\/parapharmacieenligne.ma\/en\/product\/neutrogena-hydro-boost-serum-ultra-hydratant-30ml\/","title":{"rendered":"NEUTROGENA HYDRO BOOST SERUM ULTRA HYDRATANT 30ML"},"content":{"rendered":"<p>Ce s\u00e9rum \u00e0 la texture ultra-l\u00e9g\u00e8re et \u00e0 absorption rapide est enrichi en acide hyaluronique, reconnu pour sa capacit\u00e9 exceptionnelle \u00e0 capter et retenir l\u2019eau. Il est \u00e9galement renforc\u00e9 par des Facteurs Naturels d\u2019Hydratation (NMF), naturellement pr\u00e9sents dans la peau, tels que :<\/p>\n<p>Des acides amin\u00e9s : renforcent la barri\u00e8re cutan\u00e9e et pr\u00e9viennent la perte d\u2019eau,<\/p>\n<p>Des \u00e9lectrolytes : favorisent une meilleure absorption des actifs hydratants.<\/p>\n<p>D\u00e8s la premi\u00e8re utilisation, 84 % des utilisateurs constatent une peau d\u2019apparence plus saine et lumineuse. Con\u00e7u sans parfum, sans colorant et sans huile, ce soin est non com\u00e9dog\u00e8ne, ce qui le rend parfait pour tous les types de peaux, m\u00eame les plus sensibles.<\/p>\n<p>En int\u00e9grant le S\u00e9rum Neutrogena Hydro Boost dans votre routine quotidienne, vous offrez \u00e0 votre peau une hydratation profonde, une barri\u00e8re cutan\u00e9e renforc\u00e9e et un teint plus frais, jour apr\u00e8s jour. Ce concentr\u00e9 d\u2019efficacit\u00e9 agit comme un vrai shot d\u2019eau pour une peau revitalis\u00e9e, \u00e9clatante et en pleine sant\u00e9.<\/p>\n<p>Conseils d\u2019utilisation:<\/p>\n<p>Appliquer matin et soir sur peau propre et s\u00e8che.<\/p>\n<p>D\u00e9poser quelques gouttes sur le visage et le cou.<\/p>\n<p>Masser d\u00e9licatement jusqu\u2019\u00e0 absorption compl\u00e8te.<\/p>\n<p>Poursuivre avec votre cr\u00e8me hydratante habituelle.<\/p>\n<p>Convient \u00e0 un usage quotidien, seul ou en base de maquillage.<\/p>\n<p>Composition :<\/p>\n<p>Aqua, glyc\u00e9rine, dim\u00e9thicone, butyl\u00e8ne glycol, diheptanoate de n\u00e9opentyl glycol, oct\u00e9nylsuccinate d&rsquo;amidon d&rsquo;aluminium, isodod\u00e9cane, polyacrylate crosspolymer-6, b\u00e9ta\u00efne, caprylyl glycol, \u00e9thylhexylglyc\u00e9rine, pentyl\u00e8ne glycol, olivate de c\u00e9t\u00e9aryle, dim\u00e9thiconol, PCA sodique, olivate de sorbitane, ac\u00e9tate de tocoph\u00e9ryle, fructose, hyaluronate de sodium, lactate de sodium, ur\u00e9e, acide citrique, PCA, hydroxyde de sodium, maltose, s\u00e9rine, alanine, chlorure de sodium, tr\u00e9halose, glycine, alcool t-butylique, allanto\u00efne, acide glutamique, chlorhydrate de lysine, thr\u00e9onine, arginine, glucose, proline, tocoph\u00e9rol.<\/p>","protected":false},"excerpt":{"rendered":"<p>Ce s\u00e9rum \u00e0 la texture ultra-l\u00e9g\u00e8re et \u00e0 absorption rapide est enrichi en acide hyaluronique, reconnu pour sa capacit\u00e9 exceptionnelle \u00e0 capter&hellip;<\/p>","protected":false},"featured_media":18510,"comment_status":"open","ping_status":"closed","template":"","meta":[],"product_cat":[83],"product_tag":[],"yith_product_brand":[103],"class_list":{"0":"post-18511","1":"product","2":"type-product","3":"status-publish","4":"has-post-thumbnail","6":"product_cat-soins-visage","7":"yith_product_brand-neutrogena","9":"first","10":"instock","11":"sale","12":"shipping-taxable","13":"purchasable","14":"product-type-simple"},"_links":{"self":[{"href":"https:\/\/parapharmacieenligne.ma\/en\/wp-json\/wp\/v2\/product\/18511","targetHints":{"allow":["GET"]}}],"collection":[{"href":"https:\/\/parapharmacieenligne.ma\/en\/wp-json\/wp\/v2\/product"}],"about":[{"href":"https:\/\/parapharmacieenligne.ma\/en\/wp-json\/wp\/v2\/types\/product"}],"replies":[{"embeddable":true,"href":"https:\/\/parapharmacieenligne.ma\/en\/wp-json\/wp\/v2\/comments?post=18511"}],"version-history":[{"count":1,"href":"https:\/\/parapharmacieenligne.ma\/en\/wp-json\/wp\/v2\/product\/18511\/revisions"}],"predecessor-version":[{"id":18512,"href":"https:\/\/parapharmacieenligne.ma\/en\/wp-json\/wp\/v2\/product\/18511\/revisions\/18512"}],"wp:featuredmedia":[{"embeddable":true,"href":"https:\/\/parapharmacieenligne.ma\/en\/wp-json\/wp\/v2\/media\/18510"}],"wp:attachment":[{"href":"https:\/\/parapharmacieenligne.ma\/en\/wp-json\/wp\/v2\/media?parent=18511"}],"wp:term":[{"taxonomy":"product_cat","embeddable":true,"href":"https:\/\/parapharmacieenligne.ma\/en\/wp-json\/wp\/v2\/product_cat?post=18511"},{"taxonomy":"product_tag","embeddable":true,"href":"https:\/\/parapharmacieenligne.ma\/en\/wp-json\/wp\/v2\/product_tag?post=18511"},{"taxonomy":"yith_product_brand","embeddable":true,"href":"https:\/\/parapharmacieenligne.ma\/en\/wp-json\/wp\/v2\/yith_product_brand?post=18511"}],"curies":[{"name":"wp","href":"https:\/\/api.w.org\/{rel}","templated":true}]}}