{"id":18517,"date":"2026-03-20T21:27:44","date_gmt":"2026-03-20T20:27:44","guid":{"rendered":"https:\/\/parapharmacieenligne.ma\/?post_type=product&#038;p=18517"},"modified":"2026-03-20T21:27:52","modified_gmt":"2026-03-20T20:27:52","slug":"neutrogena-anti-boutons-serum-quotidien-30ml","status":"publish","type":"product","link":"https:\/\/parapharmacieenligne.ma\/en\/product\/neutrogena-anti-boutons-serum-quotidien-30ml\/","title":{"rendered":"NEUTROGENA ANTI BOUTONS+ SERUM QUOTIDIEN 30ML"},"content":{"rendered":"<p>Sp\u00e9cialement formul\u00e9 pour les peaux \u00e0 tendance acn\u00e9ique, ce s\u00e9rum non gras, non com\u00e9dog\u00e8ne et sans parfum vous offre une solution compl\u00e8te au quotidien.<\/p>\n<p>Sa formule puissante associe acide salicylique et 10 % d\u2019un complexe AHA\/PHA pour une double action :<\/p>\n<p>L\u2019acide salicylique nettoie les pores en profondeur, \u00e9limine les imperfections existantes et pr\u00e9vient l\u2019apparition de nouveaux boutons.<\/p>\n<p>L\u2019acide glycolique (5 %) et l\u2019acide mand\u00e9lique (2,55 %) favorisent le renouvellement cellulaire et am\u00e9liorent visiblement l\u2019\u00e9clat du teint.<\/p>\n<p>Le gluconolactone (2,45 %), un PHA doux, affine le grain de peau sans irriter, m\u00eame les peaux sensibles.<\/p>\n<p>D\u00e8s 1 semaine*, la peau est plus lisse et les marques d\u2019acn\u00e9 s\u2019att\u00e9nuent. Apr\u00e8s 4 semaines, 90 % des utilisateurs ont not\u00e9 une diminution visible des boutons.<\/p>\n<p>Avec son pH doux de 4, ce s\u00e9rum respecte la barri\u00e8re cutan\u00e9e tout en d\u00e9livrant une efficacit\u00e9 maximale. Il p\u00e9n\u00e8tre rapidement sans laisser de film gras, id\u00e9al pour une routine beaut\u00e9 matin et soir.<\/p>\n<p>Faites du S\u00e9rum Anti-Boutons+ Neutrogena un alli\u00e9 quotidien dans votre lutte contre l\u2019acn\u00e9 et les marques persistantes.<\/p>\n<p>Conseils d\u2019utilisation:<\/p>\n<p>Appliquer matin et\/ou soir sur une peau propre et s\u00e8che.<\/p>\n<p>Utiliser quelques gouttes sur le visage entier ou localement.<\/p>\n<p>Masser d\u00e9licatement jusqu&rsquo;\u00e0 absorption compl\u00e8te.<\/p>\n<p>\u00c9viter le contour des yeux.<\/p>\n<p>En cas d\u2019utilisation le matin, appliquer une protection solaire.<\/p>\n<p>Composition :<\/p>\n<p>Aqua, Propylene Glycol, Glycolic Acid, Dimethicone, Sodium Hydroxide, Mandelic Acid, Gluconolactone, Neopentyl Glycol Diheptanoate, Hydroxyethyl Acrylate\/Sodium Acryloyldimethyl Taurate Copolymer, Salicylic Acid, t-Butyl Alcohol, Dimethicone, Crosspolymer, Polyacrylate, Crosspolymer-6, Polysorbate 60, Sorbitan Isostearate, Disodium EDTA.<\/p>","protected":false},"excerpt":{"rendered":"<p>Sp\u00e9cialement formul\u00e9 pour les peaux \u00e0 tendance acn\u00e9ique, ce s\u00e9rum non gras, non com\u00e9dog\u00e8ne et sans parfum vous offre une solution compl\u00e8te&hellip;<\/p>","protected":false},"featured_media":18516,"comment_status":"open","ping_status":"closed","template":"","meta":[],"product_cat":[83],"product_tag":[],"yith_product_brand":[103],"class_list":{"0":"post-18517","1":"product","2":"type-product","3":"status-publish","4":"has-post-thumbnail","6":"product_cat-soins-visage","7":"yith_product_brand-neutrogena","9":"first","10":"instock","11":"sale","12":"shipping-taxable","13":"purchasable","14":"product-type-simple"},"_links":{"self":[{"href":"https:\/\/parapharmacieenligne.ma\/en\/wp-json\/wp\/v2\/product\/18517","targetHints":{"allow":["GET"]}}],"collection":[{"href":"https:\/\/parapharmacieenligne.ma\/en\/wp-json\/wp\/v2\/product"}],"about":[{"href":"https:\/\/parapharmacieenligne.ma\/en\/wp-json\/wp\/v2\/types\/product"}],"replies":[{"embeddable":true,"href":"https:\/\/parapharmacieenligne.ma\/en\/wp-json\/wp\/v2\/comments?post=18517"}],"version-history":[{"count":1,"href":"https:\/\/parapharmacieenligne.ma\/en\/wp-json\/wp\/v2\/product\/18517\/revisions"}],"predecessor-version":[{"id":18518,"href":"https:\/\/parapharmacieenligne.ma\/en\/wp-json\/wp\/v2\/product\/18517\/revisions\/18518"}],"wp:featuredmedia":[{"embeddable":true,"href":"https:\/\/parapharmacieenligne.ma\/en\/wp-json\/wp\/v2\/media\/18516"}],"wp:attachment":[{"href":"https:\/\/parapharmacieenligne.ma\/en\/wp-json\/wp\/v2\/media?parent=18517"}],"wp:term":[{"taxonomy":"product_cat","embeddable":true,"href":"https:\/\/parapharmacieenligne.ma\/en\/wp-json\/wp\/v2\/product_cat?post=18517"},{"taxonomy":"product_tag","embeddable":true,"href":"https:\/\/parapharmacieenligne.ma\/en\/wp-json\/wp\/v2\/product_tag?post=18517"},{"taxonomy":"yith_product_brand","embeddable":true,"href":"https:\/\/parapharmacieenligne.ma\/en\/wp-json\/wp\/v2\/yith_product_brand?post=18517"}],"curies":[{"name":"wp","href":"https:\/\/api.w.org\/{rel}","templated":true}]}}