{"id":18520,"date":"2026-03-20T21:27:59","date_gmt":"2026-03-20T20:27:59","guid":{"rendered":"https:\/\/parapharmacieenligne.ma\/?post_type=product&#038;p=18520"},"modified":"2026-03-20T21:28:08","modified_gmt":"2026-03-20T20:28:08","slug":"neutrogena-anti-boutons-gel-hydratant-50ml","status":"publish","type":"product","link":"https:\/\/parapharmacieenligne.ma\/en\/product\/neutrogena-anti-boutons-gel-hydratant-50ml\/","title":{"rendered":"NEUTROGENA ANTI BOUTONS+ GEL HYDRATANT 50ML"},"content":{"rendered":"<p>Sa formule innovante, d\u00e9velopp\u00e9e avec des dermatologues, associe 4 % de niacinamide et 1 % de panth\u00e9nol pour une double action cibl\u00e9e :<\/p>\n<p>La niacinamide est reconnue pour ses propri\u00e9t\u00e9s apaisantes, anti-inflammatoires et unifiantes. Elle r\u00e9duit les rougeurs, lisse le grain de peau et favorise un teint \u00e9clatant.<\/p>\n<p>Le panth\u00e9nol, ou provitamine B5, hydrate intens\u00e9ment tout en calmant les irritations et en renfor\u00e7ant la barri\u00e8re cutan\u00e9e.<\/p>\n<p>Avec son pH physiologique de 5,5, ce gel respecte parfaitement l\u2019\u00e9quilibre naturel de la peau, offrant une hydratation efficace sans agresser ni obstruer les pores. Sa texture l\u00e9g\u00e8re, sans parfum, sans colorant et non com\u00e9dog\u00e8ne convient m\u00eame aux peaux les plus sensibles.<\/p>\n<p>R\u00e9sultat : la peau est apais\u00e9e, moins r\u00e9active, souple et parfaitement hydrat\u00e9e, sans effet gras. En l&rsquo;int\u00e9grant \u00e0 votre routine, vous offrez \u00e0 votre peau l&rsquo;hydratation r\u00e9paratrice qu&rsquo;elle m\u00e9rite, tout en l\u2019aidant \u00e0 mieux tol\u00e9rer les traitements cibl\u00e9s contre l\u2019acn\u00e9.<\/p>\n<p>Conseils d\u2019utilisation<\/p>\n<p>Appliquer matin et\/ou soir sur une peau propre et s\u00e8che.<\/p>\n<p>Pr\u00e9lever une noisette de gel et r\u00e9partir uniform\u00e9ment sur le visage.<\/p>\n<p>Masser d\u00e9licatement jusqu\u2019\u00e0 absorption compl\u00e8te.<\/p>\n<p>Peut \u00eatre utilis\u00e9 seul ou apr\u00e8s un s\u00e9rum.<\/p>\n<p>Composition :<\/p>\n<p>Aqua, Glycerin, Dimethicone, Niacinamide, Zea Mays Starch, Panthenol, Polyacrylamide, Phenoxyethanol, Cetearyl Olivate, C13-14 Isoparaffin, Sorbitan Olivate, Caprylyl Glycol, Ethylhexylglycerin, Dimethicone Crosspolymer, Carbomer, Laureth-7, Sodium Hydroxide, Tocopherol<\/p>","protected":false},"excerpt":{"rendered":"<p>Sa formule innovante, d\u00e9velopp\u00e9e avec des dermatologues, associe 4 % de niacinamide et 1 % de panth\u00e9nol pour une double action cibl\u00e9e&hellip;<\/p>","protected":false},"featured_media":18519,"comment_status":"open","ping_status":"closed","template":"","meta":[],"product_cat":[83],"product_tag":[],"yith_product_brand":[103],"class_list":{"0":"post-18520","1":"product","2":"type-product","3":"status-publish","4":"has-post-thumbnail","6":"product_cat-soins-visage","7":"yith_product_brand-neutrogena","9":"first","10":"instock","11":"sale","12":"shipping-taxable","13":"purchasable","14":"product-type-simple"},"_links":{"self":[{"href":"https:\/\/parapharmacieenligne.ma\/en\/wp-json\/wp\/v2\/product\/18520","targetHints":{"allow":["GET"]}}],"collection":[{"href":"https:\/\/parapharmacieenligne.ma\/en\/wp-json\/wp\/v2\/product"}],"about":[{"href":"https:\/\/parapharmacieenligne.ma\/en\/wp-json\/wp\/v2\/types\/product"}],"replies":[{"embeddable":true,"href":"https:\/\/parapharmacieenligne.ma\/en\/wp-json\/wp\/v2\/comments?post=18520"}],"version-history":[{"count":1,"href":"https:\/\/parapharmacieenligne.ma\/en\/wp-json\/wp\/v2\/product\/18520\/revisions"}],"predecessor-version":[{"id":18521,"href":"https:\/\/parapharmacieenligne.ma\/en\/wp-json\/wp\/v2\/product\/18520\/revisions\/18521"}],"wp:featuredmedia":[{"embeddable":true,"href":"https:\/\/parapharmacieenligne.ma\/en\/wp-json\/wp\/v2\/media\/18519"}],"wp:attachment":[{"href":"https:\/\/parapharmacieenligne.ma\/en\/wp-json\/wp\/v2\/media?parent=18520"}],"wp:term":[{"taxonomy":"product_cat","embeddable":true,"href":"https:\/\/parapharmacieenligne.ma\/en\/wp-json\/wp\/v2\/product_cat?post=18520"},{"taxonomy":"product_tag","embeddable":true,"href":"https:\/\/parapharmacieenligne.ma\/en\/wp-json\/wp\/v2\/product_tag?post=18520"},{"taxonomy":"yith_product_brand","embeddable":true,"href":"https:\/\/parapharmacieenligne.ma\/en\/wp-json\/wp\/v2\/yith_product_brand?post=18520"}],"curies":[{"name":"wp","href":"https:\/\/api.w.org\/{rel}","templated":true}]}}