{"id":18523,"date":"2026-03-20T21:28:15","date_gmt":"2026-03-20T20:28:15","guid":{"rendered":"https:\/\/parapharmacieenligne.ma\/?post_type=product&#038;p=18523"},"modified":"2026-03-20T21:28:22","modified_gmt":"2026-03-20T20:28:22","slug":"neutrogena-anti-boutons-exfoliant-liquide-125ml","status":"publish","type":"product","link":"https:\/\/parapharmacieenligne.ma\/en\/product\/neutrogena-anti-boutons-exfoliant-liquide-125ml\/","title":{"rendered":"NEUTROGENA ANTI BOUTONS+ EXFOLIANT LIQUIDE 125ML"},"content":{"rendered":"<p>Enrichi \u00e0 7 % d\u2019AHA \u2013 5 % d\u2019acide glycolique et 2 % d\u2019acide citrique \u2013 ce soin agit en profondeur pour :<\/p>\n<p>\u00c9liminer les cellules mortes responsables du teint terne et des imperfections.<\/p>\n<p>Stimuler le renouvellement cellulaire pour une peau plus douce, plus lisse et visiblement plus uniforme.<\/p>\n<p>R\u00e9duire l\u2019exc\u00e8s de s\u00e9bum, cause fr\u00e9quente des \u00e9ruptions cutan\u00e9es.<\/p>\n<p>Sa formule au pH optimal (3,0 \u00e0 4,5) maximise l\u2019efficacit\u00e9 des AHA tout en respectant l\u2019\u00e9quilibre naturel de la peau. Le panth\u00e9nol (0,5 %) vient compl\u00e9ter cette action en apaisant la peau et en renfor\u00e7ant sa barri\u00e8re hydratante.<\/p>\n<p>La texture fluide p\u00e9n\u00e8tre rapidement sans laisser de r\u00e9sidu collant. Ce soin convient \u00e0 toutes les carnations et peut s\u2019int\u00e9grer facilement dans une routine quotidienne.<\/p>\n<p>R\u00e9sultat ? Une peau plus nette, plus lumineuse, des imperfections att\u00e9nu\u00e9es et une texture de peau visiblement affin\u00e9e jour apr\u00e8s jour.<\/p>\n<p>Conseils d\u2019utilisation :<\/p>\n<p>Utilisez 1 fois par jour, de pr\u00e9f\u00e9rence le soir.<\/p>\n<p>Appliquez quelques gouttes sur un coton ou directement avec les doigts sur une peau propre et s\u00e8che.<\/p>\n<p>\u00c9vitez le contour des yeux.<\/p>\n<p>Ne pas rincer. Appliquer ensuite une cr\u00e8me hydratante adapt\u00e9e.<\/p>\n<p>Utilisez un \u00e9cran solaire le matin, car les AHA peuvent rendre la peau plus sensible au soleil.<\/p>\n<p>Composition :<\/p>\n<p>Aqua, Glycerin, Glycolic Acid, Butylene Glycol, Polysorbate 20, Sodium Hydroxide, Citric Acid, Sodium Benzoate, Panthenol, C12-15 Alkyl Lactate, Cocamidopropyl PG-Dimonium Chloride Phosphate, Disodium EDTA, Sodium Chloride<\/p>","protected":false},"excerpt":{"rendered":"<p>Enrichi \u00e0 7 % d\u2019AHA \u2013 5 % d\u2019acide glycolique et 2 % d\u2019acide citrique \u2013 ce soin agit en profondeur pour&hellip;<\/p>","protected":false},"featured_media":18522,"comment_status":"open","ping_status":"closed","template":"","meta":[],"product_cat":[83],"product_tag":[],"yith_product_brand":[103],"class_list":{"0":"post-18523","1":"product","2":"type-product","3":"status-publish","4":"has-post-thumbnail","6":"product_cat-soins-visage","7":"yith_product_brand-neutrogena","9":"first","10":"instock","11":"sale","12":"shipping-taxable","13":"purchasable","14":"product-type-simple"},"_links":{"self":[{"href":"https:\/\/parapharmacieenligne.ma\/en\/wp-json\/wp\/v2\/product\/18523","targetHints":{"allow":["GET"]}}],"collection":[{"href":"https:\/\/parapharmacieenligne.ma\/en\/wp-json\/wp\/v2\/product"}],"about":[{"href":"https:\/\/parapharmacieenligne.ma\/en\/wp-json\/wp\/v2\/types\/product"}],"replies":[{"embeddable":true,"href":"https:\/\/parapharmacieenligne.ma\/en\/wp-json\/wp\/v2\/comments?post=18523"}],"version-history":[{"count":1,"href":"https:\/\/parapharmacieenligne.ma\/en\/wp-json\/wp\/v2\/product\/18523\/revisions"}],"predecessor-version":[{"id":18524,"href":"https:\/\/parapharmacieenligne.ma\/en\/wp-json\/wp\/v2\/product\/18523\/revisions\/18524"}],"wp:featuredmedia":[{"embeddable":true,"href":"https:\/\/parapharmacieenligne.ma\/en\/wp-json\/wp\/v2\/media\/18522"}],"wp:attachment":[{"href":"https:\/\/parapharmacieenligne.ma\/en\/wp-json\/wp\/v2\/media?parent=18523"}],"wp:term":[{"taxonomy":"product_cat","embeddable":true,"href":"https:\/\/parapharmacieenligne.ma\/en\/wp-json\/wp\/v2\/product_cat?post=18523"},{"taxonomy":"product_tag","embeddable":true,"href":"https:\/\/parapharmacieenligne.ma\/en\/wp-json\/wp\/v2\/product_tag?post=18523"},{"taxonomy":"yith_product_brand","embeddable":true,"href":"https:\/\/parapharmacieenligne.ma\/en\/wp-json\/wp\/v2\/yith_product_brand?post=18523"}],"curies":[{"name":"wp","href":"https:\/\/api.w.org\/{rel}","templated":true}]}}