{"id":18526,"date":"2026-03-20T21:28:29","date_gmt":"2026-03-20T20:28:29","guid":{"rendered":"https:\/\/parapharmacieenligne.ma\/?post_type=product&#038;p=18526"},"modified":"2026-03-20T21:28:34","modified_gmt":"2026-03-20T20:28:34","slug":"neutrogena-stick-levres-spf20","status":"publish","type":"product","link":"https:\/\/parapharmacieenligne.ma\/en\/product\/neutrogena-stick-levres-spf20\/","title":{"rendered":"NEUTROGENA STICK LEVRES SPF20"},"content":{"rendered":"<p>Neutrogena Stick L\u00e8vres SPF20. Stick solaire labial, Indice de Protection IP 20. Formule norv\u00e9gienne hydratant les couches sup\u00e9rieures de la peau et anti dess\u00e9chante, haute protection, anti UVA, anti UVB. Incolore. R\u00e9siste \u00e0 l\u2019eau. Tr\u00e8s efficace pour des expositions solaires importantes ( haute mer, montagne&#8230;) : . l\u00e8vres gerc\u00e9es et dess\u00e9ch\u00e9es, . ch\u00e9ilites ( inflammation des l\u00e8vres ) occasionn\u00e9es par les r\u00e9tino\u00efdes, . protection des cicatrices&#8230; Association aux traitements de l&rsquo;herp\u00e8s solaire. <\/p>\n<p>UTILISATION: <\/p>\n<p>Appliquer sur les l\u00e8vres aussi souvent que nec\u00e9ssaire.<\/p>","protected":false},"excerpt":{"rendered":"<p>Neutrogena Stick L\u00e8vres SPF20. Stick solaire labial, Indice de Protection IP 20. Formule norv\u00e9gienne hydratant les couches sup\u00e9rieures de la peau et&hellip;<\/p>","protected":false},"featured_media":18525,"comment_status":"open","ping_status":"closed","template":"","meta":[],"product_cat":[83],"product_tag":[],"yith_product_brand":[103],"class_list":{"0":"post-18526","1":"product","2":"type-product","3":"status-publish","4":"has-post-thumbnail","6":"product_cat-soins-visage","7":"yith_product_brand-neutrogena","9":"first","10":"instock","11":"sale","12":"shipping-taxable","13":"purchasable","14":"product-type-simple"},"_links":{"self":[{"href":"https:\/\/parapharmacieenligne.ma\/en\/wp-json\/wp\/v2\/product\/18526","targetHints":{"allow":["GET"]}}],"collection":[{"href":"https:\/\/parapharmacieenligne.ma\/en\/wp-json\/wp\/v2\/product"}],"about":[{"href":"https:\/\/parapharmacieenligne.ma\/en\/wp-json\/wp\/v2\/types\/product"}],"replies":[{"embeddable":true,"href":"https:\/\/parapharmacieenligne.ma\/en\/wp-json\/wp\/v2\/comments?post=18526"}],"version-history":[{"count":1,"href":"https:\/\/parapharmacieenligne.ma\/en\/wp-json\/wp\/v2\/product\/18526\/revisions"}],"predecessor-version":[{"id":18527,"href":"https:\/\/parapharmacieenligne.ma\/en\/wp-json\/wp\/v2\/product\/18526\/revisions\/18527"}],"wp:featuredmedia":[{"embeddable":true,"href":"https:\/\/parapharmacieenligne.ma\/en\/wp-json\/wp\/v2\/media\/18525"}],"wp:attachment":[{"href":"https:\/\/parapharmacieenligne.ma\/en\/wp-json\/wp\/v2\/media?parent=18526"}],"wp:term":[{"taxonomy":"product_cat","embeddable":true,"href":"https:\/\/parapharmacieenligne.ma\/en\/wp-json\/wp\/v2\/product_cat?post=18526"},{"taxonomy":"product_tag","embeddable":true,"href":"https:\/\/parapharmacieenligne.ma\/en\/wp-json\/wp\/v2\/product_tag?post=18526"},{"taxonomy":"yith_product_brand","embeddable":true,"href":"https:\/\/parapharmacieenligne.ma\/en\/wp-json\/wp\/v2\/yith_product_brand?post=18526"}],"curies":[{"name":"wp","href":"https:\/\/api.w.org\/{rel}","templated":true}]}}