{"id":18532,"date":"2026-03-20T21:28:55","date_gmt":"2026-03-20T20:28:55","guid":{"rendered":"https:\/\/parapharmacieenligne.ma\/?post_type=product&#038;p=18532"},"modified":"2026-03-20T21:29:01","modified_gmt":"2026-03-20T20:29:01","slug":"neutrogena-hydro-boodt-gel-creme-peau-seche-50ml","status":"publish","type":"product","link":"https:\/\/parapharmacieenligne.ma\/en\/product\/neutrogena-hydro-boodt-gel-creme-peau-seche-50ml\/","title":{"rendered":"NEUTROGENA HYDRO BOODT GEL CREME PEAU SECHE 50ML"},"content":{"rendered":"<p>Sa texture gel onctueuse et non grasse p\u00e9n\u00e8tre rapidement sans laisser de film collant, offrant \u00e0 la peau un confort imm\u00e9diat et durable. Ce soin est sp\u00e9cialement con\u00e7u pour r\u00e9pondre aux besoins des peaux s\u00e8ches, sujettes \u00e0 la d\u00e9shydratation, aux tiraillements et \u00e0 la perte d\u2019\u00e9lasticit\u00e9.<\/p>\n<p>Sa formule avanc\u00e9e contient :<\/p>\n<p>20 % d\u2019Acide Hyaluronique : un puissant hydratant qui capte l\u2019eau dans les cellules cutan\u00e9es<\/p>\n<p>Acides amin\u00e9s et \u00e9lectrolytes : pour renforcer la barri\u00e8re cutan\u00e9e<\/p>\n<p>C\u00e9ramides : pour prot\u00e9ger et r\u00e9parer la peau<\/p>\n<p>Ce soin agit comme un bouclier hydratant qui pr\u00e9vient la perte d\u2019eau, tout en lissant visiblement la peau. Non com\u00e9dog\u00e8ne, sans huile et sans parfum, il est id\u00e9al pour les peaux sensibles. D\u00e9velopp\u00e9 avec des dermatologues, il offre une hydratation intelligente et adapt\u00e9e \u00e0 chaque type de s\u00e9cheresse cutan\u00e9e.<\/p>\n<p>En plus d\u2019\u00eatre efficace, ce gel-cr\u00e8me s\u2019inscrit dans une d\u00e9marche \u00e9coresponsable : le pot en verre et le carton sont enti\u00e8rement recyclables.<\/p>\n<p>Adoptez la Hydro Routine par Neutrogena et r\u00e9v\u00e9lez une peau plus douce, souple et \u00e9clatante jour apr\u00e8s jour !<\/p>\n<p>Conseils d\u2019utilisation:<\/p>\n<p>Utilisez matin et\/ou soir sur une peau propre et s\u00e8che.<\/p>\n<p>Pr\u00e9levez une petite quantit\u00e9 de gel-cr\u00e8me.<\/p>\n<p>Appliquez en massant d\u00e9licatement sur le visage et le cou.<\/p>\n<p>Laissez p\u00e9n\u00e9trer avant d\u2019appliquer un \u00e9cran solaire (le matin) ou un soin compl\u00e9mentaire (le soir).<\/p>\n<p>Composition :<\/p>\n<p>Aqua, glyc\u00e9rine, palmitate d&rsquo;isopropyle, alcool c\u00e9tylique, olivate de c\u00e9t\u00e9aryle, olivate de sorbitane, alanine, maltose, glycine, allanto\u00efne, chlorhydrate de lysine, arginine, s\u00e9rine, proline, thr\u00e9onine, \u00e9thylhexylglyc\u00e9rine, pentyl\u00e8ne glycol, c\u00e9ramide NP, tropolone, hyaluronate de sodium, 1,2-hexanediol, caprylyl glycol, tr\u00e9halose, b\u00e9ta\u00efne, ur\u00e9e, fructose, glucose, PCA, PCA sodique, acide glutamique, lactate de sodium, acide palmitique, acide st\u00e9arique<\/p>","protected":false},"excerpt":{"rendered":"<p>Sa texture gel onctueuse et non grasse p\u00e9n\u00e8tre rapidement sans laisser de film collant, offrant \u00e0 la peau un confort imm\u00e9diat et&hellip;<\/p>","protected":false},"featured_media":18531,"comment_status":"open","ping_status":"closed","template":"","meta":[],"product_cat":[83],"product_tag":[],"yith_product_brand":[103],"class_list":{"0":"post-18532","1":"product","2":"type-product","3":"status-publish","4":"has-post-thumbnail","6":"product_cat-soins-visage","7":"yith_product_brand-neutrogena","9":"first","10":"instock","11":"sale","12":"shipping-taxable","13":"purchasable","14":"product-type-simple"},"_links":{"self":[{"href":"https:\/\/parapharmacieenligne.ma\/en\/wp-json\/wp\/v2\/product\/18532","targetHints":{"allow":["GET"]}}],"collection":[{"href":"https:\/\/parapharmacieenligne.ma\/en\/wp-json\/wp\/v2\/product"}],"about":[{"href":"https:\/\/parapharmacieenligne.ma\/en\/wp-json\/wp\/v2\/types\/product"}],"replies":[{"embeddable":true,"href":"https:\/\/parapharmacieenligne.ma\/en\/wp-json\/wp\/v2\/comments?post=18532"}],"version-history":[{"count":1,"href":"https:\/\/parapharmacieenligne.ma\/en\/wp-json\/wp\/v2\/product\/18532\/revisions"}],"predecessor-version":[{"id":18533,"href":"https:\/\/parapharmacieenligne.ma\/en\/wp-json\/wp\/v2\/product\/18532\/revisions\/18533"}],"wp:featuredmedia":[{"embeddable":true,"href":"https:\/\/parapharmacieenligne.ma\/en\/wp-json\/wp\/v2\/media\/18531"}],"wp:attachment":[{"href":"https:\/\/parapharmacieenligne.ma\/en\/wp-json\/wp\/v2\/media?parent=18532"}],"wp:term":[{"taxonomy":"product_cat","embeddable":true,"href":"https:\/\/parapharmacieenligne.ma\/en\/wp-json\/wp\/v2\/product_cat?post=18532"},{"taxonomy":"product_tag","embeddable":true,"href":"https:\/\/parapharmacieenligne.ma\/en\/wp-json\/wp\/v2\/product_tag?post=18532"},{"taxonomy":"yith_product_brand","embeddable":true,"href":"https:\/\/parapharmacieenligne.ma\/en\/wp-json\/wp\/v2\/yith_product_brand?post=18532"}],"curies":[{"name":"wp","href":"https:\/\/api.w.org\/{rel}","templated":true}]}}