{"id":18586,"date":"2026-03-21T22:06:43","date_gmt":"2026-03-21T21:06:43","guid":{"rendered":"https:\/\/parapharmacieenligne.ma\/?post_type=product&#038;p=18586"},"modified":"2026-03-21T22:07:14","modified_gmt":"2026-03-21T21:07:14","slug":"dermaceutic-foamer-15-100-ml","status":"publish","type":"product","link":"https:\/\/parapharmacieenligne.ma\/en\/product\/dermaceutic-foamer-15-100-ml\/","title":{"rendered":"DERMACEUTIC FOAMER 15 -100 ML"},"content":{"rendered":"<p>Dermaceutic Foamer 15 \u00e9limine les impuret\u00e9s et les cellules mortes en laissant la peau lisse et soyeuse.<br \/>\nL&rsquo;acide glycolique favorise le renouvellement cellulaire et r\u00e9v\u00e8le une peau plus jeune. L&rsquo;\u00e9noxolone, issu de la racine de r\u00e9glisse, est connu pour ses propri\u00e9t\u00e9s apaisantes et anti-inflammatoires.<br \/>\nLa glyc\u00e9rine v\u00e9g\u00e9tale hydrate les couches superficielles.<br \/>\nL\u2019huile de coco quaternis\u00e9e moussante, aux propri\u00e9t\u00e9s anti-irritantes, pr\u00e9serve la peau de tout dess\u00e8chement excessif et poss\u00e8de \u00e9galement des vertus antimicrobiennes.<br \/>\nSa formule mousse active permet une utilisation simple et pratique ainsi qu&rsquo;un dosage id\u00e9al. Son pH pr\u00e9serve l&rsquo;\u00e9quilibre naturel de la peau et sa composition adapt\u00e9e permet une p\u00e9n\u00e9tration ma\u00eetris\u00e9e de l\u2019acide glycolique pour un r\u00e9sultat optimal. <\/p>\n<p>Conseils d&rsquo;utilisation :<br \/>\nAppliquer une pression de mousse sur le visage humide.<br \/>\nMasser pendant quelques secondes puis rincer \u00e0 l\u2019eau.<br \/>\nEn cas de picotements excessifs, rincer imm\u00e9diatement \u00e0 l\u2019eau.<br \/>\nAppliquer Hyal Ceutic, soin \u00e0 l&rsquo;acide hyaluronique haute concentration, imm\u00e9diatement apr\u00e8s <\/p>\n<p>COMPOSITION:<br \/>\nAcide glycolique 15%<br \/>\nGlyc\u00e9rine<br \/>\n\u00c9noxolone<br \/>\nHuile de coco<br \/>\nSANS PARFUM<br \/>\nSANS PARABEN<\/p>","protected":false},"excerpt":{"rendered":"<p>Dermaceutic Foamer 15 \u00e9limine les impuret\u00e9s et les cellules mortes en laissant la peau lisse et soyeuse. L&rsquo;acide glycolique favorise le renouvellement&hellip;<\/p>","protected":false},"featured_media":18585,"comment_status":"open","ping_status":"closed","template":"","meta":[],"product_cat":[83],"product_tag":[],"yith_product_brand":[144],"class_list":{"0":"post-18586","1":"product","2":"type-product","3":"status-publish","4":"has-post-thumbnail","6":"product_cat-soins-visage","7":"yith_product_brand-dermaceutic","9":"first","10":"instock","11":"sale","12":"shipping-taxable","13":"purchasable","14":"product-type-simple"},"_links":{"self":[{"href":"https:\/\/parapharmacieenligne.ma\/en\/wp-json\/wp\/v2\/product\/18586","targetHints":{"allow":["GET"]}}],"collection":[{"href":"https:\/\/parapharmacieenligne.ma\/en\/wp-json\/wp\/v2\/product"}],"about":[{"href":"https:\/\/parapharmacieenligne.ma\/en\/wp-json\/wp\/v2\/types\/product"}],"replies":[{"embeddable":true,"href":"https:\/\/parapharmacieenligne.ma\/en\/wp-json\/wp\/v2\/comments?post=18586"}],"version-history":[{"count":1,"href":"https:\/\/parapharmacieenligne.ma\/en\/wp-json\/wp\/v2\/product\/18586\/revisions"}],"predecessor-version":[{"id":18587,"href":"https:\/\/parapharmacieenligne.ma\/en\/wp-json\/wp\/v2\/product\/18586\/revisions\/18587"}],"wp:featuredmedia":[{"embeddable":true,"href":"https:\/\/parapharmacieenligne.ma\/en\/wp-json\/wp\/v2\/media\/18585"}],"wp:attachment":[{"href":"https:\/\/parapharmacieenligne.ma\/en\/wp-json\/wp\/v2\/media?parent=18586"}],"wp:term":[{"taxonomy":"product_cat","embeddable":true,"href":"https:\/\/parapharmacieenligne.ma\/en\/wp-json\/wp\/v2\/product_cat?post=18586"},{"taxonomy":"product_tag","embeddable":true,"href":"https:\/\/parapharmacieenligne.ma\/en\/wp-json\/wp\/v2\/product_tag?post=18586"},{"taxonomy":"yith_product_brand","embeddable":true,"href":"https:\/\/parapharmacieenligne.ma\/en\/wp-json\/wp\/v2\/yith_product_brand?post=18586"}],"curies":[{"name":"wp","href":"https:\/\/api.w.org\/{rel}","templated":true}]}}