{"id":18605,"date":"2026-03-21T22:19:44","date_gmt":"2026-03-21T21:19:44","guid":{"rendered":"https:\/\/parapharmacieenligne.ma\/?post_type=product&#038;p=18605"},"modified":"2026-03-21T22:20:06","modified_gmt":"2026-03-21T21:20:06","slug":"dermaceutic-advanced-cleanser-mousse-nettoyante-experte-150-ml","status":"publish","type":"product","link":"https:\/\/parapharmacieenligne.ma\/en\/product\/dermaceutic-advanced-cleanser-mousse-nettoyante-experte-150-ml\/","title":{"rendered":"DERMACEUTIC ADVANCED CLEANSER MOUSSE NETTOYANTE EXPERTE 150 ML"},"content":{"rendered":"<p>Advanced Cleanser, mousse micro-a\u00e9r\u00e9e, nettoie et d\u00e9maquille efficacement et \u00e9limine l\u2019exc\u00e8s de s\u00e9bum, procurant \u00e0 la peau une sensation de puret\u00e9, de fra\u00eecheur et d\u2019hydratation.<\/p>\n<p>Adapt\u00e9 \u00e0 tous les types de peau, y compris les peaux sensibles, Advanced Cleanser pr\u00e9serve l\u2019hydratation de la peau gr\u00e2ce \u00e0 un complexe hydratant reconnu et offre douceur et confort \u00e0 la peau.<\/p>\n<p>Nettoie la peau en douceur<br \/>\nD\u00e9maquille efficacement le visage et les yeux<br \/>\nElimine l\u2019exc\u00e8s de s\u00e9bum<br \/>\nRespecte l\u2019\u00e9quilibre de la peau.<\/p>\n<p>Actifs:<br \/>\n&#8211; XYLITOL : capable de capter l\u2019eau et de la maintenir dans la couche corn\u00e9e et de lisser le micro relief cutan\u00e9.<br \/>\nLutte contre le dess\u00e8chement de la peau<br \/>\nMicro-exfoliation des cellules mortes<\/p>\n<p>&#8211; ZINC : action purifiante<br \/>\n\u00c9limine l\u2019exc\u00e8s de s\u00e9bum<\/p>\n<p>&#8211; COMPLEXE HYDRATANT : UREE \/ GLYCERINE<br \/>\nHydratation intense des couches superficielles de l\u2019\u00e9piderme<\/p>\n<p>TENSIOACTIFS : Agents nettoyants doux d\u2019origine v\u00e9g\u00e9tale. Ne pique pas les yeux.<\/p>\n<p>CONSEILS D&rsquo;UTILISATION :<\/p>\n<p>Appliquer la mousse sur le visage humide, masser soigneusement et rincer \u00e0 l&rsquo;eau claire.<\/p>","protected":false},"excerpt":{"rendered":"<p>Advanced Cleanser, mousse micro-a\u00e9r\u00e9e, nettoie et d\u00e9maquille efficacement et \u00e9limine l\u2019exc\u00e8s de s\u00e9bum, procurant \u00e0 la peau une sensation de puret\u00e9, de&hellip;<\/p>","protected":false},"featured_media":18604,"comment_status":"open","ping_status":"closed","template":"","meta":[],"product_cat":[83],"product_tag":[],"yith_product_brand":[144],"class_list":{"0":"post-18605","1":"product","2":"type-product","3":"status-publish","4":"has-post-thumbnail","6":"product_cat-soins-visage","7":"yith_product_brand-dermaceutic","9":"first","10":"instock","11":"sale","12":"shipping-taxable","13":"purchasable","14":"product-type-simple"},"_links":{"self":[{"href":"https:\/\/parapharmacieenligne.ma\/en\/wp-json\/wp\/v2\/product\/18605","targetHints":{"allow":["GET"]}}],"collection":[{"href":"https:\/\/parapharmacieenligne.ma\/en\/wp-json\/wp\/v2\/product"}],"about":[{"href":"https:\/\/parapharmacieenligne.ma\/en\/wp-json\/wp\/v2\/types\/product"}],"replies":[{"embeddable":true,"href":"https:\/\/parapharmacieenligne.ma\/en\/wp-json\/wp\/v2\/comments?post=18605"}],"version-history":[{"count":1,"href":"https:\/\/parapharmacieenligne.ma\/en\/wp-json\/wp\/v2\/product\/18605\/revisions"}],"predecessor-version":[{"id":18606,"href":"https:\/\/parapharmacieenligne.ma\/en\/wp-json\/wp\/v2\/product\/18605\/revisions\/18606"}],"wp:featuredmedia":[{"embeddable":true,"href":"https:\/\/parapharmacieenligne.ma\/en\/wp-json\/wp\/v2\/media\/18604"}],"wp:attachment":[{"href":"https:\/\/parapharmacieenligne.ma\/en\/wp-json\/wp\/v2\/media?parent=18605"}],"wp:term":[{"taxonomy":"product_cat","embeddable":true,"href":"https:\/\/parapharmacieenligne.ma\/en\/wp-json\/wp\/v2\/product_cat?post=18605"},{"taxonomy":"product_tag","embeddable":true,"href":"https:\/\/parapharmacieenligne.ma\/en\/wp-json\/wp\/v2\/product_tag?post=18605"},{"taxonomy":"yith_product_brand","embeddable":true,"href":"https:\/\/parapharmacieenligne.ma\/en\/wp-json\/wp\/v2\/yith_product_brand?post=18605"}],"curies":[{"name":"wp","href":"https:\/\/api.w.org\/{rel}","templated":true}]}}