{"id":18641,"date":"2026-03-21T22:36:55","date_gmt":"2026-03-21T21:36:55","guid":{"rendered":"https:\/\/parapharmacieenligne.ma\/?post_type=product&#038;p=18641"},"modified":"2026-03-21T22:37:05","modified_gmt":"2026-03-21T21:37:05","slug":"galby-savon-vegetal-lait-danesse-bio-100g","status":"publish","type":"product","link":"https:\/\/parapharmacieenligne.ma\/en\/product\/galby-savon-vegetal-lait-danesse-bio-100g\/","title":{"rendered":"GALBY SAVON VEGETAL LAIT D&rsquo;ANESSE BIO 100G"},"content":{"rendered":"<p>Les peaux sensibles n\u00e9cessitent une attention toute particuli\u00e8re. Les savons classiques peuvent parfois \u00eatre trop agressifs, alt\u00e9rant la barri\u00e8re cutan\u00e9e et provoquant irritations et tiraillements. Trouver un nettoyant qui respecte la fragilit\u00e9 de ces peaux tout en les nourrissant en profondeur est essentiel. Le GALBY Savon V\u00e9g\u00e9tal Lait d&rsquo;\u00c2nesse BIO a \u00e9t\u00e9 formul\u00e9 pour r\u00e9pondre \u00e0 cette exigence, en s&rsquo;appuyant sur les vertus exceptionnelles d&rsquo;un ingr\u00e9dient mill\u00e9naire.<\/p>\n<p>Ce savon est une v\u00e9ritable ode \u00e0 la douceur et \u00e0 l&rsquo;efficacit\u00e9, gr\u00e2ce \u00e0 des propri\u00e9t\u00e9s exceptionnelles :<\/p>\n<p>Id\u00e9al pour les Peaux les Plus Sensibles : Le Galby savon au lait d\u2019\u00e2nesse a \u00e9t\u00e9 con\u00e7u pour nettoyer en douceur les peaux les plus sensibles. Sa formule respectueuse minimise les risques d&rsquo;irritation et de r\u00e9actions, offrant un nettoyage ultra-confortable pour les \u00e9pidermes les plus d\u00e9licats, y compris ceux des enfants ou des personnes sujettes aux allergies cutan\u00e9es.<\/p>\n<p>Formule Ultra-Douce et Riche : Ce savon se distingue par sa formule ultra-douce, riche en lait d\u2019\u00e2nesse, huiles naturelles et glyc\u00e9rine. Le lait d&rsquo;\u00e2nesse, tr\u00e9sor de l&rsquo;Antiquit\u00e9, est reconnu depuis des mill\u00e9naires pour ses vertus cosm\u00e9tiques exceptionnelles. Il est gorg\u00e9 de vitamines (A, B1, B2, B6, C, D, E), de min\u00e9raux, d\u2019oligo-\u00e9l\u00e9ments et de r\u00e9tinol (vitamine A), des composants essentiels pour la sant\u00e9 et la beaut\u00e9 de la peau. Les huiles naturelles et la glyc\u00e9rine, quant \u00e0 elles, sont de puissants agents hydratants et \u00e9mollients.<\/p>\n<p>Apaise et Redonne Souplesse \u00e0 la Peau : Gr\u00e2ce \u00e0 cette composition exceptionnelle, le savon apaise imm\u00e9diatement les sensations d&rsquo;inconfort et de tiraillement. Il redonne souplesse \u00e0 la peau, la laissant incroyablement douce et confortable apr\u00e8s chaque utilisation. La peau retrouve sa texture naturelle et son \u00e9lasticit\u00e9.<\/p>\n<p>Favorise l\u2019Hydratation Cellulaire : La composition exceptionnelle du lait d&rsquo;\u00e2nesse favorise l\u2019hydratation cellulaire. Les nutriments pr\u00e9sents dans le lait p\u00e9n\u00e8trent la peau pour agir en profondeur, renfor\u00e7ant la barri\u00e8re cutan\u00e9e et aidant la peau \u00e0 retenir l&rsquo;eau, pour une hydratation durable et une sensation de bien-\u00eatre qui perdure.<\/p>\n<p>Nourrit en Profondeur : Ce savon ne se contente pas de nettoyer ; il nourrit en profondeur la peau, lui apportant les \u00e9l\u00e9ments essentiels dont elle a besoin pour se r\u00e9g\u00e9n\u00e9rer et maintenir son \u00e9quilibre. C&rsquo;est un soin complet qui laisse la peau saine, revitalis\u00e9e et pleine de vitalit\u00e9.<\/p>\n<p>Conseils d&rsquo;utilisation :<\/p>\n<p>Utilisez ce savon quotidiennement, matin et soir, sur le visage et\/ou le corps.<\/p>","protected":false},"excerpt":{"rendered":"<p>Les peaux sensibles n\u00e9cessitent une attention toute particuli\u00e8re. Les savons classiques peuvent parfois \u00eatre trop agressifs, alt\u00e9rant la barri\u00e8re cutan\u00e9e et provoquant&hellip;<\/p>","protected":false},"featured_media":18640,"comment_status":"open","ping_status":"closed","template":"","meta":[],"product_cat":[83],"product_tag":[],"yith_product_brand":[151],"class_list":{"0":"post-18641","1":"product","2":"type-product","3":"status-publish","4":"has-post-thumbnail","6":"product_cat-soins-visage","7":"yith_product_brand-galby","9":"first","10":"instock","11":"sale","12":"shipping-taxable","13":"purchasable","14":"product-type-simple"},"_links":{"self":[{"href":"https:\/\/parapharmacieenligne.ma\/en\/wp-json\/wp\/v2\/product\/18641","targetHints":{"allow":["GET"]}}],"collection":[{"href":"https:\/\/parapharmacieenligne.ma\/en\/wp-json\/wp\/v2\/product"}],"about":[{"href":"https:\/\/parapharmacieenligne.ma\/en\/wp-json\/wp\/v2\/types\/product"}],"replies":[{"embeddable":true,"href":"https:\/\/parapharmacieenligne.ma\/en\/wp-json\/wp\/v2\/comments?post=18641"}],"version-history":[{"count":1,"href":"https:\/\/parapharmacieenligne.ma\/en\/wp-json\/wp\/v2\/product\/18641\/revisions"}],"predecessor-version":[{"id":18642,"href":"https:\/\/parapharmacieenligne.ma\/en\/wp-json\/wp\/v2\/product\/18641\/revisions\/18642"}],"wp:featuredmedia":[{"embeddable":true,"href":"https:\/\/parapharmacieenligne.ma\/en\/wp-json\/wp\/v2\/media\/18640"}],"wp:attachment":[{"href":"https:\/\/parapharmacieenligne.ma\/en\/wp-json\/wp\/v2\/media?parent=18641"}],"wp:term":[{"taxonomy":"product_cat","embeddable":true,"href":"https:\/\/parapharmacieenligne.ma\/en\/wp-json\/wp\/v2\/product_cat?post=18641"},{"taxonomy":"product_tag","embeddable":true,"href":"https:\/\/parapharmacieenligne.ma\/en\/wp-json\/wp\/v2\/product_tag?post=18641"},{"taxonomy":"yith_product_brand","embeddable":true,"href":"https:\/\/parapharmacieenligne.ma\/en\/wp-json\/wp\/v2\/yith_product_brand?post=18641"}],"curies":[{"name":"wp","href":"https:\/\/api.w.org\/{rel}","templated":true}]}}