{"id":18654,"date":"2026-03-21T23:35:38","date_gmt":"2026-03-21T22:35:38","guid":{"rendered":"https:\/\/parapharmacieenligne.ma\/?post_type=product&#038;p=18654"},"modified":"2026-03-21T23:35:45","modified_gmt":"2026-03-21T22:35:45","slug":"vichy-dercos-technique-energy-200ml","status":"publish","type":"product","link":"https:\/\/parapharmacieenligne.ma\/en\/product\/vichy-dercos-technique-energy-200ml\/","title":{"rendered":"VICHY DERCOS TECHNIQUE ENERGY 200ML"},"content":{"rendered":"<p>Son ingr\u00e9dient phare, l\u2019Aminexil, mol\u00e9cule brevet\u00e9e issue de 10 ans de recherche, pr\u00e9vient la rigidification du collag\u00e8ne autour de la racine, favorisant une meilleure ancrage du cheveu. Associ\u00e9 au Panth\u00e9nol (Pro-vitamine B5) aux propri\u00e9t\u00e9s hydratantes et r\u00e9paratrices, et \u00e0 la Niacinamide (vitamine B3) aux vertus apaisantes, anti-inflammatoires et protectrices, ce trio puissant stimule la microcirculation, apaise le cuir chevelu et redonne de l\u2019\u00e9lasticit\u00e9 aux racines.<\/p>\n<p>Sa formule hypoallerg\u00e9nique, test\u00e9e sous contr\u00f4le dermatologique, respecte les cuirs chevelus sensibles et permet un usage fr\u00e9quent. D\u00e8s les premi\u00e8res utilisations, la chevelure est visiblement plus dense, plus r\u00e9sistante et gagne en volume. Les r\u00e9sultats parlent d\u2019eux-m\u00eames :<\/p>\n<p>+47% de fibres renforc\u00e9es apr\u00e8s 5 utilisations*<\/p>\n<p>+19% de volume pendant 24h*<\/p>\n<p>Jusqu\u2019\u00e0 29% de chute en moins avec le protocole Aminexil Clinical 5*<\/p>\n<p>Conseils d&rsquo;utilisation:<br \/>\nAppliquer une noisette de shampooing sur cheveux mouill\u00e9s.<\/p>\n<p>Masser d\u00e9licatement le cuir chevelu jusqu\u2019\u00e0 obtention d\u2019une mousse.<\/p>\n<p>Laisser poser quelques instants pour permettre l\u2019action des actifs.<\/p>\n<p>Rincer abondamment \u00e0 l\u2019eau ti\u00e8de.<\/p>\n<p>Pour des r\u00e9sultats renforc\u00e9s, compl\u00e9ter avec le traitement Dercos Aminexil Clinical 5.<\/p>\n<p>Ce shampooing stimulant anti-chute est votre alli\u00e9 au quotidien pour une chevelure visiblement plus forte, plus dense et plus r\u00e9sistante.<\/p>\n<p>Composition:<br \/>\nAQUA \/ WATER \/ EAU, SODIUM LAURETH SULFATE, CITRIC ACID, SODIUM COCOAMPHOACETATE, HEXYLENE GLYCOL, AMMONIUM HYDROXIDE, GLYCOL DISTEARATE, CARBOMER, COCO-BETAINE, DIAMINOPYRIMIDINE OXIDE, NIACINAMIDE, PEG-55 PROPYLENE GLYCOL OLEATE, POLYQUATERNIUM-10, PROPYLENE GLYCOL, SALICYLIC ACID, SODIUM BENZOATE, SODIUM CHLORIDE, SODIUM HYDROXIDE, TOCOPHEROL, PARFUM \/ FRAGRANCE<\/p>","protected":false},"excerpt":{"rendered":"<p>Son ingr\u00e9dient phare, l\u2019Aminexil, mol\u00e9cule brevet\u00e9e issue de 10 ans de recherche, pr\u00e9vient la rigidification du collag\u00e8ne autour de la racine, favorisant&hellip;<\/p>","protected":false},"featured_media":18653,"comment_status":"open","ping_status":"closed","template":"","meta":[],"product_cat":[84],"product_tag":[],"yith_product_brand":[167],"class_list":{"0":"post-18654","1":"product","2":"type-product","3":"status-publish","4":"has-post-thumbnail","6":"product_cat-soins-cheveux","7":"yith_product_brand-dercos","9":"first","10":"instock","11":"sale","12":"shipping-taxable","13":"purchasable","14":"product-type-simple"},"_links":{"self":[{"href":"https:\/\/parapharmacieenligne.ma\/en\/wp-json\/wp\/v2\/product\/18654","targetHints":{"allow":["GET"]}}],"collection":[{"href":"https:\/\/parapharmacieenligne.ma\/en\/wp-json\/wp\/v2\/product"}],"about":[{"href":"https:\/\/parapharmacieenligne.ma\/en\/wp-json\/wp\/v2\/types\/product"}],"replies":[{"embeddable":true,"href":"https:\/\/parapharmacieenligne.ma\/en\/wp-json\/wp\/v2\/comments?post=18654"}],"version-history":[{"count":1,"href":"https:\/\/parapharmacieenligne.ma\/en\/wp-json\/wp\/v2\/product\/18654\/revisions"}],"predecessor-version":[{"id":18655,"href":"https:\/\/parapharmacieenligne.ma\/en\/wp-json\/wp\/v2\/product\/18654\/revisions\/18655"}],"wp:featuredmedia":[{"embeddable":true,"href":"https:\/\/parapharmacieenligne.ma\/en\/wp-json\/wp\/v2\/media\/18653"}],"wp:attachment":[{"href":"https:\/\/parapharmacieenligne.ma\/en\/wp-json\/wp\/v2\/media?parent=18654"}],"wp:term":[{"taxonomy":"product_cat","embeddable":true,"href":"https:\/\/parapharmacieenligne.ma\/en\/wp-json\/wp\/v2\/product_cat?post=18654"},{"taxonomy":"product_tag","embeddable":true,"href":"https:\/\/parapharmacieenligne.ma\/en\/wp-json\/wp\/v2\/product_tag?post=18654"},{"taxonomy":"yith_product_brand","embeddable":true,"href":"https:\/\/parapharmacieenligne.ma\/en\/wp-json\/wp\/v2\/yith_product_brand?post=18654"}],"curies":[{"name":"wp","href":"https:\/\/api.w.org\/{rel}","templated":true}]}}