{"id":18660,"date":"2026-03-21T23:36:25","date_gmt":"2026-03-21T22:36:25","guid":{"rendered":"https:\/\/parapharmacieenligne.ma\/?post_type=product&#038;p=18660"},"modified":"2026-03-21T23:36:40","modified_gmt":"2026-03-21T22:36:40","slug":"vichy-dercos-offre-shampoing-anti-pelliculaire-ds-cheveux-secs-200-ml-format-voyage-50-ml-offert","status":"publish","type":"product","link":"https:\/\/parapharmacieenligne.ma\/en\/product\/vichy-dercos-offre-shampoing-anti-pelliculaire-ds-cheveux-secs-200-ml-format-voyage-50-ml-offert\/","title":{"rendered":"VICHY DERCOS OFFRE SHAMPOING ANTI PELLICULAIRE DS CHEVEUX SECS 200 ML + FORMAT VOYAGE 50 ML OFFERT"},"content":{"rendered":"<p>Au c\u0153ur de sa formule se trouve le S\u00e9l\u00e9nium DS, un actif antifongique reconnu pour sa capacit\u00e9 \u00e0 \u00e9liminer les pellicules, m\u00eame les plus tenaces. Il agit directement sur les causes des pellicules tout en r\u00e9duisant les r\u00e9cidives jusqu\u2019\u00e0 6 semaines. Associ\u00e9 au Coh\u00e9syl, un agent qui renforce la structure cellulaire du cuir chevelu, ce shampooing aide \u00e0 r\u00e9parer la barri\u00e8re cutan\u00e9e et \u00e0 pr\u00e9venir la formation de nouvelles pellicules. R\u00e9sultat : un cuir chevelu sain, apais\u00e9 et purifi\u00e9 d\u00e8s la premi\u00e8re application.<\/p>\n<p>Sans parab\u00e8ne, et test\u00e9 sous contr\u00f4le dermatologique, ce soin lavant respecte la sensibilit\u00e9 des peaux s\u00e8ches et r\u00e9actives. D\u00e8s le premier lavage, les d\u00e9mangeaisons diminuent et les pellicules disparaissent visiblement.<\/p>\n<p>Gr\u00e2ce \u00e0 sa texture onctueuse, il nettoie en douceur tout en apportant confort et hydratation \u00e0 la fibre capillaire. Vos cheveux retrouvent leur l\u00e9g\u00e8ret\u00e9 et leur \u00e9clat naturel, sans r\u00e9sidus.<\/p>\n<p>Vichy Dercos Anti-Pelliculaire Cheveux Secs est le partenaire id\u00e9al pour une chevelure saine, belle et sans pellicules.<\/p>\n<p>Conseils d&rsquo;utilisation<\/p>\n<p>Premi\u00e8re application : appliquer sur cheveux mouill\u00e9s, laisser poser 2 minutes, puis rincer abondamment.<\/p>\n<p>Applications suivantes : masser le cuir chevelu puis rincer.<\/p>\n<p>\u00c0 utiliser en cure de 4 semaines, \u00e0 raison de 3 shampooings par semaine.<\/p>\n<p>\u00c9viter le contact avec les yeux. En cas de contact, rincer imm\u00e9diatement.<\/p>\n<p>Composition<br \/>\nAQUA \/ WATER, SODIUM LAURETH SULFATE, COCO-BETAINE, GLYCERIN, DIMETHICONE, CETYL ALCOHOL, HYDROXYSTEARYL CETYL ETHER, CARBOMER, CI 19140 \/ YELLOW 5, CITRIC ACID, 2-OLEAMIDO-1,3-OCTADECANEDIOL, PPG-5-CETETH-20, PROPYLENE GLYCOL, SALICYLIC ACID, SELENIUM SULFIDE, SODIUM CHLORIDE, SODIUM HYDROXIDE, SODIUM HYPOCHLORITE, PARFUM \/ FRAGRANCE<\/p>","protected":false},"excerpt":{"rendered":"<p>Au c\u0153ur de sa formule se trouve le S\u00e9l\u00e9nium DS, un actif antifongique reconnu pour sa capacit\u00e9 \u00e0 \u00e9liminer les pellicules, m\u00eame&hellip;<\/p>","protected":false},"featured_media":18659,"comment_status":"open","ping_status":"closed","template":"","meta":[],"product_cat":[84],"product_tag":[],"yith_product_brand":[167],"class_list":{"0":"post-18660","1":"product","2":"type-product","3":"status-publish","4":"has-post-thumbnail","6":"product_cat-soins-cheveux","7":"yith_product_brand-dercos","9":"first","10":"instock","11":"sale","12":"shipping-taxable","13":"purchasable","14":"product-type-simple"},"_links":{"self":[{"href":"https:\/\/parapharmacieenligne.ma\/en\/wp-json\/wp\/v2\/product\/18660","targetHints":{"allow":["GET"]}}],"collection":[{"href":"https:\/\/parapharmacieenligne.ma\/en\/wp-json\/wp\/v2\/product"}],"about":[{"href":"https:\/\/parapharmacieenligne.ma\/en\/wp-json\/wp\/v2\/types\/product"}],"replies":[{"embeddable":true,"href":"https:\/\/parapharmacieenligne.ma\/en\/wp-json\/wp\/v2\/comments?post=18660"}],"version-history":[{"count":1,"href":"https:\/\/parapharmacieenligne.ma\/en\/wp-json\/wp\/v2\/product\/18660\/revisions"}],"predecessor-version":[{"id":18661,"href":"https:\/\/parapharmacieenligne.ma\/en\/wp-json\/wp\/v2\/product\/18660\/revisions\/18661"}],"wp:featuredmedia":[{"embeddable":true,"href":"https:\/\/parapharmacieenligne.ma\/en\/wp-json\/wp\/v2\/media\/18659"}],"wp:attachment":[{"href":"https:\/\/parapharmacieenligne.ma\/en\/wp-json\/wp\/v2\/media?parent=18660"}],"wp:term":[{"taxonomy":"product_cat","embeddable":true,"href":"https:\/\/parapharmacieenligne.ma\/en\/wp-json\/wp\/v2\/product_cat?post=18660"},{"taxonomy":"product_tag","embeddable":true,"href":"https:\/\/parapharmacieenligne.ma\/en\/wp-json\/wp\/v2\/product_tag?post=18660"},{"taxonomy":"yith_product_brand","embeddable":true,"href":"https:\/\/parapharmacieenligne.ma\/en\/wp-json\/wp\/v2\/yith_product_brand?post=18660"}],"curies":[{"name":"wp","href":"https:\/\/api.w.org\/{rel}","templated":true}]}}