{"id":18669,"date":"2026-03-21T23:37:46","date_gmt":"2026-03-21T22:37:46","guid":{"rendered":"https:\/\/parapharmacieenligne.ma\/?post_type=product&#038;p=18669"},"modified":"2026-03-21T23:37:59","modified_gmt":"2026-03-21T22:37:59","slug":"vichy-dercos-ultra-apaisant-cheveux-normaux-a-gras-200-ml","status":"publish","type":"product","link":"https:\/\/parapharmacieenligne.ma\/en\/product\/vichy-dercos-ultra-apaisant-cheveux-normaux-a-gras-200-ml\/","title":{"rendered":"VICHY DERCOS ULTRA APAISANT CHEVEUX NORMAUX A GRAS 200 ML"},"content":{"rendered":"<p>Ce shampoing dermo-apaisant purifie en douceur tout en calmant efficacement les d\u00e9mangeaisons et les irritations d\u00e8s la premi\u00e8re application. Sa formule innovante contient un trio d\u2019actifs puissants :<\/p>\n<p>Sensirine, aux propri\u00e9t\u00e9s apaisantes cliniquement prouv\u00e9es, r\u00e9duit imm\u00e9diatement l\u2019inconfort du cuir chevelu.<\/p>\n<p>Panth\u00e9nol, connu pour ses vertus hydratantes, adoucit la fibre capillaire, facilite le d\u00e9m\u00ealage et apporte douceur et souplesse \u00e0 vos cheveux.<\/p>\n<p>Vitamine Cg, un antioxydant reconnu, lutte contre les agressions ext\u00e9rieures tout en ralentissant le graissage des racines.<\/p>\n<p>Le shampoing Vichy Dercos Ultra Apaisant Cheveux Normaux \u00e0 Gras agit instantan\u00e9ment, procurant un soulagement durable jusqu\u2019\u00e0 48 heures. Il aide \u00e9galement \u00e0 r\u00e9\u00e9quilibrer le cuir chevelu en assainissant les zones sensibilis\u00e9es par l\u2019exc\u00e8s de s\u00e9bum.<\/p>\n<p>Con\u00e7u dans le respect des cuirs chevelus les plus sensibles, il est hypoallerg\u00e9nique, sans sulfate, sans parab\u00e8ne et sans silicone, garantissant une tol\u00e9rance optimale.<\/p>\n<p>Conseils d&rsquo;utilisation<br \/>\nAppliquer sur cheveux mouill\u00e9s.<\/p>\n<p>Masser d\u00e9licatement le cuir chevelu, sans pression excessive pour \u00e9viter de stimuler les glandes s\u00e9bac\u00e9es.<\/p>\n<p>Laisser poser pendant 1 minute.<\/p>\n<p>Rincer soigneusement.<br \/>\n\u00c0 utiliser r\u00e9guli\u00e8rement pour maintenir l\u2019\u00e9quilibre du cuir chevelu et prolonger l\u2019effet apaisant.<\/p>\n<p>Composition<br \/>\nAQUA \/ WATER, SODIUM METHYL COCOYL TAURATE, LAURETH-5 CARBOXYLIC ACID, COCAMIDOPROPYL BETAINE, GLYCERIN, SODIUM CHLORIDE, ASCORBYL GLUCOSIDE, COCONUT ACID, HEXYLENE GLYCOL, ISOPROPYL ALCOHOL, LACTIC ACID, PANTHENOL, PEG-150 DISTEARATE, PEG-55 PROPYLENE GLYCOL OLEATE, PIROCTONE OLAMINE, POLYQUATERNIUM-10, POLYSORBATE 21, PROPYLENE GLYCOL, SALICYLIC ACID, SODIUM ACETATE, SODIUM BENZOATE, SODIUM HYDROXIDE, SODIUM LAUROYL GLUTAMATE, PARFUM \/ FRAGRANCE<\/p>","protected":false},"excerpt":{"rendered":"<p>Ce shampoing dermo-apaisant purifie en douceur tout en calmant efficacement les d\u00e9mangeaisons et les irritations d\u00e8s la premi\u00e8re application. Sa formule innovante&hellip;<\/p>","protected":false},"featured_media":18668,"comment_status":"open","ping_status":"closed","template":"","meta":[],"product_cat":[84],"product_tag":[],"yith_product_brand":[167],"class_list":{"0":"post-18669","1":"product","2":"type-product","3":"status-publish","4":"has-post-thumbnail","6":"product_cat-soins-cheveux","7":"yith_product_brand-dercos","9":"first","10":"instock","11":"sale","12":"shipping-taxable","13":"purchasable","14":"product-type-simple"},"_links":{"self":[{"href":"https:\/\/parapharmacieenligne.ma\/en\/wp-json\/wp\/v2\/product\/18669","targetHints":{"allow":["GET"]}}],"collection":[{"href":"https:\/\/parapharmacieenligne.ma\/en\/wp-json\/wp\/v2\/product"}],"about":[{"href":"https:\/\/parapharmacieenligne.ma\/en\/wp-json\/wp\/v2\/types\/product"}],"replies":[{"embeddable":true,"href":"https:\/\/parapharmacieenligne.ma\/en\/wp-json\/wp\/v2\/comments?post=18669"}],"version-history":[{"count":1,"href":"https:\/\/parapharmacieenligne.ma\/en\/wp-json\/wp\/v2\/product\/18669\/revisions"}],"predecessor-version":[{"id":18670,"href":"https:\/\/parapharmacieenligne.ma\/en\/wp-json\/wp\/v2\/product\/18669\/revisions\/18670"}],"wp:featuredmedia":[{"embeddable":true,"href":"https:\/\/parapharmacieenligne.ma\/en\/wp-json\/wp\/v2\/media\/18668"}],"wp:attachment":[{"href":"https:\/\/parapharmacieenligne.ma\/en\/wp-json\/wp\/v2\/media?parent=18669"}],"wp:term":[{"taxonomy":"product_cat","embeddable":true,"href":"https:\/\/parapharmacieenligne.ma\/en\/wp-json\/wp\/v2\/product_cat?post=18669"},{"taxonomy":"product_tag","embeddable":true,"href":"https:\/\/parapharmacieenligne.ma\/en\/wp-json\/wp\/v2\/product_tag?post=18669"},{"taxonomy":"yith_product_brand","embeddable":true,"href":"https:\/\/parapharmacieenligne.ma\/en\/wp-json\/wp\/v2\/yith_product_brand?post=18669"}],"curies":[{"name":"wp","href":"https:\/\/api.w.org\/{rel}","templated":true}]}}