{"id":18687,"date":"2026-03-21T23:40:51","date_gmt":"2026-03-21T22:40:51","guid":{"rendered":"https:\/\/parapharmacieenligne.ma\/?post_type=product&#038;p=18687"},"modified":"2026-03-21T23:41:00","modified_gmt":"2026-03-21T22:41:00","slug":"vichy-dercos-energisant-apres-shampoing-fortifiant-200-ml","status":"publish","type":"product","link":"https:\/\/parapharmacieenligne.ma\/en\/product\/vichy-dercos-energisant-apres-shampoing-fortifiant-200-ml\/","title":{"rendered":"VICHY DERCOS ENERGISANT APRES SHAMPOING FORTIFIANT 200 ML"},"content":{"rendered":"<p>Gr\u00e2ce \u00e0 l\u2019Aminexil, mol\u00e9cule brevet\u00e9e reconnue pour lutter contre la chute de cheveux li\u00e9e \u00e0 la casse, ce soin agit au c\u0153ur de la fibre pour la renforcer et pr\u00e9server sa densit\u00e9. Le complexe Niacinamide + C\u00e9ramide nourrit intens\u00e9ment la fibre capillaire tout en ciblant les zones affaiblies, favorisant une structure capillaire plus r\u00e9sistante. Enrichi en Eau Volcanique de Vichy, ce soin participe \u00e0 la protection du cuir chevelu face aux agressions ext\u00e9rieures, en renfor\u00e7ant la barri\u00e8re cutan\u00e9e.<\/p>\n<p>D\u00e8s les premi\u00e8res utilisations, les cheveux apparaissent visiblement plus forts, revitalis\u00e9s et envelopp\u00e9s d\u2019un film protecteur qui pr\u00e9vient la casse. La texture cr\u00e9meuse et agr\u00e9able ainsi que le parfum subtil s\u00e9duisent la majorit\u00e9 des utilisateurs. Test\u00e9 sur 75 sujets pendant 4 semaines, ce soin affiche des r\u00e9sultats convaincants :<\/p>\n<p>89 % constatent des cheveux plus forts<\/p>\n<p>90 % des cheveux plus toniques<\/p>\n<p>97 % approuvent la texture agr\u00e9able<\/p>\n<p>Id\u00e9al pour tous types de cheveux, il est recommand\u00e9 en compl\u00e9ment du shampooing fortifiant Dercos Technique et du traitement Dercos 5 pour une routine anti-chute compl\u00e8te.<\/p>\n<p>Conseils d\u2019utilisation<br \/>\nAppliquer une noisette de produit sur cheveux rinc\u00e9s et essor\u00e9s apr\u00e8s le shampooing.<\/p>\n<p>Laisser poser 1 \u00e0 2 minutes.<\/p>\n<p>Rincer abondamment.<\/p>\n<p>Pr\u00e9caution : en cas de contact avec les yeux, rincer imm\u00e9diatement et abondamment.<\/p>\n<p>Composition<br \/>\nAqua\/Water\/Eau, Cetearyl Alcohol, Glycerin, Isopropyl Myristate, Stearamidopropyl Dimethylamine, Glycine Soja Oil\/Soybean Oil, Arginine, Caprylyl Glycol, Cetyl Esters, Coco-Caprylate\/Caprate, Diaminopyrimidine Oxide, Helianthus Annuus Seed Oil\/Sunflower Seed Oil, Hydroxypropyl Guar Hydroxypropyltrimonium Chloride, 2-Oleamido-1,3-Octadecanediol, Salicylic Acid, Sodium Benzoate, Tartaric Acid, Parfum\/Fragrance<\/p>","protected":false},"excerpt":{"rendered":"<p>Gr\u00e2ce \u00e0 l\u2019Aminexil, mol\u00e9cule brevet\u00e9e reconnue pour lutter contre la chute de cheveux li\u00e9e \u00e0 la casse, ce soin agit au c\u0153ur&hellip;<\/p>","protected":false},"featured_media":18686,"comment_status":"open","ping_status":"closed","template":"","meta":[],"product_cat":[84],"product_tag":[],"yith_product_brand":[167],"class_list":{"0":"post-18687","1":"product","2":"type-product","3":"status-publish","4":"has-post-thumbnail","6":"product_cat-soins-cheveux","7":"yith_product_brand-dercos","9":"first","10":"instock","11":"sale","12":"shipping-taxable","13":"purchasable","14":"product-type-simple"},"_links":{"self":[{"href":"https:\/\/parapharmacieenligne.ma\/en\/wp-json\/wp\/v2\/product\/18687","targetHints":{"allow":["GET"]}}],"collection":[{"href":"https:\/\/parapharmacieenligne.ma\/en\/wp-json\/wp\/v2\/product"}],"about":[{"href":"https:\/\/parapharmacieenligne.ma\/en\/wp-json\/wp\/v2\/types\/product"}],"replies":[{"embeddable":true,"href":"https:\/\/parapharmacieenligne.ma\/en\/wp-json\/wp\/v2\/comments?post=18687"}],"version-history":[{"count":1,"href":"https:\/\/parapharmacieenligne.ma\/en\/wp-json\/wp\/v2\/product\/18687\/revisions"}],"predecessor-version":[{"id":18688,"href":"https:\/\/parapharmacieenligne.ma\/en\/wp-json\/wp\/v2\/product\/18687\/revisions\/18688"}],"wp:featuredmedia":[{"embeddable":true,"href":"https:\/\/parapharmacieenligne.ma\/en\/wp-json\/wp\/v2\/media\/18686"}],"wp:attachment":[{"href":"https:\/\/parapharmacieenligne.ma\/en\/wp-json\/wp\/v2\/media?parent=18687"}],"wp:term":[{"taxonomy":"product_cat","embeddable":true,"href":"https:\/\/parapharmacieenligne.ma\/en\/wp-json\/wp\/v2\/product_cat?post=18687"},{"taxonomy":"product_tag","embeddable":true,"href":"https:\/\/parapharmacieenligne.ma\/en\/wp-json\/wp\/v2\/product_tag?post=18687"},{"taxonomy":"yith_product_brand","embeddable":true,"href":"https:\/\/parapharmacieenligne.ma\/en\/wp-json\/wp\/v2\/yith_product_brand?post=18687"}],"curies":[{"name":"wp","href":"https:\/\/api.w.org\/{rel}","templated":true}]}}