{"id":18714,"date":"2026-03-22T00:19:09","date_gmt":"2026-03-21T23:19:09","guid":{"rendered":"https:\/\/parapharmacieenligne.ma\/?post_type=product&#038;p=18714"},"modified":"2026-03-22T00:19:23","modified_gmt":"2026-03-21T23:19:23","slug":"vichy-dercos-technique-energy-recharge-shampooing-stimulant-anti-chute-400ml","status":"publish","type":"product","link":"https:\/\/parapharmacieenligne.ma\/en\/product\/vichy-dercos-technique-energy-recharge-shampooing-stimulant-anti-chute-400ml\/","title":{"rendered":"VICHY DERCOS TECHNIQUE ENERGY+ RECHARGE SHAMPOOING STIMULANT ANTI CHUTE 400ML"},"content":{"rendered":"<p>Enrichi en actifs dermatologiques de pointe, ce shampoing agit directement \u00e0 la racine pour stimuler la fibre capillaire et renforcer l\u2019ancrage du cheveu.<\/p>\n<p>La formule innovante d\u2019Energy+ associe des ingr\u00e9dients revitalisants \u00e0 un complexe fortifiant qui cible les causes de la chute passag\u00e8re de cheveux. D\u00e8s les premiers lavages, le cuir chevelu est dynamis\u00e9 et la fibre retrouve r\u00e9sistance et densit\u00e9. Gr\u00e2ce \u00e0 ses agents nettoyants doux, ce shampoing \u00e9limine les impuret\u00e9s et l\u2019exc\u00e8s de s\u00e9bum sans agresser, pr\u00e9parant ainsi le cuir chevelu \u00e0 recevoir les soins compl\u00e9mentaires anti-chute.<\/p>\n<p>Son action globale offre plusieurs b\u00e9n\u00e9fices :<\/p>\n<p>Stimulation du cuir chevelu pour relancer la vitalit\u00e9 des racines.<\/p>\n<p>Renforcement de la fibre capillaire, pour limiter la casse et l\u2019affinement.<\/p>\n<p>Apport d\u2019\u00e9nergie et de densit\u00e9, pour une chevelure visiblement plus forte.<\/p>\n<p>Utilisation agr\u00e9able gr\u00e2ce \u00e0 une texture fra\u00eeche et une mousse onctueuse.<\/p>\n<p>Id\u00e9al pour les cheveux en perte de densit\u00e9, fatigu\u00e9s ou sujets \u00e0 une chute occasionnelle, ce shampoing est recommand\u00e9 aussi bien pour les femmes que pour les hommes. Jour apr\u00e8s jour, il redonne confiance en renfor\u00e7ant la sant\u00e9 globale de la chevelure.<\/p>\n<p>Avec le Vichy Dercos Energy+, prenez soin de vos cheveux comme vous prenez soin de votre peau : avec expertise dermatologique et efficacit\u00e9 prouv\u00e9e.<\/p>\n<p>Conseils d&rsquo;utilisation :<\/p>\n<p>Appliquer sur cheveux mouill\u00e9s.<\/p>\n<p>Masser d\u00e9licatement le cuir chevelu pour activer la microcirculation.<\/p>\n<p>Laisser poser 2 minutes.<\/p>\n<p>Rincer abondamment.<\/p>\n<p>Composition :<\/p>\n<p>AQUA \/ WATER \/ EAU \u2022 SODIUM LAURETH SULFATE \u2022 CITRIC ACID \u2022 SODIUM COCOAMPHOACETATE \u2022 HEXYLENE GLYCOL \u2022 AMMONIUM HYDROXIDE \u2022 GLYCOL DISTEARATE \u2022 CARBOMER \u2022 COCO-BETAINE \u2022 DIAMINOPYRIMIDINE OXIDE \u2022 NIACINAMIDE \u2022 PEG-55 PROPYLENE GLYCOL OLEATE \u2022 POLYQUATERNIUM-10 \u2022 PROPYLENE GLYCOL \u2022 SALICYLIC ACID \u2022 SODIUM BENZOATE \u2022 SODIUM CHLORIDE \u2022 SODIUM HYDROXIDE<\/p>","protected":false},"excerpt":{"rendered":"<p>Enrichi en actifs dermatologiques de pointe, ce shampoing agit directement \u00e0 la racine pour stimuler la fibre capillaire et renforcer l\u2019ancrage du&hellip;<\/p>","protected":false},"featured_media":18713,"comment_status":"open","ping_status":"closed","template":"","meta":[],"product_cat":[84],"product_tag":[],"yith_product_brand":[167],"class_list":{"0":"post-18714","1":"product","2":"type-product","3":"status-publish","4":"has-post-thumbnail","6":"product_cat-soins-cheveux","7":"yith_product_brand-dercos","9":"first","10":"instock","11":"sale","12":"shipping-taxable","13":"purchasable","14":"product-type-simple"},"_links":{"self":[{"href":"https:\/\/parapharmacieenligne.ma\/en\/wp-json\/wp\/v2\/product\/18714","targetHints":{"allow":["GET"]}}],"collection":[{"href":"https:\/\/parapharmacieenligne.ma\/en\/wp-json\/wp\/v2\/product"}],"about":[{"href":"https:\/\/parapharmacieenligne.ma\/en\/wp-json\/wp\/v2\/types\/product"}],"replies":[{"embeddable":true,"href":"https:\/\/parapharmacieenligne.ma\/en\/wp-json\/wp\/v2\/comments?post=18714"}],"version-history":[{"count":1,"href":"https:\/\/parapharmacieenligne.ma\/en\/wp-json\/wp\/v2\/product\/18714\/revisions"}],"predecessor-version":[{"id":18715,"href":"https:\/\/parapharmacieenligne.ma\/en\/wp-json\/wp\/v2\/product\/18714\/revisions\/18715"}],"wp:featuredmedia":[{"embeddable":true,"href":"https:\/\/parapharmacieenligne.ma\/en\/wp-json\/wp\/v2\/media\/18713"}],"wp:attachment":[{"href":"https:\/\/parapharmacieenligne.ma\/en\/wp-json\/wp\/v2\/media?parent=18714"}],"wp:term":[{"taxonomy":"product_cat","embeddable":true,"href":"https:\/\/parapharmacieenligne.ma\/en\/wp-json\/wp\/v2\/product_cat?post=18714"},{"taxonomy":"product_tag","embeddable":true,"href":"https:\/\/parapharmacieenligne.ma\/en\/wp-json\/wp\/v2\/product_tag?post=18714"},{"taxonomy":"yith_product_brand","embeddable":true,"href":"https:\/\/parapharmacieenligne.ma\/en\/wp-json\/wp\/v2\/yith_product_brand?post=18714"}],"curies":[{"name":"wp","href":"https:\/\/api.w.org\/{rel}","templated":true}]}}