{"id":18803,"date":"2026-03-23T21:59:53","date_gmt":"2026-03-23T20:59:53","guid":{"rendered":"https:\/\/parapharmacieenligne.ma\/?post_type=product&#038;p=18803"},"modified":"2026-03-23T22:00:20","modified_gmt":"2026-03-23T21:00:20","slug":"vichy-capital-soleil-lait-protecteur-hydratant-invisible-300-ml-spf-50","status":"publish","type":"product","link":"https:\/\/parapharmacieenligne.ma\/en\/product\/vichy-capital-soleil-lait-protecteur-hydratant-invisible-300-ml-spf-50\/","title":{"rendered":"VICHY CAPITAL SOLEIL LAIT PROTECTEUR HYDRATANT INVISIBLE 300 ML SPF 50 +"},"content":{"rendered":"<p>Sa texture hydratante procure un v\u00e9ritable confort \u00e0 l\u2019application, avec un fini sec, non gras et sans traces blanches, id\u00e9al pour une utilisation quotidienne, m\u00eame sur la plage. Un atout essentiel ? Sa formule anti-irritation, sp\u00e9cialement con\u00e7ue pour faciliter le d\u00e9collement du sable sans agresser la peau, limitant ainsi les rougeurs et inconforts souvent caus\u00e9s par les frottements.<\/p>\n<p>Le lait solaire Vichy Capital Soleil est hypoallerg\u00e9nique, test\u00e9 dermatologiquement, et tr\u00e8s r\u00e9sistant \u00e0 l\u2019eau, ce qui en fait une protection fiable m\u00eame apr\u00e8s les baignades. Enrichi en glycerine et vitamine E (tocopherol), il contribue \u00e0 pr\u00e9server l\u2019hydratation de la peau tout en la prot\u00e9geant du photo-vieillissement.<\/p>\n<p>Id\u00e9al pour les peaux sensibles et expos\u00e9es au soleil, ce lait solaire s\u2019applique facilement et p\u00e9n\u00e8tre rapidement, tout en assurant une protection optimale du capital g\u00e9n\u00e9tique cutan\u00e9. Son format 300 ml est parfait pour une utilisation familiale.<\/p>\n<p>Conseils d\u2019utilisation :<br \/>\nAppliquez g\u00e9n\u00e9reusement sur l\u2019ensemble du corps juste avant l\u2019exposition au soleil.<\/p>\n<p>Renouvelez fr\u00e9quemment, surtout apr\u00e8s avoir nag\u00e9, transpir\u00e9 ou vous \u00eatre essuy\u00e9.<\/p>\n<p>\u00c9vitez le contact avec les yeux. En cas de contact, rincez abondamment.<\/p>\n<p>Composition<br \/>\nAqua \/ Water, Isopropyl Palmitate, Glycerin, Octocrylene, Ethylhexyl Salicylate, Alcohol Denat., Butyl Methoxydibenzoylmethane, Titanium Dioxide [Nano] \/ Titanium Dioxide, Ethylhexyl Triazone, Talc, Stearic Acid, Potassium Cetyl Phosphate, Diisopropyl Sebacate, Synthetic Wax, Acrylates\/C10-30 Alkyl Acrylate Crosspolymer, Aluminum Hydroxide, Caprylyl Glycol, Disodium EDTA, Glyceryl Stearate, Myristic Acid, Palmitic Acid, PEG-100 Stearate, Phenoxyethanol, Terephthalylidene Dicamphor Sulfonic Acid, Tocopherol, Triethanolamine, Xanthan Gum<\/p>\n","protected":false},"excerpt":{"rendered":"<p>Sa texture hydratante procure un v\u00e9ritable confort \u00e0 l\u2019application, avec un fini sec, non gras et sans traces blanches, id\u00e9al pour une&hellip;<\/p>","protected":false},"featured_media":18802,"comment_status":"open","ping_status":"closed","template":"","meta":[],"product_cat":[85,83],"product_tag":[],"yith_product_brand":[162],"class_list":{"0":"post-18803","1":"product","2":"type-product","3":"status-publish","4":"has-post-thumbnail","6":"product_cat-soins-corps","7":"product_cat-soins-visage","8":"yith_product_brand-vichy","10":"first","11":"instock","12":"sale","13":"shipping-taxable","14":"purchasable","15":"product-type-simple"},"_links":{"self":[{"href":"https:\/\/parapharmacieenligne.ma\/en\/wp-json\/wp\/v2\/product\/18803","targetHints":{"allow":["GET"]}}],"collection":[{"href":"https:\/\/parapharmacieenligne.ma\/en\/wp-json\/wp\/v2\/product"}],"about":[{"href":"https:\/\/parapharmacieenligne.ma\/en\/wp-json\/wp\/v2\/types\/product"}],"replies":[{"embeddable":true,"href":"https:\/\/parapharmacieenligne.ma\/en\/wp-json\/wp\/v2\/comments?post=18803"}],"version-history":[{"count":1,"href":"https:\/\/parapharmacieenligne.ma\/en\/wp-json\/wp\/v2\/product\/18803\/revisions"}],"predecessor-version":[{"id":18804,"href":"https:\/\/parapharmacieenligne.ma\/en\/wp-json\/wp\/v2\/product\/18803\/revisions\/18804"}],"wp:featuredmedia":[{"embeddable":true,"href":"https:\/\/parapharmacieenligne.ma\/en\/wp-json\/wp\/v2\/media\/18802"}],"wp:attachment":[{"href":"https:\/\/parapharmacieenligne.ma\/en\/wp-json\/wp\/v2\/media?parent=18803"}],"wp:term":[{"taxonomy":"product_cat","embeddable":true,"href":"https:\/\/parapharmacieenligne.ma\/en\/wp-json\/wp\/v2\/product_cat?post=18803"},{"taxonomy":"product_tag","embeddable":true,"href":"https:\/\/parapharmacieenligne.ma\/en\/wp-json\/wp\/v2\/product_tag?post=18803"},{"taxonomy":"yith_product_brand","embeddable":true,"href":"https:\/\/parapharmacieenligne.ma\/en\/wp-json\/wp\/v2\/yith_product_brand?post=18803"}],"curies":[{"name":"wp","href":"https:\/\/api.w.org\/{rel}","templated":true}]}}