{"id":18809,"date":"2026-03-23T22:00:51","date_gmt":"2026-03-23T21:00:51","guid":{"rendered":"https:\/\/parapharmacieenligne.ma\/?post_type=product&#038;p=18809"},"modified":"2026-03-30T21:02:35","modified_gmt":"2026-03-30T19:02:35","slug":"vichy-normaderm-gel-purifiant-intense-peau-grasse-et-acneique-400-ml","status":"publish","type":"product","link":"https:\/\/parapharmacieenligne.ma\/en\/product\/vichy-normaderm-gel-purifiant-intense-peau-grasse-et-acneique-400-ml\/","title":{"rendered":"VICHY NORMADERM GEL PURIFIANT INTENSE PEAU GRASSE ET ACNEIQUE 400 ML"},"content":{"rendered":"<p>Formul\u00e9 avec trois actifs anti-imperfections puissants \u2013 zinc, cuivre et probiotiques \u2013 il agit efficacement sur les impuret\u00e9s, l\u2019exc\u00e8s de s\u00e9bum et les pores obstru\u00e9s, tout en respectant l\u2019\u00e9quilibre naturel de la peau gr\u00e2ce \u00e0 son pH physiologique. Le zinc est reconnu pour ses propri\u00e9t\u00e9s antibact\u00e9riennes et anti-inflammatoires, tandis que le cuivre r\u00e9gule la production de s\u00e9bum. Les probiotiques, quant \u00e0 eux, participent \u00e0 renforcer la barri\u00e8re cutan\u00e9e pour une peau plus r\u00e9sistante face aux agressions ext\u00e9rieures.<\/p>\n<p>D\u00e8s le premier rin\u00e7age, la peau est d\u00e9barrass\u00e9e des impuret\u00e9s et particules de pollution (91 % des utilisatrices l\u2019ont constat\u00e9), et le s\u00e9bum est visiblement r\u00e9duit (94 %). Apr\u00e8s 4 semaines d\u2019utilisation, les pores sont resserr\u00e9s, le grain de peau affin\u00e9 (83 %) et les marques d\u2019imperfections att\u00e9nu\u00e9es (98 %).<\/p>\n<p>Ce gel est hypoallerg\u00e9nique, test\u00e9 sous contr\u00f4le dermatologique et convient aux peaux sensibles, faisant de lui un alli\u00e9 id\u00e9al pour une routine visage purifiante tout en douceur.<\/p>\n<p>Conseils d&rsquo;utilisation<br \/>\nUtilisez le Vichy Normaderm Gel Purifiant Intense matin et soir. Appliquez sur le visage humide, faites mousser en massant d\u00e9licatement en \u00e9vitant le contour des yeux, puis rincez abondamment \u00e0 l\u2019eau claire.<\/p>\n<p>Composition<br \/>\nAqua\/Water, Coco-Betaine, Propanediol, PEG-120 Methyl Glucose Dioleate, Sodium Chloride, Sodium Cocoyl Glycinate, Dipropylene Glycol, Zinc Gluconate, Salicylic Acid, Bifida Ferment Lysate, Sodium Hydroxide, Sodium Benzoate, Phenoxyethanol, Copper Gluconate, Caprylyl Glycol, Tetrasodium Glutamate Diacetate, Parfum\/Fragrance<\/p>","protected":false},"excerpt":{"rendered":"<p>Formul\u00e9 avec trois actifs anti-imperfections puissants \u2013 zinc, cuivre et probiotiques \u2013 il agit efficacement sur les impuret\u00e9s, l\u2019exc\u00e8s de s\u00e9bum et&hellip;<\/p>","protected":false},"featured_media":18808,"comment_status":"open","ping_status":"closed","template":"","meta":[],"product_cat":[206,83],"product_tag":[],"yith_product_brand":[162],"class_list":{"0":"post-18809","1":"product","2":"type-product","3":"status-publish","4":"has-post-thumbnail","6":"product_cat-acne","7":"product_cat-soins-visage","8":"yith_product_brand-vichy","10":"first","11":"instock","12":"sale","13":"shipping-taxable","14":"purchasable","15":"product-type-simple"},"_links":{"self":[{"href":"https:\/\/parapharmacieenligne.ma\/en\/wp-json\/wp\/v2\/product\/18809","targetHints":{"allow":["GET"]}}],"collection":[{"href":"https:\/\/parapharmacieenligne.ma\/en\/wp-json\/wp\/v2\/product"}],"about":[{"href":"https:\/\/parapharmacieenligne.ma\/en\/wp-json\/wp\/v2\/types\/product"}],"replies":[{"embeddable":true,"href":"https:\/\/parapharmacieenligne.ma\/en\/wp-json\/wp\/v2\/comments?post=18809"}],"version-history":[{"count":1,"href":"https:\/\/parapharmacieenligne.ma\/en\/wp-json\/wp\/v2\/product\/18809\/revisions"}],"predecessor-version":[{"id":18810,"href":"https:\/\/parapharmacieenligne.ma\/en\/wp-json\/wp\/v2\/product\/18809\/revisions\/18810"}],"wp:featuredmedia":[{"embeddable":true,"href":"https:\/\/parapharmacieenligne.ma\/en\/wp-json\/wp\/v2\/media\/18808"}],"wp:attachment":[{"href":"https:\/\/parapharmacieenligne.ma\/en\/wp-json\/wp\/v2\/media?parent=18809"}],"wp:term":[{"taxonomy":"product_cat","embeddable":true,"href":"https:\/\/parapharmacieenligne.ma\/en\/wp-json\/wp\/v2\/product_cat?post=18809"},{"taxonomy":"product_tag","embeddable":true,"href":"https:\/\/parapharmacieenligne.ma\/en\/wp-json\/wp\/v2\/product_tag?post=18809"},{"taxonomy":"yith_product_brand","embeddable":true,"href":"https:\/\/parapharmacieenligne.ma\/en\/wp-json\/wp\/v2\/yith_product_brand?post=18809"}],"curies":[{"name":"wp","href":"https:\/\/api.w.org\/{rel}","templated":true}]}}