{"id":18824,"date":"2026-03-23T22:02:22","date_gmt":"2026-03-23T21:02:22","guid":{"rendered":"https:\/\/parapharmacieenligne.ma\/?post_type=product&#038;p=18824"},"modified":"2026-03-23T22:02:27","modified_gmt":"2026-03-23T21:02:27","slug":"vichy-deodorant-mineral-aerosol-125-ml","status":"publish","type":"product","link":"https:\/\/parapharmacieenligne.ma\/en\/product\/vichy-deodorant-mineral-aerosol-125-ml\/","title":{"rendered":"VICHY DEODORANT MINERAL AEROSOL 125 ML"},"content":{"rendered":"<p>Sa composition innovante associe des actifs min\u00e9raux puissants et des ingr\u00e9dients apaisants :<\/p>\n<p>Oxyde de magn\u00e9sium et gluconate de zinc, connus pour leurs propri\u00e9t\u00e9s anti-bact\u00e9riennes, limitent la prolif\u00e9ration des bact\u00e9ries responsables des mauvaises odeurs.<\/p>\n<p>Provitamine B5 (panth\u00e9nol), aux vertus r\u00e9paratrices, calme les irritations et hydrate en profondeur.<\/p>\n<p>Acide citrique, qui stabilise le pH cutan\u00e9, am\u00e9liore la tol\u00e9rance du produit sur les peaux fragiles.<\/p>\n<p>Eau thermale de Vichy, riche en min\u00e9raux, renforce la barri\u00e8re cutan\u00e9e et apporte une sensation de fra\u00eecheur imm\u00e9diate.<\/p>\n<p>Sans sels d\u2019aluminium, sans parab\u00e8nes, sans \u00e9thanol et hypoallerg\u00e9nique, ce d\u00e9odorant respecte les peaux les plus sensibles, tout en r\u00e9duisant visiblement les aur\u00e9oles, neutralisant les odeurs et laissant un parfum d\u00e9licat et frais.<\/p>\n<p>Id\u00e9al au quotidien, il ne laisse pas de traces sur les v\u00eatements et convient parfaitement aux personnes sujettes \u00e0 des r\u00e9actions cutan\u00e9es ou intol\u00e9rantes aux d\u00e9odorants classiques.<\/p>\n<p>Conseils d&rsquo;utilisation<br \/>\nAppliquez chaque matin sur des aisselles propres et s\u00e8ches.<\/p>\n<p>Secouez bien avant utilisation.<\/p>\n<p>Maintenez le flacon \u00e0 15 cm de la peau et vaporisez de mani\u00e8re uniforme.<\/p>\n<p>Laissez s\u00e9cher quelques secondes avant de vous habiller.<\/p>\n<p>Composition<br \/>\nIsobutane, Isopropyl Palmitate, Isododecane, Dimethicone, Cocos Nucifera Oil, Magnesium Oxide, Disteardimonium Hectorite, Panthenol, Propylene Carbonate, Dimethiconol, Calcium Carbonate, Sodium Chloride, Magnesium Gluconate, Parfum<\/p>","protected":false},"excerpt":{"rendered":"<p>Sa composition innovante associe des actifs min\u00e9raux puissants et des ingr\u00e9dients apaisants : Oxyde de magn\u00e9sium et gluconate de zinc, connus pour&hellip;<\/p>","protected":false},"featured_media":18823,"comment_status":"open","ping_status":"closed","template":"","meta":[],"product_cat":[85],"product_tag":[],"yith_product_brand":[162],"class_list":{"0":"post-18824","1":"product","2":"type-product","3":"status-publish","4":"has-post-thumbnail","6":"product_cat-soins-corps","7":"yith_product_brand-vichy","9":"first","10":"instock","11":"sale","12":"shipping-taxable","13":"purchasable","14":"product-type-simple"},"_links":{"self":[{"href":"https:\/\/parapharmacieenligne.ma\/en\/wp-json\/wp\/v2\/product\/18824","targetHints":{"allow":["GET"]}}],"collection":[{"href":"https:\/\/parapharmacieenligne.ma\/en\/wp-json\/wp\/v2\/product"}],"about":[{"href":"https:\/\/parapharmacieenligne.ma\/en\/wp-json\/wp\/v2\/types\/product"}],"replies":[{"embeddable":true,"href":"https:\/\/parapharmacieenligne.ma\/en\/wp-json\/wp\/v2\/comments?post=18824"}],"version-history":[{"count":1,"href":"https:\/\/parapharmacieenligne.ma\/en\/wp-json\/wp\/v2\/product\/18824\/revisions"}],"predecessor-version":[{"id":18825,"href":"https:\/\/parapharmacieenligne.ma\/en\/wp-json\/wp\/v2\/product\/18824\/revisions\/18825"}],"wp:featuredmedia":[{"embeddable":true,"href":"https:\/\/parapharmacieenligne.ma\/en\/wp-json\/wp\/v2\/media\/18823"}],"wp:attachment":[{"href":"https:\/\/parapharmacieenligne.ma\/en\/wp-json\/wp\/v2\/media?parent=18824"}],"wp:term":[{"taxonomy":"product_cat","embeddable":true,"href":"https:\/\/parapharmacieenligne.ma\/en\/wp-json\/wp\/v2\/product_cat?post=18824"},{"taxonomy":"product_tag","embeddable":true,"href":"https:\/\/parapharmacieenligne.ma\/en\/wp-json\/wp\/v2\/product_tag?post=18824"},{"taxonomy":"yith_product_brand","embeddable":true,"href":"https:\/\/parapharmacieenligne.ma\/en\/wp-json\/wp\/v2\/yith_product_brand?post=18824"}],"curies":[{"name":"wp","href":"https:\/\/api.w.org\/{rel}","templated":true}]}}