{"id":18914,"date":"2026-03-23T22:36:07","date_gmt":"2026-03-23T21:36:07","guid":{"rendered":"https:\/\/parapharmacieenligne.ma\/?post_type=product&#038;p=18914"},"modified":"2026-03-23T22:36:16","modified_gmt":"2026-03-23T21:36:16","slug":"eptaderm-epta-spot-lait-depigmentant-intensif-100-ml","status":"publish","type":"product","link":"https:\/\/parapharmacieenligne.ma\/en\/product\/eptaderm-epta-spot-lait-depigmentant-intensif-100-ml\/","title":{"rendered":"EPTADERM EPTA SPOT LAIT DEPIGMENTANT INTENSIF 100 ML"},"content":{"rendered":"<p>EPTA SPOT LAIT D\u00e9pigmentant Intensif est un traitement sp\u00e9cifique pour les d\u00e9sordres pigmentaires du corps et du visage. Sa formule compl\u00e8te et innovante, qui combine des actifs hydratants naturels associ\u00e9s aux complexes d&rsquo;actifs d\u00e9pigmentants, a une action exfoliante et blanchissante, qui favorise l&rsquo;\u00e9limination des t\u00e2ches brunes d\u00e9j\u00e0 install\u00e9es et une action hydratante, qui nourrit la peau en profondeur. EPTA SPOT LAIT D\u00e9pigmentant Intensif redonne \u00e0 votre peau souplesse, \u00e9clat et blancheur.<\/p>\n<p>MODE D&rsquo;EMPLOI :<\/p>\n<p>Appliquer EPTA SPOT LAIT D\u00e9pigmentant Intensif une fois par jour, le soir, et masser l\u00e9g\u00e8rement. Sa texture l\u00e9g\u00e8re et non grasse p\u00e9n\u00e8tre rapidement en donnant une sensation de confort d\u00e8s l&rsquo;application et la peau reste hydrat\u00e9e longtemps.<\/p>\n<p>PRECAUTIONS :<\/p>\n<p>Ne pas utiliser chez l&rsquo;enfant moins de 12 ans.<\/p>","protected":false},"excerpt":{"rendered":"<p>EPTA SPOT LAIT D\u00e9pigmentant Intensif est un traitement sp\u00e9cifique pour les d\u00e9sordres pigmentaires du corps et du visage. Sa formule compl\u00e8te et&hellip;<\/p>","protected":false},"featured_media":18913,"comment_status":"open","ping_status":"closed","template":"","meta":[],"product_cat":[83],"product_tag":[],"yith_product_brand":[205],"class_list":{"0":"post-18914","1":"product","2":"type-product","3":"status-publish","4":"has-post-thumbnail","6":"product_cat-soins-visage","7":"yith_product_brand-eptaderm","9":"first","10":"instock","11":"sale","12":"shipping-taxable","13":"purchasable","14":"product-type-simple"},"_links":{"self":[{"href":"https:\/\/parapharmacieenligne.ma\/en\/wp-json\/wp\/v2\/product\/18914","targetHints":{"allow":["GET"]}}],"collection":[{"href":"https:\/\/parapharmacieenligne.ma\/en\/wp-json\/wp\/v2\/product"}],"about":[{"href":"https:\/\/parapharmacieenligne.ma\/en\/wp-json\/wp\/v2\/types\/product"}],"replies":[{"embeddable":true,"href":"https:\/\/parapharmacieenligne.ma\/en\/wp-json\/wp\/v2\/comments?post=18914"}],"version-history":[{"count":1,"href":"https:\/\/parapharmacieenligne.ma\/en\/wp-json\/wp\/v2\/product\/18914\/revisions"}],"predecessor-version":[{"id":18915,"href":"https:\/\/parapharmacieenligne.ma\/en\/wp-json\/wp\/v2\/product\/18914\/revisions\/18915"}],"wp:featuredmedia":[{"embeddable":true,"href":"https:\/\/parapharmacieenligne.ma\/en\/wp-json\/wp\/v2\/media\/18913"}],"wp:attachment":[{"href":"https:\/\/parapharmacieenligne.ma\/en\/wp-json\/wp\/v2\/media?parent=18914"}],"wp:term":[{"taxonomy":"product_cat","embeddable":true,"href":"https:\/\/parapharmacieenligne.ma\/en\/wp-json\/wp\/v2\/product_cat?post=18914"},{"taxonomy":"product_tag","embeddable":true,"href":"https:\/\/parapharmacieenligne.ma\/en\/wp-json\/wp\/v2\/product_tag?post=18914"},{"taxonomy":"yith_product_brand","embeddable":true,"href":"https:\/\/parapharmacieenligne.ma\/en\/wp-json\/wp\/v2\/yith_product_brand?post=18914"}],"curies":[{"name":"wp","href":"https:\/\/api.w.org\/{rel}","templated":true}]}}