{"id":18917,"date":"2026-03-23T22:36:23","date_gmt":"2026-03-23T21:36:23","guid":{"rendered":"https:\/\/parapharmacieenligne.ma\/?post_type=product&#038;p=18917"},"modified":"2026-03-23T22:36:33","modified_gmt":"2026-03-23T21:36:33","slug":"eptaderm-epta-ds-shampooing-etats-sebo-squameux-150-ml","status":"publish","type":"product","link":"https:\/\/parapharmacieenligne.ma\/en\/product\/eptaderm-epta-ds-shampooing-etats-sebo-squameux-150-ml\/","title":{"rendered":"EPTADERM EPTA DS SHAMPOOING ETATS SEBO SQUAMEUX 150 ML"},"content":{"rendered":"<p>EPTA DS shampooig a \u00e9t\u00e9 \u00e9tudi\u00e9 pour le traitement cosm\u00e9tique des \u00e9tats s\u00e9bo-squameux du cuir chevelu. sa formule compl\u00e9te, associant eau des glaciers suisses, octopirox et autres actifs cosm\u00e9tiques, normalise l&rsquo;\u00e9x\u00e9s de s\u00e9bum, a un effet anti-dequamation et calme les rugeurs et les irritations du cuir chevelu.<\/p>\n<p>CONSEILS D&rsquo;UTILISATION :<\/p>\n<p>Masser le cuir chevelu avec EPTA DS shampooing afin de produire une mousse souple. Laisser agir 3 minutes et rincer. En cas de contact avec les yeux, rincer \u00e0 l&rsquo;eau.<\/p>","protected":false},"excerpt":{"rendered":"<p>EPTA DS shampooig a \u00e9t\u00e9 \u00e9tudi\u00e9 pour le traitement cosm\u00e9tique des \u00e9tats s\u00e9bo-squameux du cuir chevelu. sa formule compl\u00e9te, associant eau des&hellip;<\/p>","protected":false},"featured_media":18916,"comment_status":"open","ping_status":"closed","template":"","meta":[],"product_cat":[84],"product_tag":[],"yith_product_brand":[205],"class_list":{"0":"post-18917","1":"product","2":"type-product","3":"status-publish","4":"has-post-thumbnail","6":"product_cat-soins-cheveux","7":"yith_product_brand-eptaderm","9":"first","10":"instock","11":"sale","12":"shipping-taxable","13":"purchasable","14":"product-type-simple"},"_links":{"self":[{"href":"https:\/\/parapharmacieenligne.ma\/en\/wp-json\/wp\/v2\/product\/18917","targetHints":{"allow":["GET"]}}],"collection":[{"href":"https:\/\/parapharmacieenligne.ma\/en\/wp-json\/wp\/v2\/product"}],"about":[{"href":"https:\/\/parapharmacieenligne.ma\/en\/wp-json\/wp\/v2\/types\/product"}],"replies":[{"embeddable":true,"href":"https:\/\/parapharmacieenligne.ma\/en\/wp-json\/wp\/v2\/comments?post=18917"}],"version-history":[{"count":1,"href":"https:\/\/parapharmacieenligne.ma\/en\/wp-json\/wp\/v2\/product\/18917\/revisions"}],"predecessor-version":[{"id":18918,"href":"https:\/\/parapharmacieenligne.ma\/en\/wp-json\/wp\/v2\/product\/18917\/revisions\/18918"}],"wp:featuredmedia":[{"embeddable":true,"href":"https:\/\/parapharmacieenligne.ma\/en\/wp-json\/wp\/v2\/media\/18916"}],"wp:attachment":[{"href":"https:\/\/parapharmacieenligne.ma\/en\/wp-json\/wp\/v2\/media?parent=18917"}],"wp:term":[{"taxonomy":"product_cat","embeddable":true,"href":"https:\/\/parapharmacieenligne.ma\/en\/wp-json\/wp\/v2\/product_cat?post=18917"},{"taxonomy":"product_tag","embeddable":true,"href":"https:\/\/parapharmacieenligne.ma\/en\/wp-json\/wp\/v2\/product_tag?post=18917"},{"taxonomy":"yith_product_brand","embeddable":true,"href":"https:\/\/parapharmacieenligne.ma\/en\/wp-json\/wp\/v2\/yith_product_brand?post=18917"}],"curies":[{"name":"wp","href":"https:\/\/api.w.org\/{rel}","templated":true}]}}