{"id":18920,"date":"2026-03-23T22:36:47","date_gmt":"2026-03-23T21:36:47","guid":{"rendered":"https:\/\/parapharmacieenligne.ma\/?post_type=product&#038;p=18920"},"modified":"2026-03-23T22:36:55","modified_gmt":"2026-03-23T21:36:55","slug":"eptaderm-epta-hair-spray-lotion-anti-chute-100-ml","status":"publish","type":"product","link":"https:\/\/parapharmacieenligne.ma\/en\/product\/eptaderm-epta-hair-spray-lotion-anti-chute-100-ml\/","title":{"rendered":"EPTADERM EPTA HAIR SPRAY LOTION ANTI CHUTE 100 ML"},"content":{"rendered":"<p>EPTA HAIR Lotion est un traitement cosm\u00e9tique sp\u00e9cifique anti chute des cheveuxstimulant la circulation des capillaires situ\u00e9s autour du bulbe. Gr\u00e2ce \u00e0 la synergie de sesprincipes actifs, il ralentit la chute des cheveux et favorise leur r\u00e9g\u00e9n\u00e9ration, leur apportantstructure et vigueur.<\/p>\n<p>FORMULE :<\/p>\n<p>Eau des Glaciers Suisses, riche en oligo-\u00e9l\u00e9ments, pour apaiser rougeurs et prurit;<br \/>\nUr\u00e9e, pour une l\u00e9g\u00e8re action exfoliante et v\u00e9hiculante des principes actifs;<br \/>\nCaff\u00e9ine, pour augmenter la microcirculation du cuir chevelu et stimuler la vitalit\u00e9 dufollicule;<br \/>\nVitamine du groupe B, \u00e0 l\u2019action protectrice et antioxydante;<br \/>\nSabal Serrulata, \u00e0 la propri\u00e9t\u00e9 anti-androg\u00e9nique reconnue;<br \/>\nCucurbita Pepo, pour prot\u00e9ger et pr\u00e9server le follicule pileux.<\/p>\n<p>MODE D&rsquo;EMPLOI :<\/p>\n<p>Appliquer EPTA HAIR lotion 1 fois par jour sur la raie des cheveux, mouill\u00e9s ou secs. Masser d\u00e9licatement. sans rin\u00e7age. En cas de contact avec les yeux rincer \u00e0 l&rsquo;eau. Bien agiter avant l&#8217;emploi.<\/p>","protected":false},"excerpt":{"rendered":"<p>EPTA HAIR Lotion est un traitement cosm\u00e9tique sp\u00e9cifique anti chute des cheveuxstimulant la circulation des capillaires situ\u00e9s autour du bulbe. Gr\u00e2ce \u00e0&hellip;<\/p>","protected":false},"featured_media":18919,"comment_status":"open","ping_status":"closed","template":"","meta":[],"product_cat":[84],"product_tag":[],"yith_product_brand":[205],"class_list":{"0":"post-18920","1":"product","2":"type-product","3":"status-publish","4":"has-post-thumbnail","6":"product_cat-soins-cheveux","7":"yith_product_brand-eptaderm","9":"first","10":"instock","11":"sale","12":"shipping-taxable","13":"purchasable","14":"product-type-simple"},"_links":{"self":[{"href":"https:\/\/parapharmacieenligne.ma\/en\/wp-json\/wp\/v2\/product\/18920","targetHints":{"allow":["GET"]}}],"collection":[{"href":"https:\/\/parapharmacieenligne.ma\/en\/wp-json\/wp\/v2\/product"}],"about":[{"href":"https:\/\/parapharmacieenligne.ma\/en\/wp-json\/wp\/v2\/types\/product"}],"replies":[{"embeddable":true,"href":"https:\/\/parapharmacieenligne.ma\/en\/wp-json\/wp\/v2\/comments?post=18920"}],"version-history":[{"count":1,"href":"https:\/\/parapharmacieenligne.ma\/en\/wp-json\/wp\/v2\/product\/18920\/revisions"}],"predecessor-version":[{"id":18921,"href":"https:\/\/parapharmacieenligne.ma\/en\/wp-json\/wp\/v2\/product\/18920\/revisions\/18921"}],"wp:featuredmedia":[{"embeddable":true,"href":"https:\/\/parapharmacieenligne.ma\/en\/wp-json\/wp\/v2\/media\/18919"}],"wp:attachment":[{"href":"https:\/\/parapharmacieenligne.ma\/en\/wp-json\/wp\/v2\/media?parent=18920"}],"wp:term":[{"taxonomy":"product_cat","embeddable":true,"href":"https:\/\/parapharmacieenligne.ma\/en\/wp-json\/wp\/v2\/product_cat?post=18920"},{"taxonomy":"product_tag","embeddable":true,"href":"https:\/\/parapharmacieenligne.ma\/en\/wp-json\/wp\/v2\/product_tag?post=18920"},{"taxonomy":"yith_product_brand","embeddable":true,"href":"https:\/\/parapharmacieenligne.ma\/en\/wp-json\/wp\/v2\/yith_product_brand?post=18920"}],"curies":[{"name":"wp","href":"https:\/\/api.w.org\/{rel}","templated":true}]}}