{"id":18926,"date":"2026-03-23T22:37:29","date_gmt":"2026-03-23T21:37:29","guid":{"rendered":"https:\/\/parapharmacieenligne.ma\/?post_type=product&#038;p=18926"},"modified":"2026-03-23T22:37:35","modified_gmt":"2026-03-23T21:37:35","slug":"eptaderm-epta-creme-nettoyante-peaux-seches-visage-corps-200-ml","status":"publish","type":"product","link":"https:\/\/parapharmacieenligne.ma\/en\/product\/eptaderm-epta-creme-nettoyante-peaux-seches-visage-corps-200-ml\/","title":{"rendered":"EPTADERM EPTA CREME NETTOYANTE PEAUX SECHES VISAGE CORPS 200 ML"},"content":{"rendered":"<p>EPTA CREME Nettoyant est un traitement cosm\u00e9tique indiqu\u00e9 pour l&rsquo;hygi\u00e8ne quotidienne de la peau s\u00e8che et d\u00e9shydrat\u00e9e du visage et du corps. ses actifs cosm\u00e9tiques ont un effet hydratant et \u00e9molient et respectent l&rsquo;\u00e9quilibre phisiologique cutan\u00e9. Id\u00e9al aussi pour les peaux stress\u00e9es par les traitement pharmacologiques. Formule sans parab\u00e8nes et sans parfum.<\/p>\n<p>MODE D&rsquo;EMPLOI :<\/p>\n<p>Appliquer EPTA CREME Nettoyant sur peau mouill\u00e9e.Rincer  et s\u00e9cher. en cas de contact avec les yeux rincer \u00e0 l&rsquo;eau.<\/p>","protected":false},"excerpt":{"rendered":"<p>EPTA CREME Nettoyant est un traitement cosm\u00e9tique indiqu\u00e9 pour l&rsquo;hygi\u00e8ne quotidienne de la peau s\u00e8che et d\u00e9shydrat\u00e9e du visage et du corps.&hellip;<\/p>","protected":false},"featured_media":18925,"comment_status":"open","ping_status":"closed","template":"","meta":[],"product_cat":[85,83],"product_tag":[],"yith_product_brand":[205],"class_list":{"0":"post-18926","1":"product","2":"type-product","3":"status-publish","4":"has-post-thumbnail","6":"product_cat-soins-corps","7":"product_cat-soins-visage","8":"yith_product_brand-eptaderm","10":"first","11":"instock","12":"sale","13":"shipping-taxable","14":"purchasable","15":"product-type-simple"},"_links":{"self":[{"href":"https:\/\/parapharmacieenligne.ma\/en\/wp-json\/wp\/v2\/product\/18926","targetHints":{"allow":["GET"]}}],"collection":[{"href":"https:\/\/parapharmacieenligne.ma\/en\/wp-json\/wp\/v2\/product"}],"about":[{"href":"https:\/\/parapharmacieenligne.ma\/en\/wp-json\/wp\/v2\/types\/product"}],"replies":[{"embeddable":true,"href":"https:\/\/parapharmacieenligne.ma\/en\/wp-json\/wp\/v2\/comments?post=18926"}],"version-history":[{"count":1,"href":"https:\/\/parapharmacieenligne.ma\/en\/wp-json\/wp\/v2\/product\/18926\/revisions"}],"predecessor-version":[{"id":18927,"href":"https:\/\/parapharmacieenligne.ma\/en\/wp-json\/wp\/v2\/product\/18926\/revisions\/18927"}],"wp:featuredmedia":[{"embeddable":true,"href":"https:\/\/parapharmacieenligne.ma\/en\/wp-json\/wp\/v2\/media\/18925"}],"wp:attachment":[{"href":"https:\/\/parapharmacieenligne.ma\/en\/wp-json\/wp\/v2\/media?parent=18926"}],"wp:term":[{"taxonomy":"product_cat","embeddable":true,"href":"https:\/\/parapharmacieenligne.ma\/en\/wp-json\/wp\/v2\/product_cat?post=18926"},{"taxonomy":"product_tag","embeddable":true,"href":"https:\/\/parapharmacieenligne.ma\/en\/wp-json\/wp\/v2\/product_tag?post=18926"},{"taxonomy":"yith_product_brand","embeddable":true,"href":"https:\/\/parapharmacieenligne.ma\/en\/wp-json\/wp\/v2\/yith_product_brand?post=18926"}],"curies":[{"name":"wp","href":"https:\/\/api.w.org\/{rel}","templated":true}]}}