{"id":18935,"date":"2026-03-23T22:38:20","date_gmt":"2026-03-23T21:38:20","guid":{"rendered":"https:\/\/parapharmacieenligne.ma\/?post_type=product&#038;p=18935"},"modified":"2026-04-21T16:23:49","modified_gmt":"2026-04-21T14:23:49","slug":"eptaderm-epta-spot-serum-depigmentant-nuit-30-ml","status":"publish","type":"product","link":"https:\/\/parapharmacieenligne.ma\/en\/product\/eptaderm-epta-spot-serum-depigmentant-nuit-30-ml\/","title":{"rendered":"EPTADERM EPTA SPOT SERUM DEPIGMENTANT NUIT 30 ML"},"content":{"rendered":"<p>Ce serum d&rsquo;attaque hautement concentr\u00e9 est un traitement d\u00e9pigmentant intensif \u00e0 base d&rsquo;un complexe d&rsquo;actifs concentr\u00e9s qui att\u00e9nue la production excessive de m\u00e9lanine responsable des hyperpigmentations.<\/p>\n<p>L&rsquo;acide glycolique a un effet exfoliant et r\u00e9duit les taches brunes d\u00e9j\u00e0 install\u00e9es et l&rsquo;acide ascorbique \u00e9claire le teint en donnant au visage un aspect uniforme.<\/p>\n<p>Mode d&rsquo;enploi:<\/p>\n<p>appliquer EPTA SPOT s\u00e9rum sur les zones int\u00e9ress\u00e9es 1 fois par jour, uniquement le soir. Ne pas utiliser le jour.<\/p>\n<p>Pr\u00e9cautions:<\/p>\n<p>ne pas utiliser chez l&rsquo;enfant de moins de 12 ans.<\/p>","protected":false},"excerpt":{"rendered":"<p>Ce serum d&rsquo;attaque hautement concentr\u00e9 est un traitement d\u00e9pigmentant intensif \u00e0 base d&rsquo;un complexe d&rsquo;actifs concentr\u00e9s qui att\u00e9nue la production excessive de&hellip;<\/p>","protected":false},"featured_media":18934,"comment_status":"open","ping_status":"closed","template":"","meta":[],"product_cat":[208,83],"product_tag":[],"yith_product_brand":[205],"class_list":{"0":"post-18935","1":"product","2":"type-product","3":"status-publish","4":"has-post-thumbnail","6":"product_cat-anti-taches","7":"product_cat-soins-visage","8":"yith_product_brand-eptaderm","10":"first","11":"instock","12":"sale","13":"shipping-taxable","14":"purchasable","15":"product-type-simple"},"_links":{"self":[{"href":"https:\/\/parapharmacieenligne.ma\/en\/wp-json\/wp\/v2\/product\/18935","targetHints":{"allow":["GET"]}}],"collection":[{"href":"https:\/\/parapharmacieenligne.ma\/en\/wp-json\/wp\/v2\/product"}],"about":[{"href":"https:\/\/parapharmacieenligne.ma\/en\/wp-json\/wp\/v2\/types\/product"}],"replies":[{"embeddable":true,"href":"https:\/\/parapharmacieenligne.ma\/en\/wp-json\/wp\/v2\/comments?post=18935"}],"version-history":[{"count":1,"href":"https:\/\/parapharmacieenligne.ma\/en\/wp-json\/wp\/v2\/product\/18935\/revisions"}],"predecessor-version":[{"id":18936,"href":"https:\/\/parapharmacieenligne.ma\/en\/wp-json\/wp\/v2\/product\/18935\/revisions\/18936"}],"wp:featuredmedia":[{"embeddable":true,"href":"https:\/\/parapharmacieenligne.ma\/en\/wp-json\/wp\/v2\/media\/18934"}],"wp:attachment":[{"href":"https:\/\/parapharmacieenligne.ma\/en\/wp-json\/wp\/v2\/media?parent=18935"}],"wp:term":[{"taxonomy":"product_cat","embeddable":true,"href":"https:\/\/parapharmacieenligne.ma\/en\/wp-json\/wp\/v2\/product_cat?post=18935"},{"taxonomy":"product_tag","embeddable":true,"href":"https:\/\/parapharmacieenligne.ma\/en\/wp-json\/wp\/v2\/product_tag?post=18935"},{"taxonomy":"yith_product_brand","embeddable":true,"href":"https:\/\/parapharmacieenligne.ma\/en\/wp-json\/wp\/v2\/yith_product_brand?post=18935"}],"curies":[{"name":"wp","href":"https:\/\/api.w.org\/{rel}","templated":true}]}}