{"id":18938,"date":"2026-03-23T22:38:53","date_gmt":"2026-03-23T21:38:53","guid":{"rendered":"https:\/\/parapharmacieenligne.ma\/?post_type=product&#038;p=18938"},"modified":"2026-03-23T22:39:17","modified_gmt":"2026-03-23T21:39:17","slug":"eptaderm-epta-pso-50-plus-creme-50-ml","status":"publish","type":"product","link":"https:\/\/parapharmacieenligne.ma\/en\/product\/eptaderm-epta-pso-50-plus-creme-50-ml\/","title":{"rendered":"EPTADERM EPTA PSO 50 PLUS CREME 50 ML"},"content":{"rendered":"<p>EPTA PSO 50 PLUS est une cr\u00e8me cosm\u00e9tique \u00e0 effet k\u00e9rato-r\u00e9ducteur indiqu\u00e9e pour r\u00e9duire les plaques et les \u00e9paississements cutan\u00e9s localis\u00e9s ( pieds, coudes, genoux,ongles&#8230;). Formule sans parabens, sans parfum et son acide salicylique, id\u00e9ale comme adjuvante des th\u00e9rapies pharmacologiques. texture non grasse.<\/p>\n<p>CONSEILS D&rsquo;UTILISATION :<\/p>\n<p>Appliquer EPTA PSO 50 PLUS tous les jours sur les zones concern\u00e9es par un l\u00e9ger massage.R\u00e9p\u00e9ter le traitement cosm\u00e9tique jusqu&rsquo;\u00e0 atteindrel&rsquo;effet d\u00e9sir\u00e9.<\/p>","protected":false},"excerpt":{"rendered":"<p>EPTA PSO 50 PLUS est une cr\u00e8me cosm\u00e9tique \u00e0 effet k\u00e9rato-r\u00e9ducteur indiqu\u00e9e pour r\u00e9duire les plaques et les \u00e9paississements cutan\u00e9s localis\u00e9s (&hellip;<\/p>","protected":false},"featured_media":18937,"comment_status":"open","ping_status":"closed","template":"","meta":[],"product_cat":[85],"product_tag":[],"yith_product_brand":[205],"class_list":{"0":"post-18938","1":"product","2":"type-product","3":"status-publish","4":"has-post-thumbnail","6":"product_cat-soins-corps","7":"yith_product_brand-eptaderm","9":"first","10":"instock","11":"sale","12":"shipping-taxable","13":"purchasable","14":"product-type-simple"},"_links":{"self":[{"href":"https:\/\/parapharmacieenligne.ma\/en\/wp-json\/wp\/v2\/product\/18938","targetHints":{"allow":["GET"]}}],"collection":[{"href":"https:\/\/parapharmacieenligne.ma\/en\/wp-json\/wp\/v2\/product"}],"about":[{"href":"https:\/\/parapharmacieenligne.ma\/en\/wp-json\/wp\/v2\/types\/product"}],"replies":[{"embeddable":true,"href":"https:\/\/parapharmacieenligne.ma\/en\/wp-json\/wp\/v2\/comments?post=18938"}],"version-history":[{"count":1,"href":"https:\/\/parapharmacieenligne.ma\/en\/wp-json\/wp\/v2\/product\/18938\/revisions"}],"predecessor-version":[{"id":18939,"href":"https:\/\/parapharmacieenligne.ma\/en\/wp-json\/wp\/v2\/product\/18938\/revisions\/18939"}],"wp:featuredmedia":[{"embeddable":true,"href":"https:\/\/parapharmacieenligne.ma\/en\/wp-json\/wp\/v2\/media\/18937"}],"wp:attachment":[{"href":"https:\/\/parapharmacieenligne.ma\/en\/wp-json\/wp\/v2\/media?parent=18938"}],"wp:term":[{"taxonomy":"product_cat","embeddable":true,"href":"https:\/\/parapharmacieenligne.ma\/en\/wp-json\/wp\/v2\/product_cat?post=18938"},{"taxonomy":"product_tag","embeddable":true,"href":"https:\/\/parapharmacieenligne.ma\/en\/wp-json\/wp\/v2\/product_tag?post=18938"},{"taxonomy":"yith_product_brand","embeddable":true,"href":"https:\/\/parapharmacieenligne.ma\/en\/wp-json\/wp\/v2\/yith_product_brand?post=18938"}],"curies":[{"name":"wp","href":"https:\/\/api.w.org\/{rel}","templated":true}]}}