{"id":18941,"date":"2026-03-23T22:39:28","date_gmt":"2026-03-23T21:39:28","guid":{"rendered":"https:\/\/parapharmacieenligne.ma\/?post_type=product&#038;p=18941"},"modified":"2026-03-23T22:39:39","modified_gmt":"2026-03-23T21:39:39","slug":"eptaderm-epta-pso-ongles-12ml","status":"publish","type":"product","link":"https:\/\/parapharmacieenligne.ma\/en\/product\/eptaderm-epta-pso-ongles-12ml\/","title":{"rendered":"EPTADERM EPTA PSO ONGLES 12ML"},"content":{"rendered":"<p>Eptaderm epta pso ongles est une solution avec une action r\u00e9g\u00e9n\u00e9rante et restructurante \u00e9tudi\u00e9e pour la r\u00e9gularisation des anomalies ungu\u00e9ales. Sa formule compl\u00e8te est riche de principes actifs qui agissent sur les diverses manifestations d\u00e9sagr\u00e9ables des ongles et contr\u00f4lent leur r\u00e9apparition.<\/p>\n<p>Mode d\u2019emploi:<\/p>\n<p>Appliquer EPTA PSO ONGLES sur l\u2019ongle et sur toute la surface p\u00e9ri-ungu\u00e9ale 1 fois par jour, de pr\u00e9f\u00e9rence le soir. C\u2019est tr\u00e8s important de nettoyer soigneusement la surface \u00e0 traiter avant l\u2019application, pour une parfaite fonctionnalit\u00e9 du traitement. On s\u00e8che rapidement. Lorsqu\u2019il est n\u00e9cessaire, r\u00e9duire les \u00e9paississements de l\u2019ongle avec EPTA PSO 50 PLUS avant de proc\u00e9der \u00e0 l\u2019application de EPTA PSO ONGLES. En cas de contact avec les yeux rincer \u00e0 l\u2019eau.<\/p>","protected":false},"excerpt":{"rendered":"<p>Eptaderm epta pso ongles est une solution avec une action r\u00e9g\u00e9n\u00e9rante et restructurante \u00e9tudi\u00e9e pour la r\u00e9gularisation des anomalies ungu\u00e9ales. Sa formule&hellip;<\/p>","protected":false},"featured_media":18940,"comment_status":"open","ping_status":"closed","template":"","meta":[],"product_cat":[91],"product_tag":[],"yith_product_brand":[205],"class_list":{"0":"post-18941","1":"product","2":"type-product","3":"status-publish","4":"has-post-thumbnail","6":"product_cat-maquillage","7":"yith_product_brand-eptaderm","9":"first","10":"instock","11":"sale","12":"shipping-taxable","13":"purchasable","14":"product-type-simple"},"_links":{"self":[{"href":"https:\/\/parapharmacieenligne.ma\/en\/wp-json\/wp\/v2\/product\/18941","targetHints":{"allow":["GET"]}}],"collection":[{"href":"https:\/\/parapharmacieenligne.ma\/en\/wp-json\/wp\/v2\/product"}],"about":[{"href":"https:\/\/parapharmacieenligne.ma\/en\/wp-json\/wp\/v2\/types\/product"}],"replies":[{"embeddable":true,"href":"https:\/\/parapharmacieenligne.ma\/en\/wp-json\/wp\/v2\/comments?post=18941"}],"version-history":[{"count":1,"href":"https:\/\/parapharmacieenligne.ma\/en\/wp-json\/wp\/v2\/product\/18941\/revisions"}],"predecessor-version":[{"id":18942,"href":"https:\/\/parapharmacieenligne.ma\/en\/wp-json\/wp\/v2\/product\/18941\/revisions\/18942"}],"wp:featuredmedia":[{"embeddable":true,"href":"https:\/\/parapharmacieenligne.ma\/en\/wp-json\/wp\/v2\/media\/18940"}],"wp:attachment":[{"href":"https:\/\/parapharmacieenligne.ma\/en\/wp-json\/wp\/v2\/media?parent=18941"}],"wp:term":[{"taxonomy":"product_cat","embeddable":true,"href":"https:\/\/parapharmacieenligne.ma\/en\/wp-json\/wp\/v2\/product_cat?post=18941"},{"taxonomy":"product_tag","embeddable":true,"href":"https:\/\/parapharmacieenligne.ma\/en\/wp-json\/wp\/v2\/product_tag?post=18941"},{"taxonomy":"yith_product_brand","embeddable":true,"href":"https:\/\/parapharmacieenligne.ma\/en\/wp-json\/wp\/v2\/yith_product_brand?post=18941"}],"curies":[{"name":"wp","href":"https:\/\/api.w.org\/{rel}","templated":true}]}}