{"id":18944,"date":"2026-03-23T22:39:49","date_gmt":"2026-03-23T21:39:49","guid":{"rendered":"https:\/\/parapharmacieenligne.ma\/?post_type=product&#038;p=18944"},"modified":"2026-03-23T22:39:56","modified_gmt":"2026-03-23T21:39:56","slug":"eptaderm-epta-ds-creme-visage-50-ml","status":"publish","type":"product","link":"https:\/\/parapharmacieenligne.ma\/en\/product\/eptaderm-epta-ds-creme-visage-50-ml\/","title":{"rendered":"EPTADERM EPTA DS CREME VISAGE 50 ML"},"content":{"rendered":"<p>EPTA DS Cr\u00e8me SEBO-squameuses VISAGE <\/p>\n<p>indications: pour le traitement des \u00e9tats s\u00e9borrh\u00e9iques et la desquamation de la face.<\/p>\n<p>Comment utiliser: Appliquer 2 fois par jour sur les zones touch\u00e9es pendant 4 semaines. En maintenant l&rsquo;utilisation 3 fois par semaine.<\/p>\n<p>Caract\u00e9ristiques: sa formule compl\u00e8te, gr\u00e2ce \u00e0 la pr\u00e9sence d&rsquo;eau seule station thermale, dell&rsquo;Octopirox edel Rhamnosoft, est en mesure de normaliser l&rsquo;exc\u00e8s de s\u00e9bum et la desquamation et les rougeurs.<\/p>\n<p>Sans paraben et parfum.<\/p>","protected":false},"excerpt":{"rendered":"<p>EPTA DS Cr\u00e8me SEBO-squameuses VISAGE indications: pour le traitement des \u00e9tats s\u00e9borrh\u00e9iques et la desquamation de la face. Comment utiliser: Appliquer 2&hellip;<\/p>","protected":false},"featured_media":18943,"comment_status":"open","ping_status":"closed","template":"","meta":[],"product_cat":[83],"product_tag":[],"yith_product_brand":[205],"class_list":{"0":"post-18944","1":"product","2":"type-product","3":"status-publish","4":"has-post-thumbnail","6":"product_cat-soins-visage","7":"yith_product_brand-eptaderm","9":"first","10":"instock","11":"sale","12":"shipping-taxable","13":"purchasable","14":"product-type-simple"},"_links":{"self":[{"href":"https:\/\/parapharmacieenligne.ma\/en\/wp-json\/wp\/v2\/product\/18944","targetHints":{"allow":["GET"]}}],"collection":[{"href":"https:\/\/parapharmacieenligne.ma\/en\/wp-json\/wp\/v2\/product"}],"about":[{"href":"https:\/\/parapharmacieenligne.ma\/en\/wp-json\/wp\/v2\/types\/product"}],"replies":[{"embeddable":true,"href":"https:\/\/parapharmacieenligne.ma\/en\/wp-json\/wp\/v2\/comments?post=18944"}],"version-history":[{"count":1,"href":"https:\/\/parapharmacieenligne.ma\/en\/wp-json\/wp\/v2\/product\/18944\/revisions"}],"predecessor-version":[{"id":18945,"href":"https:\/\/parapharmacieenligne.ma\/en\/wp-json\/wp\/v2\/product\/18944\/revisions\/18945"}],"wp:featuredmedia":[{"embeddable":true,"href":"https:\/\/parapharmacieenligne.ma\/en\/wp-json\/wp\/v2\/media\/18943"}],"wp:attachment":[{"href":"https:\/\/parapharmacieenligne.ma\/en\/wp-json\/wp\/v2\/media?parent=18944"}],"wp:term":[{"taxonomy":"product_cat","embeddable":true,"href":"https:\/\/parapharmacieenligne.ma\/en\/wp-json\/wp\/v2\/product_cat?post=18944"},{"taxonomy":"product_tag","embeddable":true,"href":"https:\/\/parapharmacieenligne.ma\/en\/wp-json\/wp\/v2\/product_tag?post=18944"},{"taxonomy":"yith_product_brand","embeddable":true,"href":"https:\/\/parapharmacieenligne.ma\/en\/wp-json\/wp\/v2\/yith_product_brand?post=18944"}],"curies":[{"name":"wp","href":"https:\/\/api.w.org\/{rel}","templated":true}]}}