{"id":18947,"date":"2026-03-23T22:40:06","date_gmt":"2026-03-23T21:40:06","guid":{"rendered":"https:\/\/parapharmacieenligne.ma\/?post_type=product&#038;p=18947"},"modified":"2026-04-21T16:55:29","modified_gmt":"2026-04-21T14:55:29","slug":"eptaderm-epta-vtlg-emulsion-regulateur-50-ml","status":"publish","type":"product","link":"https:\/\/parapharmacieenligne.ma\/en\/product\/eptaderm-epta-vtlg-emulsion-regulateur-50-ml\/","title":{"rendered":"EPTADERM EPTA VTLG EMULSION REGULATEUR 50 ML"},"content":{"rendered":"<p>EPTA VTLG est un traitement destin\u00e9 \u00e0 favoriser la r\u00e9gulation d\u00e9pigmentante. Son m\u00e9canisme d\u2019action permet de r\u00e9\u00e9quilibrer le m\u00e9tabolisme cellulaire cutan\u00e9 gr\u00e2ce \u00e0 ses agents anti-oxydants et anti-radicalaires. La formule d\u2019EPTA VTLG permet une excellente tol\u00e9rance cutan\u00e9e. Elle n\u2019est ni grasse et elle p\u00e9n\u00e8tre rapidement.<\/p>\n<p>Conseils d\u2019utilisation<br \/>\nAppliquer EPTA VTLG deux fois par jour (matin et soir) sur les zones touch\u00e9es ainsi que sur les contours de la l\u00e9sion. Masser l\u00e9g\u00e8rement pour lui permettre de p\u00e9n\u00e9trer.<\/p>","protected":false},"excerpt":{"rendered":"<p>EPTA VTLG est un traitement destin\u00e9 \u00e0 favoriser la r\u00e9gulation d\u00e9pigmentante. Son m\u00e9canisme d\u2019action permet de r\u00e9\u00e9quilibrer le m\u00e9tabolisme cellulaire cutan\u00e9 gr\u00e2ce&hellip;<\/p>","protected":false},"featured_media":18946,"comment_status":"open","ping_status":"closed","template":"","meta":[],"product_cat":[208,83],"product_tag":[],"yith_product_brand":[205],"class_list":{"0":"post-18947","1":"product","2":"type-product","3":"status-publish","4":"has-post-thumbnail","6":"product_cat-anti-taches","7":"product_cat-soins-visage","8":"yith_product_brand-eptaderm","10":"first","11":"instock","12":"sale","13":"shipping-taxable","14":"purchasable","15":"product-type-simple"},"_links":{"self":[{"href":"https:\/\/parapharmacieenligne.ma\/en\/wp-json\/wp\/v2\/product\/18947","targetHints":{"allow":["GET"]}}],"collection":[{"href":"https:\/\/parapharmacieenligne.ma\/en\/wp-json\/wp\/v2\/product"}],"about":[{"href":"https:\/\/parapharmacieenligne.ma\/en\/wp-json\/wp\/v2\/types\/product"}],"replies":[{"embeddable":true,"href":"https:\/\/parapharmacieenligne.ma\/en\/wp-json\/wp\/v2\/comments?post=18947"}],"version-history":[{"count":1,"href":"https:\/\/parapharmacieenligne.ma\/en\/wp-json\/wp\/v2\/product\/18947\/revisions"}],"predecessor-version":[{"id":18948,"href":"https:\/\/parapharmacieenligne.ma\/en\/wp-json\/wp\/v2\/product\/18947\/revisions\/18948"}],"wp:featuredmedia":[{"embeddable":true,"href":"https:\/\/parapharmacieenligne.ma\/en\/wp-json\/wp\/v2\/media\/18946"}],"wp:attachment":[{"href":"https:\/\/parapharmacieenligne.ma\/en\/wp-json\/wp\/v2\/media?parent=18947"}],"wp:term":[{"taxonomy":"product_cat","embeddable":true,"href":"https:\/\/parapharmacieenligne.ma\/en\/wp-json\/wp\/v2\/product_cat?post=18947"},{"taxonomy":"product_tag","embeddable":true,"href":"https:\/\/parapharmacieenligne.ma\/en\/wp-json\/wp\/v2\/product_tag?post=18947"},{"taxonomy":"yith_product_brand","embeddable":true,"href":"https:\/\/parapharmacieenligne.ma\/en\/wp-json\/wp\/v2\/yith_product_brand?post=18947"}],"curies":[{"name":"wp","href":"https:\/\/api.w.org\/{rel}","templated":true}]}}