{"id":18959,"date":"2026-03-23T22:41:40","date_gmt":"2026-03-23T21:41:40","guid":{"rendered":"https:\/\/parapharmacieenligne.ma\/?post_type=product&#038;p=18959"},"modified":"2026-03-23T22:41:45","modified_gmt":"2026-03-23T21:41:45","slug":"eptaderm-epta-pso-nettoyant-200-ml","status":"publish","type":"product","link":"https:\/\/parapharmacieenligne.ma\/en\/product\/eptaderm-epta-pso-nettoyant-200-ml\/","title":{"rendered":"EPTADERM EPTA PSO NETTOYANT 200 ML"},"content":{"rendered":"<p>EPTA PSO Nettoyant est un traitement cosm\u00e9tique indiqu\u00e9 pour l\u2019hygi\u00e8ne quotidienne du cuir chevelu et du corps qui favorise la desquamation. Grace \u00e0 sa formule \u00e0 base d\u2019Ur\u00e9e 10%, Eau des Glaciers Suisses, Glyc\u00e9rine et agents conditionnants, EPTA PSO Nettoyant lisse la peau, apaise la d\u00e9mangeaison, att\u00e9nue la tension cutan\u00e9e et respecte la structure des cheveux en les laissant doux et faciles \u00e0 coiffer. Il pr\u00e9pare la peau \u00e0 recevoir les traitements ult\u00e9rieurs. Id\u00e9ale comme adjuvant des th\u00e9rapies dermatologiques.<\/p>","protected":false},"excerpt":{"rendered":"<p>EPTA PSO Nettoyant est un traitement cosm\u00e9tique indiqu\u00e9 pour l\u2019hygi\u00e8ne quotidienne du cuir chevelu et du corps qui favorise la desquamation. Grace&hellip;<\/p>","protected":false},"featured_media":18958,"comment_status":"open","ping_status":"closed","template":"","meta":[],"product_cat":[85],"product_tag":[],"yith_product_brand":[205],"class_list":{"0":"post-18959","1":"product","2":"type-product","3":"status-publish","4":"has-post-thumbnail","6":"product_cat-soins-corps","7":"yith_product_brand-eptaderm","9":"first","10":"instock","11":"sale","12":"shipping-taxable","13":"purchasable","14":"product-type-simple"},"_links":{"self":[{"href":"https:\/\/parapharmacieenligne.ma\/en\/wp-json\/wp\/v2\/product\/18959","targetHints":{"allow":["GET"]}}],"collection":[{"href":"https:\/\/parapharmacieenligne.ma\/en\/wp-json\/wp\/v2\/product"}],"about":[{"href":"https:\/\/parapharmacieenligne.ma\/en\/wp-json\/wp\/v2\/types\/product"}],"replies":[{"embeddable":true,"href":"https:\/\/parapharmacieenligne.ma\/en\/wp-json\/wp\/v2\/comments?post=18959"}],"version-history":[{"count":1,"href":"https:\/\/parapharmacieenligne.ma\/en\/wp-json\/wp\/v2\/product\/18959\/revisions"}],"predecessor-version":[{"id":18960,"href":"https:\/\/parapharmacieenligne.ma\/en\/wp-json\/wp\/v2\/product\/18959\/revisions\/18960"}],"wp:featuredmedia":[{"embeddable":true,"href":"https:\/\/parapharmacieenligne.ma\/en\/wp-json\/wp\/v2\/media\/18958"}],"wp:attachment":[{"href":"https:\/\/parapharmacieenligne.ma\/en\/wp-json\/wp\/v2\/media?parent=18959"}],"wp:term":[{"taxonomy":"product_cat","embeddable":true,"href":"https:\/\/parapharmacieenligne.ma\/en\/wp-json\/wp\/v2\/product_cat?post=18959"},{"taxonomy":"product_tag","embeddable":true,"href":"https:\/\/parapharmacieenligne.ma\/en\/wp-json\/wp\/v2\/product_tag?post=18959"},{"taxonomy":"yith_product_brand","embeddable":true,"href":"https:\/\/parapharmacieenligne.ma\/en\/wp-json\/wp\/v2\/yith_product_brand?post=18959"}],"curies":[{"name":"wp","href":"https:\/\/api.w.org\/{rel}","templated":true}]}}