{"id":18962,"date":"2026-03-23T22:41:52","date_gmt":"2026-03-23T21:41:52","guid":{"rendered":"https:\/\/parapharmacieenligne.ma\/?post_type=product&#038;p=18962"},"modified":"2026-03-23T22:41:59","modified_gmt":"2026-03-23T21:41:59","slug":"eptaderm-epta-ds-spray-50-ml","status":"publish","type":"product","link":"https:\/\/parapharmacieenligne.ma\/en\/product\/eptaderm-epta-ds-spray-50-ml\/","title":{"rendered":"EPTADERM EPTA DS SPRAY 50 ML"},"content":{"rendered":"<p>EPTA DS Spray est un traitement cosm\u00e9tique sp\u00e9cifique des \u00e9tats s\u00e9bo-squameux du cuir chevelu, des zones pileuses et des surfaces \u00e9tendues du corps. EPTA DS Spray r\u00e9gule I\u2019exc\u00e8s de s\u00e9bum, a une action k\u00e9rato-r\u00e9gulatrice et calme les rougeurs.<\/p>\n<p>Conseils d&rsquo;utilisation:<\/p>\n<p>Appliquer EPTA DS Spray deux fois par jour sur les zones int\u00e9ress\u00e9es pour quatre semaines. Appliquer trois fois par semaine pour l\u2019entretien. En cas de contact avec les yeux rincer abondamment \u00e0 I\u2019eau.<\/p>","protected":false},"excerpt":{"rendered":"<p>EPTA DS Spray est un traitement cosm\u00e9tique sp\u00e9cifique des \u00e9tats s\u00e9bo-squameux du cuir chevelu, des zones pileuses et des surfaces \u00e9tendues du&hellip;<\/p>","protected":false},"featured_media":18961,"comment_status":"open","ping_status":"closed","template":"","meta":[],"product_cat":[84],"product_tag":[],"yith_product_brand":[205],"class_list":{"0":"post-18962","1":"product","2":"type-product","3":"status-publish","4":"has-post-thumbnail","6":"product_cat-soins-cheveux","7":"yith_product_brand-eptaderm","9":"first","10":"instock","11":"sale","12":"shipping-taxable","13":"purchasable","14":"product-type-simple"},"_links":{"self":[{"href":"https:\/\/parapharmacieenligne.ma\/en\/wp-json\/wp\/v2\/product\/18962","targetHints":{"allow":["GET"]}}],"collection":[{"href":"https:\/\/parapharmacieenligne.ma\/en\/wp-json\/wp\/v2\/product"}],"about":[{"href":"https:\/\/parapharmacieenligne.ma\/en\/wp-json\/wp\/v2\/types\/product"}],"replies":[{"embeddable":true,"href":"https:\/\/parapharmacieenligne.ma\/en\/wp-json\/wp\/v2\/comments?post=18962"}],"version-history":[{"count":1,"href":"https:\/\/parapharmacieenligne.ma\/en\/wp-json\/wp\/v2\/product\/18962\/revisions"}],"predecessor-version":[{"id":18963,"href":"https:\/\/parapharmacieenligne.ma\/en\/wp-json\/wp\/v2\/product\/18962\/revisions\/18963"}],"wp:featuredmedia":[{"embeddable":true,"href":"https:\/\/parapharmacieenligne.ma\/en\/wp-json\/wp\/v2\/media\/18961"}],"wp:attachment":[{"href":"https:\/\/parapharmacieenligne.ma\/en\/wp-json\/wp\/v2\/media?parent=18962"}],"wp:term":[{"taxonomy":"product_cat","embeddable":true,"href":"https:\/\/parapharmacieenligne.ma\/en\/wp-json\/wp\/v2\/product_cat?post=18962"},{"taxonomy":"product_tag","embeddable":true,"href":"https:\/\/parapharmacieenligne.ma\/en\/wp-json\/wp\/v2\/product_tag?post=18962"},{"taxonomy":"yith_product_brand","embeddable":true,"href":"https:\/\/parapharmacieenligne.ma\/en\/wp-json\/wp\/v2\/yith_product_brand?post=18962"}],"curies":[{"name":"wp","href":"https:\/\/api.w.org\/{rel}","templated":true}]}}