{"id":18965,"date":"2026-03-23T22:45:00","date_gmt":"2026-03-23T21:45:00","guid":{"rendered":"https:\/\/parapharmacieenligne.ma\/?post_type=product&#038;p=18965"},"modified":"2026-03-23T22:45:14","modified_gmt":"2026-03-23T21:45:14","slug":"eptaderm-epta-sun-spf-50-fluide-teinte-medium-50-ml","status":"publish","type":"product","link":"https:\/\/parapharmacieenligne.ma\/en\/product\/eptaderm-epta-sun-spf-50-fluide-teinte-medium-50-ml\/","title":{"rendered":"EPTADERM EPTA SUN SPF 50+ FLUIDE TEINTE MEDIUM 50 ML"},"content":{"rendered":"<p>Sa formule fluide teint\u00e9e \u00ab\u00a0Medium\u00a0\u00bb offre une couvrance l\u00e9g\u00e8re \u00e0 moyenne, id\u00e9ale pour les carnations l\u00e9g\u00e8rement h\u00e2l\u00e9es ou mates. Elle dissimule les rougeurs, imperfections et taches, tout en apportant un effet \u00ab bonne mine \u00bb imm\u00e9diat. Ce fluide constitue ainsi un soin 2-en-1 : il prot\u00e8ge et sublime la peau en un seul geste.<\/p>\n<p>Sp\u00e9cialement formul\u00e9 pour les peaux sensibles ou sujettes au m\u00e9lasma, EPTA SUN aide \u00e0 pr\u00e9venir l\u2019apparition de nouvelles taches et \u00e0 \u00e9viter l\u2019assombrissement des taches existantes, un point essentiel pour les peaux hyperpigment\u00e9es.<\/p>\n<p>Sa texture l\u00e9g\u00e8re, non grasse et non com\u00e9dog\u00e8ne p\u00e9n\u00e8tre rapidement, ne laisse aucun film blanc et offre un confort optimal tout au long de la journ\u00e9e. Il peut \u00eatre utilis\u00e9 seul pour un fini naturel, ou comme base de maquillage protectrice.<\/p>\n<p>Conseils d&rsquo;utilisation<br \/>\nAppliquez une quantit\u00e9 g\u00e9n\u00e9reuse sur le visage propre et sec, 15 \u00e0 20 minutes avant l\u2019exposition au soleil.<\/p>\n<p>Renouvelez l\u2019application toutes les 2 heures, ou apr\u00e8s baignade, transpiration ou usage de serviette.<\/p>\n<p>Utilisation quotidienne recommand\u00e9e pour une protection continue contre le vieillissement photo-induit et les taches.<\/p>","protected":false},"excerpt":{"rendered":"<p>Sa formule fluide teint\u00e9e \u00ab\u00a0Medium\u00a0\u00bb offre une couvrance l\u00e9g\u00e8re \u00e0 moyenne, id\u00e9ale pour les carnations l\u00e9g\u00e8rement h\u00e2l\u00e9es ou mates. Elle dissimule les&hellip;<\/p>","protected":false},"featured_media":18964,"comment_status":"open","ping_status":"closed","template":"","meta":[],"product_cat":[86,83],"product_tag":[],"yith_product_brand":[205],"class_list":{"0":"post-18965","1":"product","2":"type-product","3":"status-publish","4":"has-post-thumbnail","6":"product_cat-protection-solaire","7":"product_cat-soins-visage","8":"yith_product_brand-eptaderm","10":"first","11":"instock","12":"sale","13":"shipping-taxable","14":"purchasable","15":"product-type-simple"},"_links":{"self":[{"href":"https:\/\/parapharmacieenligne.ma\/en\/wp-json\/wp\/v2\/product\/18965","targetHints":{"allow":["GET"]}}],"collection":[{"href":"https:\/\/parapharmacieenligne.ma\/en\/wp-json\/wp\/v2\/product"}],"about":[{"href":"https:\/\/parapharmacieenligne.ma\/en\/wp-json\/wp\/v2\/types\/product"}],"replies":[{"embeddable":true,"href":"https:\/\/parapharmacieenligne.ma\/en\/wp-json\/wp\/v2\/comments?post=18965"}],"version-history":[{"count":1,"href":"https:\/\/parapharmacieenligne.ma\/en\/wp-json\/wp\/v2\/product\/18965\/revisions"}],"predecessor-version":[{"id":18966,"href":"https:\/\/parapharmacieenligne.ma\/en\/wp-json\/wp\/v2\/product\/18965\/revisions\/18966"}],"wp:featuredmedia":[{"embeddable":true,"href":"https:\/\/parapharmacieenligne.ma\/en\/wp-json\/wp\/v2\/media\/18964"}],"wp:attachment":[{"href":"https:\/\/parapharmacieenligne.ma\/en\/wp-json\/wp\/v2\/media?parent=18965"}],"wp:term":[{"taxonomy":"product_cat","embeddable":true,"href":"https:\/\/parapharmacieenligne.ma\/en\/wp-json\/wp\/v2\/product_cat?post=18965"},{"taxonomy":"product_tag","embeddable":true,"href":"https:\/\/parapharmacieenligne.ma\/en\/wp-json\/wp\/v2\/product_tag?post=18965"},{"taxonomy":"yith_product_brand","embeddable":true,"href":"https:\/\/parapharmacieenligne.ma\/en\/wp-json\/wp\/v2\/yith_product_brand?post=18965"}],"curies":[{"name":"wp","href":"https:\/\/api.w.org\/{rel}","templated":true}]}}