{"id":18968,"date":"2026-03-23T22:45:28","date_gmt":"2026-03-23T21:45:28","guid":{"rendered":"https:\/\/parapharmacieenligne.ma\/?post_type=product&#038;p=18968"},"modified":"2026-03-23T22:45:41","modified_gmt":"2026-03-23T21:45:41","slug":"eptaderm-epta-hair-shampooing-energisant-150ml","status":"publish","type":"product","link":"https:\/\/parapharmacieenligne.ma\/en\/product\/eptaderm-epta-hair-shampooing-energisant-150ml\/","title":{"rendered":"EPTADERM EPTA HAIR SHAMPOOING ENERGISANT 150ML"},"content":{"rendered":"<p>Shampooing est un shampooing sp\u00e9cifique anti-chute. sa formule nettoie les cheveux en douceur, Hair shampooing hydrate, renforce et am\u00e9liore la qualit\u00e9 des cheveux.<\/p>\n<p>CONSEILS D&rsquo;UTILISATION :<\/p>\n<p>Appliquer Epta hair shampooing sur le cheveux mouill\u00e9s.<\/p>\n<p>masser d\u00e9licatement tout le cuir chevelu afin de stimuler la micro-circulation, puis rincer. en cas de contact avec les yeux rincer \u00e0 l&rsquo;eau.<\/p>","protected":false},"excerpt":{"rendered":"<p>Shampooing est un shampooing sp\u00e9cifique anti-chute. sa formule nettoie les cheveux en douceur, Hair shampooing hydrate, renforce et am\u00e9liore la qualit\u00e9 des&hellip;<\/p>","protected":false},"featured_media":18967,"comment_status":"open","ping_status":"closed","template":"","meta":[],"product_cat":[84],"product_tag":[],"yith_product_brand":[205],"class_list":{"0":"post-18968","1":"product","2":"type-product","3":"status-publish","4":"has-post-thumbnail","6":"product_cat-soins-cheveux","7":"yith_product_brand-eptaderm","9":"first","10":"instock","11":"sale","12":"shipping-taxable","13":"purchasable","14":"product-type-simple"},"_links":{"self":[{"href":"https:\/\/parapharmacieenligne.ma\/en\/wp-json\/wp\/v2\/product\/18968","targetHints":{"allow":["GET"]}}],"collection":[{"href":"https:\/\/parapharmacieenligne.ma\/en\/wp-json\/wp\/v2\/product"}],"about":[{"href":"https:\/\/parapharmacieenligne.ma\/en\/wp-json\/wp\/v2\/types\/product"}],"replies":[{"embeddable":true,"href":"https:\/\/parapharmacieenligne.ma\/en\/wp-json\/wp\/v2\/comments?post=18968"}],"version-history":[{"count":1,"href":"https:\/\/parapharmacieenligne.ma\/en\/wp-json\/wp\/v2\/product\/18968\/revisions"}],"predecessor-version":[{"id":18969,"href":"https:\/\/parapharmacieenligne.ma\/en\/wp-json\/wp\/v2\/product\/18968\/revisions\/18969"}],"wp:featuredmedia":[{"embeddable":true,"href":"https:\/\/parapharmacieenligne.ma\/en\/wp-json\/wp\/v2\/media\/18967"}],"wp:attachment":[{"href":"https:\/\/parapharmacieenligne.ma\/en\/wp-json\/wp\/v2\/media?parent=18968"}],"wp:term":[{"taxonomy":"product_cat","embeddable":true,"href":"https:\/\/parapharmacieenligne.ma\/en\/wp-json\/wp\/v2\/product_cat?post=18968"},{"taxonomy":"product_tag","embeddable":true,"href":"https:\/\/parapharmacieenligne.ma\/en\/wp-json\/wp\/v2\/product_tag?post=18968"},{"taxonomy":"yith_product_brand","embeddable":true,"href":"https:\/\/parapharmacieenligne.ma\/en\/wp-json\/wp\/v2\/yith_product_brand?post=18968"}],"curies":[{"name":"wp","href":"https:\/\/api.w.org\/{rel}","templated":true}]}}