{"id":18977,"date":"2026-03-23T22:48:54","date_gmt":"2026-03-23T21:48:54","guid":{"rendered":"https:\/\/parapharmacieenligne.ma\/?post_type=product&#038;p=18977"},"modified":"2026-03-23T22:49:08","modified_gmt":"2026-03-23T21:49:08","slug":"eptaderm-epta-ac-nettoyant-exfoliant-sebo-purifiant-visage-et-corps-150ml","status":"publish","type":"product","link":"https:\/\/parapharmacieenligne.ma\/en\/product\/eptaderm-epta-ac-nettoyant-exfoliant-sebo-purifiant-visage-et-corps-150ml\/","title":{"rendered":"EPTADERM EPTA AC NETTOYANT EXFOLIANT SEBO PURIFIANT VISAGE ET CORPS 150ML"},"content":{"rendered":"<p>EPTA AC NETTOYANT EXFOLIANT EST UN TRAITEMENT COSM\u00c9TIQUE INDIQU\u00c9 POUR L&rsquo;HYGI\u00c8NE QUOTIDIENNE DES PEAUX JEUNES \u00c0 PROBL\u00c8MES. LES PRINCIPES ACTIFS ET LES MICROSPH\u00c8RES EXFOLIANTES DANS LA FORMULE ONT UN EFFET PURIFIANT ET S\u00c9BOR\u00c9GULATEUR, EN RESPECTANT LA PHYSIOLOGIE CUTAN\u00c9E ET EN PR\u00c9PARANT LA PEAU \u00c0 RECEVOIR LES TRAITEMENTS SP\u00c9CIFIQUES.FORMULE EAU DES GLACIERS SUISSES, RICHE EN OLIGO-\u00c9L\u00c9MENTS, POUR APAISER LES ROUGEURS ET LES PRURITS . PURISOFT \u00c0 L&rsquo;ACTION PURIFIANTE, FAVORISE LA TRANSPIRATION CUTAN\u00c9E AIDANT AINSI \u00c0 L&rsquo;\u00c9LIMINATION DES MICROPARTICULES OCCLUSIVES. NORMASEB \u00c0 L&rsquo;ACTION NORMALISANTE POUR FAVORISER LE RETOUR \u00c0 UN \u00c9QUILIBRE CUTAN\u00c9 ET RECR\u00c9ER LE FILM HYDROLIPIDIQUE . MICROSPH\u00c8RES DERMO-EXFOLIANTES, POUR LIB\u00c9RER LES PORES OBSTRU\u00c9S PAR UNE L\u00c9G\u00c8RE ACTION EXFOLIANTE ET PURIFIANTE.<\/p>","protected":false},"excerpt":{"rendered":"<p>EPTA AC NETTOYANT EXFOLIANT EST UN TRAITEMENT COSM\u00c9TIQUE INDIQU\u00c9 POUR L&rsquo;HYGI\u00c8NE QUOTIDIENNE DES PEAUX JEUNES \u00c0 PROBL\u00c8MES. LES PRINCIPES ACTIFS ET LES&hellip;<\/p>","protected":false},"featured_media":18976,"comment_status":"open","ping_status":"closed","template":"","meta":[],"product_cat":[85,83],"product_tag":[],"yith_product_brand":[205],"class_list":{"0":"post-18977","1":"product","2":"type-product","3":"status-publish","4":"has-post-thumbnail","6":"product_cat-soins-corps","7":"product_cat-soins-visage","8":"yith_product_brand-eptaderm","10":"first","11":"instock","12":"sale","13":"shipping-taxable","14":"purchasable","15":"product-type-simple"},"_links":{"self":[{"href":"https:\/\/parapharmacieenligne.ma\/en\/wp-json\/wp\/v2\/product\/18977","targetHints":{"allow":["GET"]}}],"collection":[{"href":"https:\/\/parapharmacieenligne.ma\/en\/wp-json\/wp\/v2\/product"}],"about":[{"href":"https:\/\/parapharmacieenligne.ma\/en\/wp-json\/wp\/v2\/types\/product"}],"replies":[{"embeddable":true,"href":"https:\/\/parapharmacieenligne.ma\/en\/wp-json\/wp\/v2\/comments?post=18977"}],"version-history":[{"count":1,"href":"https:\/\/parapharmacieenligne.ma\/en\/wp-json\/wp\/v2\/product\/18977\/revisions"}],"predecessor-version":[{"id":18978,"href":"https:\/\/parapharmacieenligne.ma\/en\/wp-json\/wp\/v2\/product\/18977\/revisions\/18978"}],"wp:featuredmedia":[{"embeddable":true,"href":"https:\/\/parapharmacieenligne.ma\/en\/wp-json\/wp\/v2\/media\/18976"}],"wp:attachment":[{"href":"https:\/\/parapharmacieenligne.ma\/en\/wp-json\/wp\/v2\/media?parent=18977"}],"wp:term":[{"taxonomy":"product_cat","embeddable":true,"href":"https:\/\/parapharmacieenligne.ma\/en\/wp-json\/wp\/v2\/product_cat?post=18977"},{"taxonomy":"product_tag","embeddable":true,"href":"https:\/\/parapharmacieenligne.ma\/en\/wp-json\/wp\/v2\/product_tag?post=18977"},{"taxonomy":"yith_product_brand","embeddable":true,"href":"https:\/\/parapharmacieenligne.ma\/en\/wp-json\/wp\/v2\/yith_product_brand?post=18977"}],"curies":[{"name":"wp","href":"https:\/\/api.w.org\/{rel}","templated":true}]}}