{"id":18983,"date":"2026-03-23T22:49:58","date_gmt":"2026-03-23T21:49:58","guid":{"rendered":"https:\/\/parapharmacieenligne.ma\/?post_type=product&#038;p=18983"},"modified":"2026-03-23T22:50:23","modified_gmt":"2026-03-23T21:50:23","slug":"eptaderm-epta-ac-spf50-toucher-sec-50-ml","status":"publish","type":"product","link":"https:\/\/parapharmacieenligne.ma\/en\/product\/eptaderm-epta-ac-spf50-toucher-sec-50-ml\/","title":{"rendered":"EPTADERM EPTA AC SPF50+ TOUCHER SEC 50 ML"},"content":{"rendered":"<p>La texture touch\u00e9 sec de cette cr\u00e8me offre un fini non gras et confortable, id\u00e9al pour les peaux qui craignent la brillance. Son effet 3-en-1 allie anti-brillance, hydratation et protection, garantissant un confort optimal tout au long de la journ\u00e9e. L\u2019application est rapide et ne laisse aucune sensation collante, ce qui en fait un alli\u00e9 parfait pour les routines beaut\u00e9 quotidiennes. Que ce soit pour une journ\u00e9e \u00e0 la plage, une sortie en ville ou une activit\u00e9 sportive, EPTADERM EPTA AC SPF50+ assure une protection fiable et agr\u00e9able.<\/p>\n<p>Cette cr\u00e8me solaire est \u00e9galement enrichie en ingr\u00e9dients qui apaisent et renforcent la barri\u00e8re cutan\u00e9e, pour une peau prot\u00e9g\u00e9e, douce et \u00e9quilibr\u00e9e. Sa formule a \u00e9t\u00e9 pens\u00e9e pour minimiser les risques d\u2019obstruction des pores, permettant ainsi de pr\u00e9venir l\u2019apparition de boutons ou de points noirs. Pour les peaux \u00e0 tendance acn\u00e9ique, c\u2019est le soin solaire incontournable qui allie efficacit\u00e9 et confort.<\/p>\n<p>Conseils d&rsquo;utilisation<br \/>\nAppliquez uniform\u00e9ment EPTADERM EPTA AC SPF50+ Toucher Sec sur le visage et les zones expos\u00e9es avant chaque exposition au soleil.<\/p>\n<p>Renouvelez l\u2019application r\u00e9guli\u00e8rement, surtout apr\u00e8s baignade, transpiration ou essuyage.<\/p>\n<p>\u00c9vitez le contact direct avec les yeux. En cas de contact, rincez abondamment \u00e0 l\u2019eau claire.<\/p>\n<p>Utilisez quotidiennement pour une protection optimale et une peau prot\u00e9g\u00e9e et saine.<\/p>\n<p>Composition<br \/>\nAqua, benzoate de di\u00e9thylamino hydroxybenzoyl hexyle, bis-\u00e9thylhexyloxyph\u00e9nolm\u00e9thoxyph\u00e9nyl triazine, benzoate d\u2019alkyle en C12-15, \u00e9thylhexyl triazone, acide ph\u00e9nylbenzimidazolesulfonique, triglyc\u00e9ride caprylique\/caprique, adipate de dibutyle, dist\u00e9arate de polyglyc\u00e9ryle-3, laurate d\u2019isoamyle, propyl\u00e8ne glycol, alcool c\u00e9t\u00e9arylique, huile de graines de Ricinus communis, amidon de tapioca, caprylyl glycol, hydroxyde de sodium, maltodextrine, graines d\u2019Helianthus annuus, gomme xanthane, \u00e9thylhexylglyc\u00e9rine, st\u00e9aroyl glutamate de sodium, phosphate disodique, dipropyl\u00e8ne glycol, caprylate de glyc\u00e9ryle, gomme gellane, extrait d\u2019\u00e9corce de Magnolia officinalis, huile de graines de Moringa oleifera, o-cymen-5-ol, ac\u00e9tate de tocoph\u00e9ryle, phytate de sodium, tocoph\u00e9rol, huile de graines d\u2019Helianthus annuus, extrait de gousse de Caesalpinia spinosa, extrait de germe d\u2019Helianthus annuus, benzoate de sodium, palmitate d\u2019ascorbyle, acide citrique.<\/p>","protected":false},"excerpt":{"rendered":"<p>La texture touch\u00e9 sec de cette cr\u00e8me offre un fini non gras et confortable, id\u00e9al pour les peaux qui craignent la brillance.&hellip;<\/p>","protected":false},"featured_media":18982,"comment_status":"open","ping_status":"closed","template":"","meta":[],"product_cat":[86],"product_tag":[],"yith_product_brand":[205],"class_list":{"0":"post-18983","1":"product","2":"type-product","3":"status-publish","4":"has-post-thumbnail","6":"product_cat-protection-solaire","7":"yith_product_brand-eptaderm","9":"first","10":"instock","11":"sale","12":"shipping-taxable","13":"purchasable","14":"product-type-simple"},"_links":{"self":[{"href":"https:\/\/parapharmacieenligne.ma\/en\/wp-json\/wp\/v2\/product\/18983","targetHints":{"allow":["GET"]}}],"collection":[{"href":"https:\/\/parapharmacieenligne.ma\/en\/wp-json\/wp\/v2\/product"}],"about":[{"href":"https:\/\/parapharmacieenligne.ma\/en\/wp-json\/wp\/v2\/types\/product"}],"replies":[{"embeddable":true,"href":"https:\/\/parapharmacieenligne.ma\/en\/wp-json\/wp\/v2\/comments?post=18983"}],"version-history":[{"count":1,"href":"https:\/\/parapharmacieenligne.ma\/en\/wp-json\/wp\/v2\/product\/18983\/revisions"}],"predecessor-version":[{"id":18984,"href":"https:\/\/parapharmacieenligne.ma\/en\/wp-json\/wp\/v2\/product\/18983\/revisions\/18984"}],"wp:featuredmedia":[{"embeddable":true,"href":"https:\/\/parapharmacieenligne.ma\/en\/wp-json\/wp\/v2\/media\/18982"}],"wp:attachment":[{"href":"https:\/\/parapharmacieenligne.ma\/en\/wp-json\/wp\/v2\/media?parent=18983"}],"wp:term":[{"taxonomy":"product_cat","embeddable":true,"href":"https:\/\/parapharmacieenligne.ma\/en\/wp-json\/wp\/v2\/product_cat?post=18983"},{"taxonomy":"product_tag","embeddable":true,"href":"https:\/\/parapharmacieenligne.ma\/en\/wp-json\/wp\/v2\/product_tag?post=18983"},{"taxonomy":"yith_product_brand","embeddable":true,"href":"https:\/\/parapharmacieenligne.ma\/en\/wp-json\/wp\/v2\/yith_product_brand?post=18983"}],"curies":[{"name":"wp","href":"https:\/\/api.w.org\/{rel}","templated":true}]}}