{"id":19267,"date":"2026-04-12T00:24:14","date_gmt":"2026-04-11T22:24:14","guid":{"rendered":"https:\/\/parapharmacieenligne.ma\/?post_type=product&#038;p=19267"},"modified":"2026-04-12T00:24:22","modified_gmt":"2026-04-11T22:24:22","slug":"gum-activital-dentifrice-gel-75ml-ref-6050","status":"publish","type":"product","link":"https:\/\/parapharmacieenligne.ma\/en\/product\/gum-activital-dentifrice-gel-75ml-ref-6050\/","title":{"rendered":"GUM ACTIVITAL DENTIFRICE GEL 75ML REF 6050"},"content":{"rendered":"<p>Sp\u00e9cifiquement con\u00e7u pour pr\u00e9server la sant\u00e9 de vos dents, le dentifrice GUM Activital renforce vos gencives, capte les bact\u00e9ries nocives et prot\u00e8ge ainsi vos dents contre les caries et la formation de la plaque sans pour autant compromettre l\u2019\u00e9quilibre de la flore buccale.<\/p>\n<p>Le dentifrice Gum Activital est formul\u00e9 avec du Coenzyme Q10, caract\u00e9ris\u00e9 par ses propri\u00e9t\u00e9s antioxydantes qui prot\u00e8gent les cellules des radicaux libres. Il contient \u00e9galement de la grenade (riche en potassium, phosphore, magn\u00e9sium, calcium et en vitamines A, B, C et E), du gingembre et du bisabolol (reconnu pour \u00eatre apaisant, r\u00e9g\u00e9n\u00e9rant et purifiant). L&rsquo;isomalt et la forte teneur en fluor (1 450 ppm d\u2019ions fluor) favorisent quant \u00e0 eux la remin\u00e9ralisation de l&rsquo;\u00e9mail et pr\u00e9viennent les caries.<\/p>\n<p>Le plus de ce produit ? Sa formule est douce, il ne contient pas d&rsquo;ingr\u00e9dients agressifs, il est sans sulfates (SLS) et sans paraben.<\/p>\n<p>Indications :<\/p>\n<p>Soin dentaire pour enfants et adultes de 7 ans et plus.<\/p>\n<p>Conseils d&rsquo;utilisation :<\/p>\n<p>Brossez vous les dents apr\u00e8s le dentifrice Gum Activital, apr\u00e8s chaque repas, pendant 2 \u00e0 3 minutes.<\/p>","protected":false},"excerpt":{"rendered":"<p>Sp\u00e9cifiquement con\u00e7u pour pr\u00e9server la sant\u00e9 de vos dents, le dentifrice GUM Activital renforce vos gencives, capte les bact\u00e9ries nocives et prot\u00e8ge&hellip;<\/p>","protected":false},"featured_media":19266,"comment_status":"open","ping_status":"closed","template":"","meta":[],"product_cat":[88],"product_tag":[],"yith_product_brand":[215],"class_list":{"0":"post-19267","1":"product","2":"type-product","3":"status-publish","4":"has-post-thumbnail","6":"product_cat-soins-bucco-dentaires","7":"yith_product_brand-g-u-m","9":"first","10":"instock","11":"sale","12":"shipping-taxable","13":"purchasable","14":"product-type-simple"},"_links":{"self":[{"href":"https:\/\/parapharmacieenligne.ma\/en\/wp-json\/wp\/v2\/product\/19267","targetHints":{"allow":["GET"]}}],"collection":[{"href":"https:\/\/parapharmacieenligne.ma\/en\/wp-json\/wp\/v2\/product"}],"about":[{"href":"https:\/\/parapharmacieenligne.ma\/en\/wp-json\/wp\/v2\/types\/product"}],"replies":[{"embeddable":true,"href":"https:\/\/parapharmacieenligne.ma\/en\/wp-json\/wp\/v2\/comments?post=19267"}],"version-history":[{"count":1,"href":"https:\/\/parapharmacieenligne.ma\/en\/wp-json\/wp\/v2\/product\/19267\/revisions"}],"predecessor-version":[{"id":19268,"href":"https:\/\/parapharmacieenligne.ma\/en\/wp-json\/wp\/v2\/product\/19267\/revisions\/19268"}],"wp:featuredmedia":[{"embeddable":true,"href":"https:\/\/parapharmacieenligne.ma\/en\/wp-json\/wp\/v2\/media\/19266"}],"wp:attachment":[{"href":"https:\/\/parapharmacieenligne.ma\/en\/wp-json\/wp\/v2\/media?parent=19267"}],"wp:term":[{"taxonomy":"product_cat","embeddable":true,"href":"https:\/\/parapharmacieenligne.ma\/en\/wp-json\/wp\/v2\/product_cat?post=19267"},{"taxonomy":"product_tag","embeddable":true,"href":"https:\/\/parapharmacieenligne.ma\/en\/wp-json\/wp\/v2\/product_tag?post=19267"},{"taxonomy":"yith_product_brand","embeddable":true,"href":"https:\/\/parapharmacieenligne.ma\/en\/wp-json\/wp\/v2\/yith_product_brand?post=19267"}],"curies":[{"name":"wp","href":"https:\/\/api.w.org\/{rel}","templated":true}]}}