{"id":19270,"date":"2026-04-12T00:24:29","date_gmt":"2026-04-11T22:24:29","guid":{"rendered":"https:\/\/parapharmacieenligne.ma\/?post_type=product&#038;p=19270"},"modified":"2026-04-12T00:24:39","modified_gmt":"2026-04-11T22:24:39","slug":"gum-dentifrice-gingidex-75-ml-ref-1755","status":"publish","type":"product","link":"https:\/\/parapharmacieenligne.ma\/en\/product\/gum-dentifrice-gingidex-75-ml-ref-1755\/","title":{"rendered":"GUM DENTIFRICE GINGIDEX 75 ML REF 1755"},"content":{"rendered":"<p>Une bonne hygi\u00e8ne bucco-dentaire constitue la meilleure pr\u00e9vention contre la gingivite et la formation de plaque dentaire. Le brossage des dents et l&rsquo;utilisation d&rsquo;un fil dentaire s&rsquo;av\u00e8rent essentiels pour une hygi\u00e8ne optimale, mais cela demeure insuffisant : le dentifrice de pr\u00e9vention quotidienne GUM\u00ae Gingidex\u00ae 0,06 % est id\u00e9al pour pr\u00e9venir l&rsquo;accumulation de la plaque dentaire et fournit une protection durable contre les probl\u00e8mes de gencives. Il \u00e9limine les premiers signes de sensibilit\u00e9 des gencives et de gingivite et pr\u00e9vient la r\u00e9currence des maladies gingivales.<\/p>","protected":false},"excerpt":{"rendered":"<p>Une bonne hygi\u00e8ne bucco-dentaire constitue la meilleure pr\u00e9vention contre la gingivite et la formation de plaque dentaire. Le brossage des dents et&hellip;<\/p>","protected":false},"featured_media":19269,"comment_status":"open","ping_status":"closed","template":"","meta":[],"product_cat":[88],"product_tag":[],"yith_product_brand":[215],"class_list":{"0":"post-19270","1":"product","2":"type-product","3":"status-publish","4":"has-post-thumbnail","6":"product_cat-soins-bucco-dentaires","7":"yith_product_brand-g-u-m","9":"first","10":"instock","11":"sale","12":"shipping-taxable","13":"purchasable","14":"product-type-simple"},"_links":{"self":[{"href":"https:\/\/parapharmacieenligne.ma\/en\/wp-json\/wp\/v2\/product\/19270","targetHints":{"allow":["GET"]}}],"collection":[{"href":"https:\/\/parapharmacieenligne.ma\/en\/wp-json\/wp\/v2\/product"}],"about":[{"href":"https:\/\/parapharmacieenligne.ma\/en\/wp-json\/wp\/v2\/types\/product"}],"replies":[{"embeddable":true,"href":"https:\/\/parapharmacieenligne.ma\/en\/wp-json\/wp\/v2\/comments?post=19270"}],"version-history":[{"count":1,"href":"https:\/\/parapharmacieenligne.ma\/en\/wp-json\/wp\/v2\/product\/19270\/revisions"}],"predecessor-version":[{"id":19271,"href":"https:\/\/parapharmacieenligne.ma\/en\/wp-json\/wp\/v2\/product\/19270\/revisions\/19271"}],"wp:featuredmedia":[{"embeddable":true,"href":"https:\/\/parapharmacieenligne.ma\/en\/wp-json\/wp\/v2\/media\/19269"}],"wp:attachment":[{"href":"https:\/\/parapharmacieenligne.ma\/en\/wp-json\/wp\/v2\/media?parent=19270"}],"wp:term":[{"taxonomy":"product_cat","embeddable":true,"href":"https:\/\/parapharmacieenligne.ma\/en\/wp-json\/wp\/v2\/product_cat?post=19270"},{"taxonomy":"product_tag","embeddable":true,"href":"https:\/\/parapharmacieenligne.ma\/en\/wp-json\/wp\/v2\/product_tag?post=19270"},{"taxonomy":"yith_product_brand","embeddable":true,"href":"https:\/\/parapharmacieenligne.ma\/en\/wp-json\/wp\/v2\/yith_product_brand?post=19270"}],"curies":[{"name":"wp","href":"https:\/\/api.w.org\/{rel}","templated":true}]}}