{"id":19276,"date":"2026-04-12T00:25:01","date_gmt":"2026-04-11T22:25:01","guid":{"rendered":"https:\/\/parapharmacieenligne.ma\/?post_type=product&#038;p=19276"},"modified":"2026-04-12T00:25:10","modified_gmt":"2026-04-11T22:25:10","slug":"gum-dentifrice-kids-3-a-6-ans-ref-3000","status":"publish","type":"product","link":"https:\/\/parapharmacieenligne.ma\/en\/product\/gum-dentifrice-kids-3-a-6-ans-ref-3000\/","title":{"rendered":"GUM DENTIFRICE KIDS 3 A 6 ANS REF 3000"},"content":{"rendered":"<p>FAVORISE LA PR\u00c9VENTION DES CARIES &#8211; Protection contre les attaques acides<\/p>\n<p>\u2022 Sa formulation unique fluor\u00e9e (500 ppm de Fluor) combin\u00e9e \u00e0 l&rsquo;Isomalt agit sur la remin\u00e9ralisation, pour des dents de lait fortes et en bonne sant\u00e9.<\/p>\n<p>\u2022 Au d\u00e9licieux go\u00fbt de fraise.<\/p>","protected":false},"excerpt":{"rendered":"<p>FAVORISE LA PR\u00c9VENTION DES CARIES &#8211; Protection contre les attaques acides \u2022 Sa formulation unique fluor\u00e9e (500 ppm de Fluor) combin\u00e9e \u00e0&hellip;<\/p>","protected":false},"featured_media":19275,"comment_status":"open","ping_status":"closed","template":"","meta":[],"product_cat":[88],"product_tag":[],"yith_product_brand":[215],"class_list":{"0":"post-19276","1":"product","2":"type-product","3":"status-publish","4":"has-post-thumbnail","6":"product_cat-soins-bucco-dentaires","7":"yith_product_brand-g-u-m","9":"first","10":"instock","11":"sale","12":"shipping-taxable","13":"purchasable","14":"product-type-simple"},"_links":{"self":[{"href":"https:\/\/parapharmacieenligne.ma\/en\/wp-json\/wp\/v2\/product\/19276","targetHints":{"allow":["GET"]}}],"collection":[{"href":"https:\/\/parapharmacieenligne.ma\/en\/wp-json\/wp\/v2\/product"}],"about":[{"href":"https:\/\/parapharmacieenligne.ma\/en\/wp-json\/wp\/v2\/types\/product"}],"replies":[{"embeddable":true,"href":"https:\/\/parapharmacieenligne.ma\/en\/wp-json\/wp\/v2\/comments?post=19276"}],"version-history":[{"count":1,"href":"https:\/\/parapharmacieenligne.ma\/en\/wp-json\/wp\/v2\/product\/19276\/revisions"}],"predecessor-version":[{"id":19277,"href":"https:\/\/parapharmacieenligne.ma\/en\/wp-json\/wp\/v2\/product\/19276\/revisions\/19277"}],"wp:featuredmedia":[{"embeddable":true,"href":"https:\/\/parapharmacieenligne.ma\/en\/wp-json\/wp\/v2\/media\/19275"}],"wp:attachment":[{"href":"https:\/\/parapharmacieenligne.ma\/en\/wp-json\/wp\/v2\/media?parent=19276"}],"wp:term":[{"taxonomy":"product_cat","embeddable":true,"href":"https:\/\/parapharmacieenligne.ma\/en\/wp-json\/wp\/v2\/product_cat?post=19276"},{"taxonomy":"product_tag","embeddable":true,"href":"https:\/\/parapharmacieenligne.ma\/en\/wp-json\/wp\/v2\/product_tag?post=19276"},{"taxonomy":"yith_product_brand","embeddable":true,"href":"https:\/\/parapharmacieenligne.ma\/en\/wp-json\/wp\/v2\/yith_product_brand?post=19276"}],"curies":[{"name":"wp","href":"https:\/\/api.w.org\/{rel}","templated":true}]}}