{"id":19279,"date":"2026-04-12T00:25:19","date_gmt":"2026-04-11T22:25:19","guid":{"rendered":"https:\/\/parapharmacieenligne.ma\/?post_type=product&#038;p=19279"},"modified":"2026-04-12T00:25:25","modified_gmt":"2026-04-11T22:25:25","slug":"gum-dentifrice-sensivital-75-ml-ref-6070","status":"publish","type":"product","link":"https:\/\/parapharmacieenligne.ma\/en\/product\/gum-dentifrice-sensivital-75-ml-ref-6070\/","title":{"rendered":"GUM DENTIFRICE SENSIVITAL + 75 ML REF 6070"},"content":{"rendered":"<p>\u2022 Action anti-sensibilit\u00e9 cliniquement prouv\u00e9e gr\u00e2ce \u00e0 la pr\u00e9sence de 5% de Nitrate de Potassium qui r\u00e9duit la r\u00e9ception nerveuse<\/p>\n<p>\u2022 Action anti-bact\u00e9rienne (CPC)<\/p>\n<p>\u2022 Action revitalisante des gencives (Allanto\u00efne, Vitamine E, Aloe Vera et Pro-Vitamine B5)<\/p>\n<p>\u2022 Aide \u00e0 prot\u00e9ger l&rsquo;\u00e9mail des dents (contient 1490 ppm de Fluor et de l&rsquo;Isomalt)<\/p>\n<p>\u2022 Formule tr\u00e8s douce<\/p>\n<p>\u2022 Go\u00fbt agr\u00e9able<\/p>","protected":false},"excerpt":{"rendered":"<p>\u2022 Action anti-sensibilit\u00e9 cliniquement prouv\u00e9e gr\u00e2ce \u00e0 la pr\u00e9sence de 5% de Nitrate de Potassium qui r\u00e9duit la r\u00e9ception nerveuse \u2022 Action&hellip;<\/p>","protected":false},"featured_media":19278,"comment_status":"open","ping_status":"closed","template":"","meta":[],"product_cat":[88],"product_tag":[],"yith_product_brand":[215],"class_list":{"0":"post-19279","1":"product","2":"type-product","3":"status-publish","4":"has-post-thumbnail","6":"product_cat-soins-bucco-dentaires","7":"yith_product_brand-g-u-m","9":"first","10":"instock","11":"sale","12":"shipping-taxable","13":"purchasable","14":"product-type-simple"},"_links":{"self":[{"href":"https:\/\/parapharmacieenligne.ma\/en\/wp-json\/wp\/v2\/product\/19279","targetHints":{"allow":["GET"]}}],"collection":[{"href":"https:\/\/parapharmacieenligne.ma\/en\/wp-json\/wp\/v2\/product"}],"about":[{"href":"https:\/\/parapharmacieenligne.ma\/en\/wp-json\/wp\/v2\/types\/product"}],"replies":[{"embeddable":true,"href":"https:\/\/parapharmacieenligne.ma\/en\/wp-json\/wp\/v2\/comments?post=19279"}],"version-history":[{"count":1,"href":"https:\/\/parapharmacieenligne.ma\/en\/wp-json\/wp\/v2\/product\/19279\/revisions"}],"predecessor-version":[{"id":19280,"href":"https:\/\/parapharmacieenligne.ma\/en\/wp-json\/wp\/v2\/product\/19279\/revisions\/19280"}],"wp:featuredmedia":[{"embeddable":true,"href":"https:\/\/parapharmacieenligne.ma\/en\/wp-json\/wp\/v2\/media\/19278"}],"wp:attachment":[{"href":"https:\/\/parapharmacieenligne.ma\/en\/wp-json\/wp\/v2\/media?parent=19279"}],"wp:term":[{"taxonomy":"product_cat","embeddable":true,"href":"https:\/\/parapharmacieenligne.ma\/en\/wp-json\/wp\/v2\/product_cat?post=19279"},{"taxonomy":"product_tag","embeddable":true,"href":"https:\/\/parapharmacieenligne.ma\/en\/wp-json\/wp\/v2\/product_tag?post=19279"},{"taxonomy":"yith_product_brand","embeddable":true,"href":"https:\/\/parapharmacieenligne.ma\/en\/wp-json\/wp\/v2\/yith_product_brand?post=19279"}],"curies":[{"name":"wp","href":"https:\/\/api.w.org\/{rel}","templated":true}]}}