{"id":19282,"date":"2026-04-12T00:25:33","date_gmt":"2026-04-11T22:25:33","guid":{"rendered":"https:\/\/parapharmacieenligne.ma\/?post_type=product&#038;p=19282"},"modified":"2026-04-12T00:25:40","modified_gmt":"2026-04-11T22:25:40","slug":"gum-dentifrice-special-ortho-75-ml-ref-3080","status":"publish","type":"product","link":"https:\/\/parapharmacieenligne.ma\/en\/product\/gum-dentifrice-special-ortho-75-ml-ref-3080\/","title":{"rendered":"GUM DENTIFRICE SPECIAL ORTHO 75 ML REF 3080"},"content":{"rendered":"<p>\u2022 Sp\u00e9cifiquement formul\u00e9 pour renforcer l&rsquo;\u00e9mail des dents et prot\u00e9ger les gencives des irritations.<\/p>\n<p>\u2022 Favorise la pr\u00e9vention des taches blanches de l&rsquo;\u00e9mail gr\u00e2ce \u00e0 une combinaison unique de Fluor (1490 ppm) et d&rsquo;Isomalt, procurant une remin\u00e9ralisation sup\u00e9rieure de l&rsquo;\u00e9mail dentaire.<\/p>\n<p>\u2022 R\u00e9duit la formation de la plaque gr\u00e2ce \u00e0 l&rsquo;action antibact\u00e9rienne du CPC*<\/p>\n<p>\u2022 Apaise les gencives gr\u00e2ce \u00e0 ses actifs d&rsquo;origine naturelle pr\u00e9venant les irritations (Bisabolol, Extrait de gingembre, Aloe Vera, Vitamine E).<\/p>\n<p>\u2022 Go\u00fbt frais agr\u00e9able &#8211; Menthe verte douce.<\/p>\n<p>\u2022 Ne contient pas de laurylsulfate de sodium pouvant irriter les gencives et les tissus mous.<\/p>\n<p>\u2022 Formul\u00e9 en gel pour une meilleure dispersion autour des brackets.<\/p>\n<p>*Chlorure de C\u00e9tylpyridinium<\/p>","protected":false},"excerpt":{"rendered":"<p>\u2022 Sp\u00e9cifiquement formul\u00e9 pour renforcer l&rsquo;\u00e9mail des dents et prot\u00e9ger les gencives des irritations. \u2022 Favorise la pr\u00e9vention des taches blanches de&hellip;<\/p>","protected":false},"featured_media":19281,"comment_status":"open","ping_status":"closed","template":"","meta":[],"product_cat":[88],"product_tag":[],"yith_product_brand":[215],"class_list":{"0":"post-19282","1":"product","2":"type-product","3":"status-publish","4":"has-post-thumbnail","6":"product_cat-soins-bucco-dentaires","7":"yith_product_brand-g-u-m","9":"first","10":"instock","11":"sale","12":"shipping-taxable","13":"purchasable","14":"product-type-simple"},"_links":{"self":[{"href":"https:\/\/parapharmacieenligne.ma\/en\/wp-json\/wp\/v2\/product\/19282","targetHints":{"allow":["GET"]}}],"collection":[{"href":"https:\/\/parapharmacieenligne.ma\/en\/wp-json\/wp\/v2\/product"}],"about":[{"href":"https:\/\/parapharmacieenligne.ma\/en\/wp-json\/wp\/v2\/types\/product"}],"replies":[{"embeddable":true,"href":"https:\/\/parapharmacieenligne.ma\/en\/wp-json\/wp\/v2\/comments?post=19282"}],"version-history":[{"count":1,"href":"https:\/\/parapharmacieenligne.ma\/en\/wp-json\/wp\/v2\/product\/19282\/revisions"}],"predecessor-version":[{"id":19283,"href":"https:\/\/parapharmacieenligne.ma\/en\/wp-json\/wp\/v2\/product\/19282\/revisions\/19283"}],"wp:featuredmedia":[{"embeddable":true,"href":"https:\/\/parapharmacieenligne.ma\/en\/wp-json\/wp\/v2\/media\/19281"}],"wp:attachment":[{"href":"https:\/\/parapharmacieenligne.ma\/en\/wp-json\/wp\/v2\/media?parent=19282"}],"wp:term":[{"taxonomy":"product_cat","embeddable":true,"href":"https:\/\/parapharmacieenligne.ma\/en\/wp-json\/wp\/v2\/product_cat?post=19282"},{"taxonomy":"product_tag","embeddable":true,"href":"https:\/\/parapharmacieenligne.ma\/en\/wp-json\/wp\/v2\/product_tag?post=19282"},{"taxonomy":"yith_product_brand","embeddable":true,"href":"https:\/\/parapharmacieenligne.ma\/en\/wp-json\/wp\/v2\/yith_product_brand?post=19282"}],"curies":[{"name":"wp","href":"https:\/\/api.w.org\/{rel}","templated":true}]}}