{"id":19285,"date":"2026-04-12T00:25:47","date_gmt":"2026-04-11T22:25:47","guid":{"rendered":"https:\/\/parapharmacieenligne.ma\/?post_type=product&#038;p=19285"},"modified":"2026-04-12T00:25:54","modified_gmt":"2026-04-11T22:25:54","slug":"gum-activital-q10-bain-de-bouche-300ml-ref-6061","status":"publish","type":"product","link":"https:\/\/parapharmacieenligne.ma\/en\/product\/gum-activital-q10-bain-de-bouche-300ml-ref-6061\/","title":{"rendered":"GUM ACTIVITAL Q10 BAIN DE BOUCHE 300ML REF 6061"},"content":{"rendered":"<p>Le bain de bouche Gum Activital est con\u00e7u pour pr\u00e9server la sant\u00e9 de vos dents et de vos gencives. Formul\u00e9 sans alcool ni paraben, il associe :<br \/>\nla grenade qui renforce les gencives gr\u00e2ce \u00e0 ses vertus antioxydantes,<br \/>\nle LAE (Ethyl Lauroyl Arginate) pour son action anti-plaque,<br \/>\nle fluor et l&rsquo;isomalt qui favorisent la remin\u00e9ralisation de l&rsquo;\u00e9mail et la pr\u00e9vention des caries.<\/p>\n<p>Sans alcool &#8211; sans paraben<\/p>\n<p>Ingr\u00e9dients : Aqua, Glycerin, Propylene Glycol, PEG-40 Hydrogenated Castor Oil, Poloxamer 407, Isomalt, Ethyl Lauroyl Arginate HCl, Sodium Benzoate, Aroma, Punica Granatum Fruit Extract, Sucralose, Sodium Fluoride, Bisabolol, Ubiquinone, CI 42090, CI47005, Zingiber Officinale Root Extract, Sodium Citrate, Citric Acid, Potassium Sorbate.<\/p>\n<p>Conseils d&rsquo;utilisation :<\/p>\n<p>Se rincer la bouche 2 fois par jour apr\u00e8s le brossage des dents avec 10-15 ml pendant au moins 30 secondes. Ne pas avaler. Maintenir hors de la port\u00e9e des enfants. Pour adultes et enfants de 10 ans et plus.<\/p>","protected":false},"excerpt":{"rendered":"<p>Le bain de bouche Gum Activital est con\u00e7u pour pr\u00e9server la sant\u00e9 de vos dents et de vos gencives. Formul\u00e9 sans alcool&hellip;<\/p>","protected":false},"featured_media":19284,"comment_status":"open","ping_status":"closed","template":"","meta":[],"product_cat":[88],"product_tag":[],"yith_product_brand":[215],"class_list":{"0":"post-19285","1":"product","2":"type-product","3":"status-publish","4":"has-post-thumbnail","6":"product_cat-soins-bucco-dentaires","7":"yith_product_brand-g-u-m","9":"first","10":"instock","11":"sale","12":"shipping-taxable","13":"purchasable","14":"product-type-simple"},"_links":{"self":[{"href":"https:\/\/parapharmacieenligne.ma\/en\/wp-json\/wp\/v2\/product\/19285","targetHints":{"allow":["GET"]}}],"collection":[{"href":"https:\/\/parapharmacieenligne.ma\/en\/wp-json\/wp\/v2\/product"}],"about":[{"href":"https:\/\/parapharmacieenligne.ma\/en\/wp-json\/wp\/v2\/types\/product"}],"replies":[{"embeddable":true,"href":"https:\/\/parapharmacieenligne.ma\/en\/wp-json\/wp\/v2\/comments?post=19285"}],"version-history":[{"count":1,"href":"https:\/\/parapharmacieenligne.ma\/en\/wp-json\/wp\/v2\/product\/19285\/revisions"}],"predecessor-version":[{"id":19286,"href":"https:\/\/parapharmacieenligne.ma\/en\/wp-json\/wp\/v2\/product\/19285\/revisions\/19286"}],"wp:featuredmedia":[{"embeddable":true,"href":"https:\/\/parapharmacieenligne.ma\/en\/wp-json\/wp\/v2\/media\/19284"}],"wp:attachment":[{"href":"https:\/\/parapharmacieenligne.ma\/en\/wp-json\/wp\/v2\/media?parent=19285"}],"wp:term":[{"taxonomy":"product_cat","embeddable":true,"href":"https:\/\/parapharmacieenligne.ma\/en\/wp-json\/wp\/v2\/product_cat?post=19285"},{"taxonomy":"product_tag","embeddable":true,"href":"https:\/\/parapharmacieenligne.ma\/en\/wp-json\/wp\/v2\/product_tag?post=19285"},{"taxonomy":"yith_product_brand","embeddable":true,"href":"https:\/\/parapharmacieenligne.ma\/en\/wp-json\/wp\/v2\/yith_product_brand?post=19285"}],"curies":[{"name":"wp","href":"https:\/\/api.w.org\/{rel}","templated":true}]}}