{"id":19291,"date":"2026-04-12T00:26:15","date_gmt":"2026-04-11T22:26:15","guid":{"rendered":"https:\/\/parapharmacieenligne.ma\/?post_type=product&#038;p=19291"},"modified":"2026-04-12T00:26:22","modified_gmt":"2026-04-11T22:26:22","slug":"gum-bain-de-bouche-ortho-300-ml-ref-3090","status":"publish","type":"product","link":"https:\/\/parapharmacieenligne.ma\/en\/product\/gum-bain-de-bouche-ortho-300-ml-ref-3090\/","title":{"rendered":"GUM BAIN DE BOUCHE ORTHO 300 ML REF 3090"},"content":{"rendered":"<p>\u2022 Bain de bouche antibact\u00e9rien sp\u00e9cifiquement formul\u00e9 pour renforcer l&rsquo;\u00e9mail des dents et prot\u00e9ger les gencives des irritations<\/p>\n<p>\u2022 Favorise la pr\u00e9vention des taches blanches de l&rsquo;\u00e9mail gr\u00e2ce \u00e0 une combinaison unique de Fluor et d&rsquo;Isomalt, procurant une remin\u00e9ralisation sup\u00e9rieure de l&rsquo;\u00e9mail dentaire.<\/p>\n<p>\u2022 R\u00e9duit la formation de la plaque gr\u00e2ce \u00e0 l&rsquo;action antibact\u00e9rienne du CPC*<\/p>\n<p>\u2022 Apaise les gencives gr\u00e2ce \u00e0 ses actifs d&rsquo;origine naturelle pr\u00e9venant les irritations (Bisabolol, Extrait de gingembre, Aloe Vera, Vitamine E).<\/p>\n<p>*Chlorure de C\u00e9tylpyridinium<\/p>","protected":false},"excerpt":{"rendered":"<p>\u2022 Bain de bouche antibact\u00e9rien sp\u00e9cifiquement formul\u00e9 pour renforcer l&rsquo;\u00e9mail des dents et prot\u00e9ger les gencives des irritations \u2022 Favorise la pr\u00e9vention&hellip;<\/p>","protected":false},"featured_media":19290,"comment_status":"open","ping_status":"closed","template":"","meta":[],"product_cat":[88],"product_tag":[],"yith_product_brand":[215],"class_list":{"0":"post-19291","1":"product","2":"type-product","3":"status-publish","4":"has-post-thumbnail","6":"product_cat-soins-bucco-dentaires","7":"yith_product_brand-g-u-m","9":"first","10":"instock","11":"sale","12":"shipping-taxable","13":"purchasable","14":"product-type-simple"},"_links":{"self":[{"href":"https:\/\/parapharmacieenligne.ma\/en\/wp-json\/wp\/v2\/product\/19291","targetHints":{"allow":["GET"]}}],"collection":[{"href":"https:\/\/parapharmacieenligne.ma\/en\/wp-json\/wp\/v2\/product"}],"about":[{"href":"https:\/\/parapharmacieenligne.ma\/en\/wp-json\/wp\/v2\/types\/product"}],"replies":[{"embeddable":true,"href":"https:\/\/parapharmacieenligne.ma\/en\/wp-json\/wp\/v2\/comments?post=19291"}],"version-history":[{"count":1,"href":"https:\/\/parapharmacieenligne.ma\/en\/wp-json\/wp\/v2\/product\/19291\/revisions"}],"predecessor-version":[{"id":19292,"href":"https:\/\/parapharmacieenligne.ma\/en\/wp-json\/wp\/v2\/product\/19291\/revisions\/19292"}],"wp:featuredmedia":[{"embeddable":true,"href":"https:\/\/parapharmacieenligne.ma\/en\/wp-json\/wp\/v2\/media\/19290"}],"wp:attachment":[{"href":"https:\/\/parapharmacieenligne.ma\/en\/wp-json\/wp\/v2\/media?parent=19291"}],"wp:term":[{"taxonomy":"product_cat","embeddable":true,"href":"https:\/\/parapharmacieenligne.ma\/en\/wp-json\/wp\/v2\/product_cat?post=19291"},{"taxonomy":"product_tag","embeddable":true,"href":"https:\/\/parapharmacieenligne.ma\/en\/wp-json\/wp\/v2\/product_tag?post=19291"},{"taxonomy":"yith_product_brand","embeddable":true,"href":"https:\/\/parapharmacieenligne.ma\/en\/wp-json\/wp\/v2\/yith_product_brand?post=19291"}],"curies":[{"name":"wp","href":"https:\/\/api.w.org\/{rel}","templated":true}]}}