{"id":19294,"date":"2026-04-12T00:26:30","date_gmt":"2026-04-11T22:26:30","guid":{"rendered":"https:\/\/parapharmacieenligne.ma\/?post_type=product&#038;p=19294"},"modified":"2026-04-12T00:26:39","modified_gmt":"2026-04-11T22:26:39","slug":"gum-bain-de-bouche-paroex-300-ml-ref-1784","status":"publish","type":"product","link":"https:\/\/parapharmacieenligne.ma\/en\/product\/gum-bain-de-bouche-paroex-300-ml-ref-1784\/","title":{"rendered":"GUM BAIN DE BOUCHE PAROEX 300 ML REF 1784"},"content":{"rendered":"<p>Le bain de bouche gum paroex traitement d&rsquo;attaque est recommand\u00e9 en accompagnement d&rsquo;un Contr\u00f4le professionnel de la plaque dentaire lors d&rsquo;alt\u00e9rations des tissus parodontaux.<\/p>","protected":false},"excerpt":{"rendered":"<p>Le bain de bouche gum paroex traitement d&rsquo;attaque est recommand\u00e9 en accompagnement d&rsquo;un Contr\u00f4le professionnel de la plaque dentaire lors d&rsquo;alt\u00e9rations des&hellip;<\/p>","protected":false},"featured_media":19293,"comment_status":"open","ping_status":"closed","template":"","meta":[],"product_cat":[88],"product_tag":[],"yith_product_brand":[215],"class_list":{"0":"post-19294","1":"product","2":"type-product","3":"status-publish","4":"has-post-thumbnail","6":"product_cat-soins-bucco-dentaires","7":"yith_product_brand-g-u-m","9":"first","10":"instock","11":"sale","12":"shipping-taxable","13":"purchasable","14":"product-type-simple"},"_links":{"self":[{"href":"https:\/\/parapharmacieenligne.ma\/en\/wp-json\/wp\/v2\/product\/19294","targetHints":{"allow":["GET"]}}],"collection":[{"href":"https:\/\/parapharmacieenligne.ma\/en\/wp-json\/wp\/v2\/product"}],"about":[{"href":"https:\/\/parapharmacieenligne.ma\/en\/wp-json\/wp\/v2\/types\/product"}],"replies":[{"embeddable":true,"href":"https:\/\/parapharmacieenligne.ma\/en\/wp-json\/wp\/v2\/comments?post=19294"}],"version-history":[{"count":1,"href":"https:\/\/parapharmacieenligne.ma\/en\/wp-json\/wp\/v2\/product\/19294\/revisions"}],"predecessor-version":[{"id":19295,"href":"https:\/\/parapharmacieenligne.ma\/en\/wp-json\/wp\/v2\/product\/19294\/revisions\/19295"}],"wp:featuredmedia":[{"embeddable":true,"href":"https:\/\/parapharmacieenligne.ma\/en\/wp-json\/wp\/v2\/media\/19293"}],"wp:attachment":[{"href":"https:\/\/parapharmacieenligne.ma\/en\/wp-json\/wp\/v2\/media?parent=19294"}],"wp:term":[{"taxonomy":"product_cat","embeddable":true,"href":"https:\/\/parapharmacieenligne.ma\/en\/wp-json\/wp\/v2\/product_cat?post=19294"},{"taxonomy":"product_tag","embeddable":true,"href":"https:\/\/parapharmacieenligne.ma\/en\/wp-json\/wp\/v2\/product_tag?post=19294"},{"taxonomy":"yith_product_brand","embeddable":true,"href":"https:\/\/parapharmacieenligne.ma\/en\/wp-json\/wp\/v2\/yith_product_brand?post=19294"}],"curies":[{"name":"wp","href":"https:\/\/api.w.org\/{rel}","templated":true}]}}