{"id":19297,"date":"2026-04-12T00:26:48","date_gmt":"2026-04-11T22:26:48","guid":{"rendered":"https:\/\/parapharmacieenligne.ma\/?post_type=product&#038;p=19297"},"modified":"2026-04-12T00:26:55","modified_gmt":"2026-04-11T22:26:55","slug":"gum-bain-de-bouche-sensivital-300-ml-ref-6081","status":"publish","type":"product","link":"https:\/\/parapharmacieenligne.ma\/en\/product\/gum-bain-de-bouche-sensivital-300-ml-ref-6081\/","title":{"rendered":"GUM BAIN DE BOUCHE SENSIVITAL + 300 ML REF 6081"},"content":{"rendered":"<p>\u2022 Action anti-sensibilit\u00e9 cliniquement prouv\u00e9e gr\u00e2ce \u00e0 la pr\u00e9sence de 5% de Nitrate de Potassium qui r\u00e9duit la r\u00e9ception nerveuse<\/p>\n<p>\u2022 Action revitalisante des gencives (Vitamine E, Aloe Vera et Pro-Vitamine B5)<\/p>\n<p>\u2022 Action anti-bact\u00e9rienne (CPC)<\/p>\n<p>\u2022 Aide \u00e0 prot\u00e9ger l&rsquo;\u00e9mail des dents (contient 250 ppm de Fluor et de l&rsquo;Isomalt)<\/p>\n<p>\u2022 Formule sans alcool r\u00e9duisant les risques d&rsquo;irritation<\/p>\n<p>\u2022 Go\u00fbt agr\u00e9able<\/p>","protected":false},"excerpt":{"rendered":"<p>\u2022 Action anti-sensibilit\u00e9 cliniquement prouv\u00e9e gr\u00e2ce \u00e0 la pr\u00e9sence de 5% de Nitrate de Potassium qui r\u00e9duit la r\u00e9ception nerveuse \u2022 Action&hellip;<\/p>","protected":false},"featured_media":19296,"comment_status":"open","ping_status":"closed","template":"","meta":[],"product_cat":[88],"product_tag":[],"yith_product_brand":[215],"class_list":{"0":"post-19297","1":"product","2":"type-product","3":"status-publish","4":"has-post-thumbnail","6":"product_cat-soins-bucco-dentaires","7":"yith_product_brand-g-u-m","9":"first","10":"instock","11":"sale","12":"shipping-taxable","13":"purchasable","14":"product-type-simple"},"_links":{"self":[{"href":"https:\/\/parapharmacieenligne.ma\/en\/wp-json\/wp\/v2\/product\/19297","targetHints":{"allow":["GET"]}}],"collection":[{"href":"https:\/\/parapharmacieenligne.ma\/en\/wp-json\/wp\/v2\/product"}],"about":[{"href":"https:\/\/parapharmacieenligne.ma\/en\/wp-json\/wp\/v2\/types\/product"}],"replies":[{"embeddable":true,"href":"https:\/\/parapharmacieenligne.ma\/en\/wp-json\/wp\/v2\/comments?post=19297"}],"version-history":[{"count":1,"href":"https:\/\/parapharmacieenligne.ma\/en\/wp-json\/wp\/v2\/product\/19297\/revisions"}],"predecessor-version":[{"id":19298,"href":"https:\/\/parapharmacieenligne.ma\/en\/wp-json\/wp\/v2\/product\/19297\/revisions\/19298"}],"wp:featuredmedia":[{"embeddable":true,"href":"https:\/\/parapharmacieenligne.ma\/en\/wp-json\/wp\/v2\/media\/19296"}],"wp:attachment":[{"href":"https:\/\/parapharmacieenligne.ma\/en\/wp-json\/wp\/v2\/media?parent=19297"}],"wp:term":[{"taxonomy":"product_cat","embeddable":true,"href":"https:\/\/parapharmacieenligne.ma\/en\/wp-json\/wp\/v2\/product_cat?post=19297"},{"taxonomy":"product_tag","embeddable":true,"href":"https:\/\/parapharmacieenligne.ma\/en\/wp-json\/wp\/v2\/product_tag?post=19297"},{"taxonomy":"yith_product_brand","embeddable":true,"href":"https:\/\/parapharmacieenligne.ma\/en\/wp-json\/wp\/v2\/yith_product_brand?post=19297"}],"curies":[{"name":"wp","href":"https:\/\/api.w.org\/{rel}","templated":true}]}}