{"id":19300,"date":"2026-04-12T00:27:05","date_gmt":"2026-04-11T22:27:05","guid":{"rendered":"https:\/\/parapharmacieenligne.ma\/?post_type=product&#038;p=19300"},"modified":"2026-04-12T00:27:12","modified_gmt":"2026-04-11T22:27:12","slug":"gum-aftaclear-bain-de-bouche-aphtes-et-lesions-buccales-120-ml-ref-2410","status":"publish","type":"product","link":"https:\/\/parapharmacieenligne.ma\/en\/product\/gum-aftaclear-bain-de-bouche-aphtes-et-lesions-buccales-120-ml-ref-2410\/","title":{"rendered":"GUM AFTACLEAR BAIN DE BOUCHE APHTES ET LESIONS BUCCALES 120 ML REF 2410"},"content":{"rendered":"<p>GUM<br \/>\nAfta Clea<br \/>\nBain de bouche<br \/>\nSoulagement efficace d\u00e9s la 1\u00e8re application<br \/>\nAphtes et l\u00e9sions buccales<br \/>\n120ml <\/p>\n<p>Lorsque vous avez un aphte, les terminaisons nerveuses juste sous la surface deviennent expos\u00e9es.<br \/>\nElles deviennent alors tr\u00e8s sensibles au contact de nourriture, boisson, air et salive, qui peuvent tous causer une douleur et ralentir le processus de gu\u00e9rison.<br \/>\nAinsi les aphtes peuvent vous emp\u00eacher de pouvoir vous concentrer, de manger, boire et m\u00eame de parler normalement.<\/p>\n<p>La bonne nouvelle est que nous avons une solution : le bain de bouche GUM\u00ae AftaClear\u00ae.<br \/>\nCe bain de bouche agit comme une barri\u00e8re pour prot\u00e9ger la plaie et favoriser la cicatrisation en procurant un soulagement rapide de la douleur.<br \/>\nVous pouvez alors retrouver une vie normale !<\/p>\n<p>Conseils d&rsquo;utilisation<br \/>\nFaire un bain de bouche avec 10ml 2 \u00e0 3 fois par jour, ou plus si n\u00e9cessaire, apr\u00e8s les repas, pendant une semaine ou jusqu&rsquo;\u00e0 disparition des sympt\u00f4mes.<br \/>\nUtilisable chez l&rsquo;adulte et l&rsquo;enfant (de pr\u00e9f\u00e9rence de plus de 6 ans). <\/p>\n<p>Composition<br \/>\nFormule INCI : Sorbitol Aqua, Propanediol, Aqua, Propylene Glycol, Polycarbophii, Mucosave FG (Maltodextrin, Opunctia Ficus Indica Stem Extract, Olea Europaea Leaf Exract), Sodium Hydroxide, Taurine, PVP (Luviskol K90), Geogard Ultra (Gluconolactone, Sodium Benzoate, Calcium Gluconate), Xylitol, Sodium Hyaluronate, SymRelief (Bisabolol, Zingiber Officinalis Root Extract), Sucralose, Aroma, Stevia Rebaudiana Extract, Colourants (CI 19140, CI 42090).<\/p>\n<p>Ces dispositifs m\u00e9dicaux sont des produits de sant\u00e9 r\u00e9glement\u00e9s qui portent, au titre de cette r\u00e9glementation, le marquage CE.<br \/>\nLire attentivement la notice.<br \/>\nN&rsquo;h\u00e9sitez pas \u00e0 demander conseil \u00e0 votre dentiste ou \u00e0 votre pharmacien.<\/p>\n<p>Sans alcool.<br \/>\nSans sucre.<br \/>\nSans paraben.<br \/>\nNe pique pas. Ne br\u00fble pas.<br \/>\nN&rsquo;engourdit pas la bouche.<br \/>\nFacile \u00e0 appliquer gr\u00e2ce \u00e0 sa pompe multi-directionnelle pour une application cibl\u00e9e et un maximum d&rsquo;hygi\u00e8ne.<br \/>\nPeut \u00eatre utilis\u00e9 pour le traitement des aphtes et des petites l\u00e9sions de la muqueuse telles les blessures li\u00e9es aux appareils orthodontiques, les irritations caus\u00e9es par les proth\u00e8ses et les br\u00fblures mineures.<\/p>\n<p>La liste des ingr\u00e9dients peut \u00eatre soumise \u00e0 des variations, nous vous conseillons de toujours v\u00e9rifier la liste figurant sur le produit achet\u00e9.<\/p>","protected":false},"excerpt":{"rendered":"<p>GUM Afta Clea Bain de bouche Soulagement efficace d\u00e9s la 1\u00e8re application Aphtes et l\u00e9sions buccales 120ml Lorsque vous avez un aphte,&hellip;<\/p>","protected":false},"featured_media":19299,"comment_status":"open","ping_status":"closed","template":"","meta":[],"product_cat":[88],"product_tag":[],"yith_product_brand":[215],"class_list":{"0":"post-19300","1":"product","2":"type-product","3":"status-publish","4":"has-post-thumbnail","6":"product_cat-soins-bucco-dentaires","7":"yith_product_brand-g-u-m","9":"first","10":"instock","11":"sale","12":"shipping-taxable","13":"purchasable","14":"product-type-simple"},"_links":{"self":[{"href":"https:\/\/parapharmacieenligne.ma\/en\/wp-json\/wp\/v2\/product\/19300","targetHints":{"allow":["GET"]}}],"collection":[{"href":"https:\/\/parapharmacieenligne.ma\/en\/wp-json\/wp\/v2\/product"}],"about":[{"href":"https:\/\/parapharmacieenligne.ma\/en\/wp-json\/wp\/v2\/types\/product"}],"replies":[{"embeddable":true,"href":"https:\/\/parapharmacieenligne.ma\/en\/wp-json\/wp\/v2\/comments?post=19300"}],"version-history":[{"count":1,"href":"https:\/\/parapharmacieenligne.ma\/en\/wp-json\/wp\/v2\/product\/19300\/revisions"}],"predecessor-version":[{"id":19301,"href":"https:\/\/parapharmacieenligne.ma\/en\/wp-json\/wp\/v2\/product\/19300\/revisions\/19301"}],"wp:featuredmedia":[{"embeddable":true,"href":"https:\/\/parapharmacieenligne.ma\/en\/wp-json\/wp\/v2\/media\/19299"}],"wp:attachment":[{"href":"https:\/\/parapharmacieenligne.ma\/en\/wp-json\/wp\/v2\/media?parent=19300"}],"wp:term":[{"taxonomy":"product_cat","embeddable":true,"href":"https:\/\/parapharmacieenligne.ma\/en\/wp-json\/wp\/v2\/product_cat?post=19300"},{"taxonomy":"product_tag","embeddable":true,"href":"https:\/\/parapharmacieenligne.ma\/en\/wp-json\/wp\/v2\/product_tag?post=19300"},{"taxonomy":"yith_product_brand","embeddable":true,"href":"https:\/\/parapharmacieenligne.ma\/en\/wp-json\/wp\/v2\/yith_product_brand?post=19300"}],"curies":[{"name":"wp","href":"https:\/\/api.w.org\/{rel}","templated":true}]}}