{"id":19303,"date":"2026-04-12T00:27:21","date_gmt":"2026-04-11T22:27:21","guid":{"rendered":"https:\/\/parapharmacieenligne.ma\/?post_type=product&#038;p=19303"},"modified":"2026-04-12T00:27:27","modified_gmt":"2026-04-11T22:27:27","slug":"gum-fil-dentaire-fine-floss-cire-espaces-etroits-ref-1555","status":"publish","type":"product","link":"https:\/\/parapharmacieenligne.ma\/en\/product\/gum-fil-dentaire-fine-floss-cire-espaces-etroits-ref-1555\/","title":{"rendered":"GUM FIL DENTAIRE FINE FLOSS CIRE ESPACES ETROITS REF 1555"},"content":{"rendered":"<p>GUM<br \/>\nButlerweave<br \/>\nFil dentaire cir\u00e9<br \/>\n55m<\/p>\n<p>Le fil dentaire cir\u00e9 Fine Floss de la marque GUM permet de nettoyer les espaces entre les dents difficiles d&rsquo;acc\u00e8s.<br \/>\nLe fil est enti\u00e8rement constitu\u00e9 de filaments tress\u00e9s afin d&rsquo;\u00e9liminer en profondeur la plaque dentaire.<br \/>\nIl est enti\u00e8rement cir\u00e9 et mesure 55m. <\/p>\n<p>Conseils d&rsquo;utilisation<br \/>\nPlacez le fil dentaire Butlerweave entre les dents. <\/p>\n<p>Composition<br \/>\nComposition : fil dentaire de 55m.<\/p>","protected":false},"excerpt":{"rendered":"<p>GUM Butlerweave Fil dentaire cir\u00e9 55m Le fil dentaire cir\u00e9 Fine Floss de la marque GUM permet de nettoyer les espaces entre&hellip;<\/p>","protected":false},"featured_media":19302,"comment_status":"open","ping_status":"closed","template":"","meta":[],"product_cat":[88],"product_tag":[],"yith_product_brand":[215],"class_list":{"0":"post-19303","1":"product","2":"type-product","3":"status-publish","4":"has-post-thumbnail","6":"product_cat-soins-bucco-dentaires","7":"yith_product_brand-g-u-m","9":"first","10":"instock","11":"sale","12":"shipping-taxable","13":"purchasable","14":"product-type-simple"},"_links":{"self":[{"href":"https:\/\/parapharmacieenligne.ma\/en\/wp-json\/wp\/v2\/product\/19303","targetHints":{"allow":["GET"]}}],"collection":[{"href":"https:\/\/parapharmacieenligne.ma\/en\/wp-json\/wp\/v2\/product"}],"about":[{"href":"https:\/\/parapharmacieenligne.ma\/en\/wp-json\/wp\/v2\/types\/product"}],"replies":[{"embeddable":true,"href":"https:\/\/parapharmacieenligne.ma\/en\/wp-json\/wp\/v2\/comments?post=19303"}],"version-history":[{"count":1,"href":"https:\/\/parapharmacieenligne.ma\/en\/wp-json\/wp\/v2\/product\/19303\/revisions"}],"predecessor-version":[{"id":19304,"href":"https:\/\/parapharmacieenligne.ma\/en\/wp-json\/wp\/v2\/product\/19303\/revisions\/19304"}],"wp:featuredmedia":[{"embeddable":true,"href":"https:\/\/parapharmacieenligne.ma\/en\/wp-json\/wp\/v2\/media\/19302"}],"wp:attachment":[{"href":"https:\/\/parapharmacieenligne.ma\/en\/wp-json\/wp\/v2\/media?parent=19303"}],"wp:term":[{"taxonomy":"product_cat","embeddable":true,"href":"https:\/\/parapharmacieenligne.ma\/en\/wp-json\/wp\/v2\/product_cat?post=19303"},{"taxonomy":"product_tag","embeddable":true,"href":"https:\/\/parapharmacieenligne.ma\/en\/wp-json\/wp\/v2\/product_tag?post=19303"},{"taxonomy":"yith_product_brand","embeddable":true,"href":"https:\/\/parapharmacieenligne.ma\/en\/wp-json\/wp\/v2\/yith_product_brand?post=19303"}],"curies":[{"name":"wp","href":"https:\/\/api.w.org\/{rel}","templated":true}]}}