{"id":19306,"date":"2026-04-12T00:27:35","date_gmt":"2026-04-11T22:27:35","guid":{"rendered":"https:\/\/parapharmacieenligne.ma\/?post_type=product&#038;p=19306"},"modified":"2026-04-12T00:27:41","modified_gmt":"2026-04-11T22:27:41","slug":"gum-manche-par-6-unites-avec-brosettes-ultra-micro-fine-0-7-mm-ref-2114","status":"publish","type":"product","link":"https:\/\/parapharmacieenligne.ma\/en\/product\/gum-manche-par-6-unites-avec-brosettes-ultra-micro-fine-0-7-mm-ref-2114\/","title":{"rendered":"GUM MANCHE PAR 6 UNITES AVEC BROSETTES ULTRA MICRO FINE 0.7 MM REF 2114"},"content":{"rendered":"<p>Efficace pour parfaire le brossage quotidien des espaces \u00e9troits difficiles d&rsquo;acc\u00e8s aux brosses dentaires quotidiennes, la brossette interdentaire Proxabrush Bi Direction conique est dot\u00e9e d&rsquo;une extr\u00e9mit\u00e9 arrondie avec un manche antid\u00e9rapant et plus maniable pour un brossage efficace. Extr\u00e9mit\u00e9 arrondie sur hampe m\u00e9tallique torsad\u00e9e en mangan\u00e8se qui accro\u00eet la dur\u00e9e de vie de la brossette. Manche avec bouton poussoir pour orienter plus facilement la brossette vers les espaces interdentaires post\u00e9rieurs et ant\u00e9rieurs. Livr\u00e9e avec 1 capuchon de protection. Conditionnement : carte blister.<\/p>\n<p>Utiliser les brossettes interdentaires apr\u00e8s le brossage quotidien.<\/p>","protected":false},"excerpt":{"rendered":"<p>Efficace pour parfaire le brossage quotidien des espaces \u00e9troits difficiles d&rsquo;acc\u00e8s aux brosses dentaires quotidiennes, la brossette interdentaire Proxabrush Bi Direction conique&hellip;<\/p>","protected":false},"featured_media":19305,"comment_status":"open","ping_status":"closed","template":"","meta":[],"product_cat":[88],"product_tag":[],"yith_product_brand":[215],"class_list":{"0":"post-19306","1":"product","2":"type-product","3":"status-publish","4":"has-post-thumbnail","6":"product_cat-soins-bucco-dentaires","7":"yith_product_brand-g-u-m","9":"first","10":"instock","11":"sale","12":"shipping-taxable","13":"purchasable","14":"product-type-simple"},"_links":{"self":[{"href":"https:\/\/parapharmacieenligne.ma\/en\/wp-json\/wp\/v2\/product\/19306","targetHints":{"allow":["GET"]}}],"collection":[{"href":"https:\/\/parapharmacieenligne.ma\/en\/wp-json\/wp\/v2\/product"}],"about":[{"href":"https:\/\/parapharmacieenligne.ma\/en\/wp-json\/wp\/v2\/types\/product"}],"replies":[{"embeddable":true,"href":"https:\/\/parapharmacieenligne.ma\/en\/wp-json\/wp\/v2\/comments?post=19306"}],"version-history":[{"count":1,"href":"https:\/\/parapharmacieenligne.ma\/en\/wp-json\/wp\/v2\/product\/19306\/revisions"}],"predecessor-version":[{"id":19307,"href":"https:\/\/parapharmacieenligne.ma\/en\/wp-json\/wp\/v2\/product\/19306\/revisions\/19307"}],"wp:featuredmedia":[{"embeddable":true,"href":"https:\/\/parapharmacieenligne.ma\/en\/wp-json\/wp\/v2\/media\/19305"}],"wp:attachment":[{"href":"https:\/\/parapharmacieenligne.ma\/en\/wp-json\/wp\/v2\/media?parent=19306"}],"wp:term":[{"taxonomy":"product_cat","embeddable":true,"href":"https:\/\/parapharmacieenligne.ma\/en\/wp-json\/wp\/v2\/product_cat?post=19306"},{"taxonomy":"product_tag","embeddable":true,"href":"https:\/\/parapharmacieenligne.ma\/en\/wp-json\/wp\/v2\/product_tag?post=19306"},{"taxonomy":"yith_product_brand","embeddable":true,"href":"https:\/\/parapharmacieenligne.ma\/en\/wp-json\/wp\/v2\/yith_product_brand?post=19306"}],"curies":[{"name":"wp","href":"https:\/\/api.w.org\/{rel}","templated":true}]}}